{"id":1788,"date":"2020-12-05T17:19:31","date_gmt":"2020-12-05T17:19:31","guid":{"rendered":"https:\/\/em-tek.hu\/?page_id=1788"},"modified":"2024-04-26T19:15:23","modified_gmt":"2024-04-26T19:15:23","slug":"about-us","status":"publish","type":"page","link":"https:\/\/em-tek.hu\/en\/about-us\/","title":{"rendered":"About us"},"content":{"rendered":"<p>[vc_row][vc_column][vc_column_text]<\/p>\n<h1 style=\"text-align: center;\"><span style=\"font-family: 'Arial Black', 'Avant Garde';\">EM-TEK Ltd. \u2013 for clean environment since 1993<\/span><\/h1>\n<p style=\"text-align: center;\"><span style=\"font-size: 14pt; font-family: Helvetica;\"> Em-tek Ltd. has reached significant success in sphere of air filtration tecnology, liquid filtration, laundry textiles, woven mesh, milling accessories since it was established in 1993. Also gained leading position in many of them which is proven by its referecies.<\/span><\/p>\n<p>[\/vc_column_text][vc_empty_space][\/vc_column][\/vc_row][vc_row full_width=&#8221;stretch_row&#8221; css=&#8221;.vc_custom_1605883408099{background-color: #a3a3a3 !important;}&#8221;][vc_column][vc_row_inner][vc_column_inner width=&#8221;1\/2&#8243;][vc_column_text]<\/p>\n<p style=\"text-align: justify;\"><span style=\"font-weight: 400; font-size: 14pt;\">EM-TEK Kft. has reached significant success since its establishment regarding producing and turning over air filters, liquid filters, sieve cloths, milling accessories and laundry textiles. On certain fields of activity our firm has gained leading position, which is justified by its references.<\/span><\/p>\n<p style=\"text-align: justify;\"><span style=\"font-weight: 400; font-size: 14pt;\">Our firm was established in 1993 from exclusively private capital whose activity was export-import at the beginning. Then the firm was continuously developing, growing adjusting to the changing demands of the market. This was represented mainly by extension of field of activity.<\/span><\/p>\n<p style=\"text-align: justify;\"><span style=\"font-weight: 400; font-size: 14pt;\">Year 1996 was a turning \u2013point, since when our firm has been operating under the name of EM-TEK Industrial and Commercial Ltd. Besides wholesale we started production of filter bags used in dust collector equipment. During the past years sectors of our production has been extended with liquid filters, filter belts and ready-made sewing of textile products for various industrial equipment.<\/span><\/p>\n<p>[\/vc_column_text][\/vc_column_inner][vc_column_inner width=&#8221;1\/2&#8243;][vc_column_text]<iframe loading=\"lazy\" title=\"YouTube video player\" src=\"https:\/\/www.youtube.com\/embed\/k6scdhvPUH4?si=ShwPj6XUVaO9T4vt&amp;controls=0\" width=\"560\" height=\"315\" frameborder=\"0\" allowfullscreen=\"allowfullscreen\"><\/iframe>[\/vc_column_text][\/vc_column_inner][\/vc_row_inner][vc_column_text]<\/p>\n<p style=\"text-align: justify;\"><span style=\"font-weight: 400; font-size: 14pt;\">As a corollary to adjusting to the changes in the market and measuring up to the challenges in May of 2004 a new building with offices and warehouse was transferred in Gy\u0151r\u00fajbar\u00e1t industrial site, which is easy to approach.<\/span><\/p>\n<p style=\"text-align: justify;\"><span style=\"font-weight: 400; font-size: 14pt;\">After having mapped domestic opportunities in 2005 our firm started expansion to foreign primarily Eastern European markets. As a result we established first a Slovakian and then in 2007 a Romanian representative. A corollary to fast expansion of Romanian market in 2009 we established an own firm called SC Ecofiltration S.R.L.<\/span><\/p>\n<p style=\"text-align: justify;\"><span style=\"font-weight: 400; font-size: 14pt;\">Basic target of our firm is to meet the growing demands of the market and the more and more stricter environmental regulations with requirements of our clients in view.<\/span><\/p>\n<p>[\/vc_column_text][\/vc_column][\/vc_row][vc_row][vc_column][vc_separator style=&#8221;shadow&#8221;][vc_column_text]<\/p>\n<h1 style=\"text-align: center;\">OUR PARTNERS<\/h1>\n<p>[\/vc_column_text][vc_separator style=&#8221;shadow&#8221;][vc_row_inner][vc_column_inner width=&#8221;1\/3&#8243;][vc_column_text]<\/p>\n<p><img loading=\"lazy\" decoding=\"async\" class=\"size-full wp-image-152 aligncenter\" src=\"https:\/\/em-tek.hu\/wp-content\/uploads\/2020\/10\/Clear-edge_100.jpg\" alt=\"\" width=\"282\" height=\"100\" \/><\/p>\n<p>[\/vc_column_text][\/vc_column_inner][vc_column_inner width=&#8221;1\/3&#8243;][vc_column_text]<\/p>\n<p><img loading=\"lazy\" decoding=\"async\" class=\"size-medium wp-image-154 aligncenter\" src=\"https:\/\/em-tek.hu\/wp-content\/uploads\/2020\/10\/muhlen-logo_100-300x78.png\" alt=\"\" width=\"300\" height=\"78\" srcset=\"https:\/\/em-tek.hu\/wp-content\/uploads\/2020\/10\/muhlen-logo_100-300x78.png 300w, https:\/\/em-tek.hu\/wp-content\/uploads\/2020\/10\/muhlen-logo_100.png 383w\" sizes=\"auto, (max-width: 300px) 100vw, 300px\" \/><\/p>\n<p>[\/vc_column_text][vc_column_text]<img loading=\"lazy\" decoding=\"async\" class=\"aligncenter wp-image-2370 size-full\" src=\"https:\/\/em-tek.hu\/wp-content\/uploads\/2024\/04\/envi-filter-logo-1.png\" alt=\"\" width=\"605\" height=\"180\" srcset=\"https:\/\/em-tek.hu\/wp-content\/uploads\/2024\/04\/envi-filter-logo-1.png 605w, https:\/\/em-tek.hu\/wp-content\/uploads\/2024\/04\/envi-filter-logo-1-300x89.png 300w\" sizes=\"auto, (max-width: 605px) 100vw, 605px\" \/>[\/vc_column_text][\/vc_column_inner][vc_column_inner width=&#8221;1\/3&#8243;][vc_column_text]<\/p>\n<p><img loading=\"lazy\" decoding=\"async\" class=\"size-medium wp-image-153 aligncenter\" src=\"https:\/\/em-tek.hu\/wp-content\/uploads\/2020\/10\/logo-reitz-vollton-100-300x98.png\" alt=\"\" width=\"300\" height=\"98\" srcset=\"https:\/\/em-tek.hu\/wp-content\/uploads\/2020\/10\/logo-reitz-vollton-100-300x98.png 300w, https:\/\/em-tek.hu\/wp-content\/uploads\/2020\/10\/logo-reitz-vollton-100.png 305w\" sizes=\"auto, (max-width: 300px) 100vw, 300px\" \/><\/p>\n<p>[\/vc_column_text][\/vc_column_inner][\/vc_row_inner][\/vc_column][\/vc_row]<\/p>\n","protected":false},"excerpt":{"rendered":"<p>[vc_row][vc_column][vc_column_text] EM-TEK Ltd. \u2013 for clean environment since 1993 Em-tek Ltd. has reached significant success in sphere of air filtration tecnology, liquid filtration, laundry textiles, woven mesh, milling accessories since it was established in 1993. Also gained leading position in many of them which is proven by its referecies. [\/vc_column_text][vc_empty_space][\/vc_column][\/vc_row][vc_row full_width=&#8221;stretch_row&#8221; css=&#8221;.vc_custom_1605883408099{background-color: #a3a3a3 !important;}&#8221;][vc_column][vc_row_inner][vc_column_inner width=&#8221;1\/2&#8243;][vc_column_text] [&hellip;]<\/p>\n","protected":false},"author":1,"featured_media":0,"parent":0,"menu_order":0,"comment_status":"closed","ping_status":"closed","template":"","meta":{"_acf_changed":false,"footnotes":""},"class_list":["post-1788","page","type-page","status-publish","hentry"],"acf":[],"_links":{"self":[{"href":"https:\/\/em-tek.hu\/en\/wp-json\/wp\/v2\/pages\/1788","targetHints":{"allow":["GET"]}}],"collection":[{"href":"https:\/\/em-tek.hu\/en\/wp-json\/wp\/v2\/pages"}],"about":[{"href":"https:\/\/em-tek.hu\/en\/wp-json\/wp\/v2\/types\/page"}],"author":[{"embeddable":true,"href":"https:\/\/em-tek.hu\/en\/wp-json\/wp\/v2\/users\/1"}],"replies":[{"embeddable":true,"href":"https:\/\/em-tek.hu\/en\/wp-json\/wp\/v2\/comments?post=1788"}],"version-history":[{"count":7,"href":"https:\/\/em-tek.hu\/en\/wp-json\/wp\/v2\/pages\/1788\/revisions"}],"predecessor-version":[{"id":2432,"href":"https:\/\/em-tek.hu\/en\/wp-json\/wp\/v2\/pages\/1788\/revisions\/2432"}],"wp:attachment":[{"href":"https:\/\/em-tek.hu\/en\/wp-json\/wp\/v2\/media?parent=1788"}],"curies":[{"name":"wp","href":"https:\/\/api.w.org\/{rel}","templated":true}]}}