{"id":373,"date":"2020-11-19T20:50:08","date_gmt":"2020-11-19T20:50:08","guid":{"rendered":"https:\/\/em-tek.hu\/?page_id=373"},"modified":"2024-04-26T18:55:11","modified_gmt":"2024-04-26T18:55:11","slug":"services","status":"publish","type":"page","link":"https:\/\/em-tek.hu\/en\/services\/","title":{"rendered":"Services"},"content":{"rendered":"<p>[vc_row][vc_column][vc_column_text]<\/p>\n<h2>Laboratory analysis<\/h2>\n<p>Investigation of used filter bags in our own laboratory, stating the general condition of the investigated bag,, complying lab report with microscopic photos. Finding the reason of the problem indicated by the client and giving advice for solution.<\/p>\n<style> #grid-gallery-36-92741 .grid-gallery-caption[data-grid-gallery-type=\"show-on-hover\"]:hover figcaption, #grid-gallery-36-92741 .grid-gallery-caption[data-grid-gallery-type=\"show-on-hover\"].hovered figcaption, #grid-gallery-36-92741 .grid-gallery-caption[data-grid-gallery-type=\"show-on-hover\"]:active figcaption { background-color:rgba(111,0,0,0.5) !important; } <\/style> <div id=\"grid-gallery-36-92741\" data-gg-id=\"36\" data-title=\"Laboratory analysis\" data-grid-type=\"0\" data-offset=\"7\" data-area-position=\"center\" data-icons=\"false\" data-preloader=\"true\" data-width=\"100\" data-height=\"100\" data-padding=\"0\" data-quicksand=\"disabled\" data-quicksand-duration=\"none\" data-popup-theme=\"theme_6\" data-popup-type=\"pretty-photo\" data-popup-image-text=\"data-description\" data-popup-widthsize=\"auto\" data-popup-heightsize=\"auto\" data-popup-i18n-words=\"{&quot;close&quot;:&quot;close&quot;,&quot;next&quot;:&quot;next&quot;,&quot;previous&quot;:&quot;previous&quot;,&quot;start_slideshow&quot;:&quot;start slideshow&quot;,&quot;stop_slideshow&quot;:&quot;stop slideshow&quot;,&quot;image&quot;:&quot;image&quot;,&quot;of&quot;:&quot;of&quot;,&quot;prev&quot;:&quot;prev&quot;,&quot;cExpand&quot;:&quot;Expand&quot;,&quot;cPrevious&quot;:&quot;Previous&quot;,&quot;cNext&quot;:&quot;Next&quot;,&quot;cExpandStr&quot;:&quot;Expand the image&quot;,&quot;cRotate&quot;:&quot;Rotate&quot;,&quot;cDetails&quot;:&quot;Details&quot;}\" data-popup-slideshow=\"false\" data-popup-slideshow-speed=\"2500\" data-popup-hoverstop=\"true\" data-popup-slideshow-auto=\"false\" data-popup-background=\"\" data-popup-transparency=\"30\" data-popup-disable-history=\"\" data-popup-disable-changed-url=\"\" data-popup-border-type=\"solid\" data-popup-border-color=\"\" data-popup-border-width=\"\" data-popup-border-enable=\"\" data-fullscreen=\"false\" data-hide-tooltip=\"false\" data-caption-font-family=\"Default\" data-caption-text-size=\"140\" data-is-mobile=\"0\" data-caption-mobile=\"false\" data-hide-long-tltp-title=\"0\" data-caption-disabled-on-mobile=\"false\" data-lazyload-enable='1' data-lazyload-effect=\"show\" data-lazyload-effect-duration=\"400\" data-popup-placement-type=\"0\" data-social-sharing=\"{&quot;enabled&quot;:&quot;&quot;,&quot;gallerySharing&quot;:{&quot;enabled&quot;:null,&quot;position&quot;:null},&quot;imageSharing&quot;:{&quot;enabled&quot;:null,&quot;wrapperClass&quot;:&quot; vertical &quot;},&quot;popupSharing&quot;:{&quot;enabled&quot;:null,&quot;wrapperClass&quot;:&quot; vertical &quot;}}\" class=\"grid-gallery grid-gallery-fixed \" style=\" width:100%; height:auto; margin-left:auto; margin-right:auto;position:relative;\" data-popup-video=\"null\" data-popup-disable-source-image-for-linked-img=\"0\" data-popup-enable-download-photos-button=\"0\" data-thumbnail-size=\"150x150\"> <div class=\"gallery-loading\"> <div class=\"la-\" style=\"color:#0073AA\"> <div><\/div> <div><\/div> <\/div> <\/div> <div class=\"gallery-sharing-top\" style=\"display:none;\"> <\/div> <div id=\"photos-36\" class=\"grid-gallery-photos\"><a data-attachment-id=\"1010\" id=\"gg-36-179\" class=\"gg-link \" data-attachment-id=\"1010\" href=\"https:\/\/em-tek.hu\/wp-content\/uploads\/2020\/11\/used-filter-bag-cross-section-view.jpg?gid=36\" target=\"_self\" title=\"_used filter bag cross section view\" data-rel=\"prettyPhoto[pp_gal]\" style=\"border-radius:100%;\" ><FIGURE data-tags=\"\" data-id=\"179\" class=\"grid-gallery-caption\" data-grid-gallery-type=\"quarter-slide-up\" data-index=\"0\" style=\"display:none;border:5px solid #fefefe; border-radius:100%; box-shadow:0px 0px 10px #000000;; margin:7px; width:1000;\" ><div class=\"crop\" style=\" width:1000; height:1000; overflow:hidden;\"><img decoding=\"async\" data-gg-real-image-href=\"https:\/\/em-tek.hu\/wp-content\/uploads\/2020\/11\/used-filter-bag-cross-section-view-100x100.jpg\" src=\"https:\/\/em-tek.hu\/wp-content\/plugins\/gallery-by-supsystic\/src\/GridGallery\/Galleries\/assets\/img\/loading.gif\" class=\"ggImg ggLazyImg\" alt=\"_used filter bag cross section view\" title=\"_used filter bag cross section view\" data-description=\"_used filter bag cross section view\" data-caption=\"_used filter bag cross section view\" data-title=\"_used filter bag cross section view\" style=\" width:100px; height:100px;\" \/><\/div><FIGCAPTION class=\"\" data-alpha=\"5\" style=\"color:#ffffff; background-color:#6f0000; font-size:140; text-align:left; font-family:Default;\" ><div class=\"grid-gallery-figcaption-wrap\" style=\" vertical-align:top;\"><\/div><\/FIGCAPTION><\/FIGURE><\/a><a data-attachment-id=\"1016\" id=\"gg-36-180\" class=\"gg-link \" data-attachment-id=\"1016\" href=\"https:\/\/em-tek.hu\/wp-content\/uploads\/2020\/11\/filter-bag-clean-side.jpg?gid=36\" target=\"_self\" title=\"filter bag clean side\" data-rel=\"prettyPhoto[pp_gal]\" style=\"border-radius:100%;\" ><FIGURE data-tags=\"\" data-id=\"180\" class=\"grid-gallery-caption\" data-grid-gallery-type=\"quarter-slide-up\" data-index=\"1\" style=\"display:none;border:5px solid #fefefe; border-radius:100%; box-shadow:0px 0px 10px #000000;; margin:7px; width:1000;\" ><div class=\"crop\" style=\" width:1000; height:1000; overflow:hidden;\"><img decoding=\"async\" data-gg-real-image-href=\"https:\/\/em-tek.hu\/wp-content\/uploads\/2020\/11\/filter-bag-clean-side-100x100.jpg\" src=\"https:\/\/em-tek.hu\/wp-content\/plugins\/gallery-by-supsystic\/src\/GridGallery\/Galleries\/assets\/img\/loading.gif\" class=\"ggImg ggLazyImg\" alt=\"filter bag clean side\" title=\"filter bag clean side\" data-description=\"filter bag clean side\" data-caption=\"filter bag clean side\" data-title=\"filter bag clean side\" style=\" width:100px; height:100px;\" \/><\/div><FIGCAPTION class=\"\" data-alpha=\"5\" style=\"color:#ffffff; background-color:#6f0000; font-size:140; text-align:left; font-family:Default;\" ><div class=\"grid-gallery-figcaption-wrap\" style=\" vertical-align:top;\"><\/div><\/FIGCAPTION><\/FIGURE><\/a><a data-attachment-id=\"1013\" id=\"gg-36-181\" class=\"gg-link \" data-attachment-id=\"1013\" href=\"https:\/\/em-tek.hu\/wp-content\/uploads\/2020\/11\/dustside-view.jpg?gid=36\" target=\"_self\" title=\"dustside view\" data-rel=\"prettyPhoto[pp_gal]\" style=\"border-radius:100%;\" ><FIGURE data-tags=\"\" data-id=\"181\" class=\"grid-gallery-caption\" data-grid-gallery-type=\"quarter-slide-up\" data-index=\"2\" style=\"display:none;border:5px solid #fefefe; border-radius:100%; box-shadow:0px 0px 10px #000000;; margin:7px; width:1000;\" ><div class=\"crop\" style=\" width:1000; height:1000; overflow:hidden;\"><img decoding=\"async\" data-gg-real-image-href=\"https:\/\/em-tek.hu\/wp-content\/uploads\/2020\/11\/dustside-view-100x100.jpg\" src=\"https:\/\/em-tek.hu\/wp-content\/plugins\/gallery-by-supsystic\/src\/GridGallery\/Galleries\/assets\/img\/loading.gif\" class=\"ggImg ggLazyImg\" alt=\"dustside view\" title=\"dustside view\" data-description=\"dustside view\" data-caption=\"dustside view\" data-title=\"dustside view\" style=\" width:100px; height:100px;\" \/><\/div><FIGCAPTION class=\"\" data-alpha=\"5\" style=\"color:#ffffff; background-color:#6f0000; font-size:140; text-align:left; font-family:Default;\" ><div class=\"grid-gallery-figcaption-wrap\" style=\" vertical-align:top;\"><\/div><\/FIGCAPTION><\/FIGURE><\/a><a data-attachment-id=\"1007\" id=\"gg-36-182\" class=\"gg-link \" data-attachment-id=\"1007\" href=\"https:\/\/em-tek.hu\/wp-content\/uploads\/2020\/11\/filter-bag-dustside.jpg?gid=36\" target=\"_self\" title=\"filter bag dustside\" data-rel=\"prettyPhoto[pp_gal]\" style=\"border-radius:100%;\" ><FIGURE data-tags=\"\" data-id=\"182\" class=\"grid-gallery-caption\" data-grid-gallery-type=\"quarter-slide-up\" data-index=\"3\" style=\"display:none;border:5px solid #fefefe; border-radius:100%; box-shadow:0px 0px 10px #000000;; margin:7px; width:1000;\" ><div class=\"crop\" style=\" width:1000; height:1000; overflow:hidden;\"><img decoding=\"async\" data-gg-real-image-href=\"https:\/\/em-tek.hu\/wp-content\/uploads\/2020\/11\/filter-bag-dustside-100x100.jpg\" src=\"https:\/\/em-tek.hu\/wp-content\/plugins\/gallery-by-supsystic\/src\/GridGallery\/Galleries\/assets\/img\/loading.gif\" class=\"ggImg ggLazyImg\" alt=\"filter bag dustside\" title=\"filter bag dustside\" data-description=\"filter bag dustside\" data-caption=\"filter bag dustside\" data-title=\"filter bag dustside\" style=\" width:100px; height:100px;\" \/><\/div><FIGCAPTION class=\"\" data-alpha=\"5\" style=\"color:#ffffff; background-color:#6f0000; font-size:140; text-align:left; font-family:Default;\" ><div class=\"grid-gallery-figcaption-wrap\" style=\" vertical-align:top;\"><\/div><\/FIGCAPTION><\/FIGURE><\/a> <div class=\"grid-gallery-clearfix\"><\/div> <\/div> <div class=\"gallery-sharing-bottom\" style=\"display:none;\"> <\/div> <div class=\"gallery-sharing-image\" style=\"display:none;\"> <\/div> <div class=\"gallery-sharing-popup\" style=\"display:none;\"> <\/div> <div class=\"grid-gallery-clearfix\"><\/div> <\/div> <!-- Gallery by Supsystic plugin1.15.31 \/2.9.16 --> <style> <\/style><a title=\"\" style=\"display:none;\" href=\"https:\/\/supsystic.com\/plugins\/photo-gallery\/?utm_medium=love_link\" target=\"_blank\"><\/a>\n<h2>Consultancy<\/h2>\n<p>Our collegues with many years of professiional knowledge and experience are at our customers\u2019 disposal in case of any question regarding dust or liquid filtartion. On-site survey or technical counselling is also available on demand in sake of helping our partners.<\/p>\n<h2>Blacklight test<\/h2>\n<p>By blacklight test made by our professional work team, dust lekeage can be traced. Making this test the right amount of fluorescent powder- based on the size of filtration surface- is dosaged onto the filter bags, then by lightning clean side with an UV lamp the source of leakeage can be found.<\/p>\n<style> #grid-gallery-35-817 .grid-gallery-caption[data-grid-gallery-type=\"show-on-hover\"]:hover figcaption, #grid-gallery-35-817 .grid-gallery-caption[data-grid-gallery-type=\"show-on-hover\"].hovered figcaption, #grid-gallery-35-817 .grid-gallery-caption[data-grid-gallery-type=\"show-on-hover\"]:active figcaption { background-color:rgba(111,0,0,0.5) !important; } <\/style> <div id=\"grid-gallery-35-817\" data-gg-id=\"35\" data-title=\"Blacklight test\" data-grid-type=\"0\" data-offset=\"7\" data-area-position=\"center\" data-icons=\"false\" data-preloader=\"true\" data-width=\"100\" data-height=\"100\" data-padding=\"0\" data-quicksand=\"disabled\" data-quicksand-duration=\"none\" data-popup-theme=\"theme_6\" data-popup-type=\"pretty-photo\" data-popup-image-text=\"data-description\" data-popup-widthsize=\"auto\" data-popup-heightsize=\"auto\" data-popup-i18n-words=\"{&quot;close&quot;:&quot;close&quot;,&quot;next&quot;:&quot;next&quot;,&quot;previous&quot;:&quot;previous&quot;,&quot;start_slideshow&quot;:&quot;start slideshow&quot;,&quot;stop_slideshow&quot;:&quot;stop slideshow&quot;,&quot;image&quot;:&quot;image&quot;,&quot;of&quot;:&quot;of&quot;,&quot;prev&quot;:&quot;prev&quot;,&quot;cExpand&quot;:&quot;Expand&quot;,&quot;cPrevious&quot;:&quot;Previous&quot;,&quot;cNext&quot;:&quot;Next&quot;,&quot;cExpandStr&quot;:&quot;Expand the image&quot;,&quot;cRotate&quot;:&quot;Rotate&quot;,&quot;cDetails&quot;:&quot;Details&quot;}\" data-popup-slideshow=\"false\" data-popup-slideshow-speed=\"2500\" data-popup-hoverstop=\"true\" data-popup-slideshow-auto=\"false\" data-popup-background=\"\" data-popup-transparency=\"30\" data-popup-disable-history=\"\" data-popup-disable-changed-url=\"\" data-popup-border-type=\"solid\" data-popup-border-color=\"\" data-popup-border-width=\"\" data-popup-border-enable=\"\" data-fullscreen=\"false\" data-hide-tooltip=\"false\" data-caption-font-family=\"Default\" data-caption-text-size=\"140\" data-is-mobile=\"0\" data-caption-mobile=\"false\" data-hide-long-tltp-title=\"0\" data-caption-disabled-on-mobile=\"false\" data-lazyload-enable='1' data-lazyload-effect=\"show\" data-lazyload-effect-duration=\"400\" data-popup-placement-type=\"0\" data-social-sharing=\"{&quot;enabled&quot;:&quot;&quot;,&quot;gallerySharing&quot;:{&quot;enabled&quot;:null,&quot;position&quot;:null},&quot;imageSharing&quot;:{&quot;enabled&quot;:null,&quot;wrapperClass&quot;:&quot; vertical &quot;},&quot;popupSharing&quot;:{&quot;enabled&quot;:null,&quot;wrapperClass&quot;:&quot; vertical &quot;}}\" class=\"grid-gallery grid-gallery-fixed \" style=\" width:100%; height:auto; margin-left:auto; margin-right:auto;position:relative;\" data-popup-video=\"null\" data-popup-disable-source-image-for-linked-img=\"0\" data-popup-enable-download-photos-button=\"0\" data-thumbnail-size=\"150x150\"> <div class=\"gallery-loading\"> <div class=\"la-\" style=\"color:#0073AA\"> <div><\/div> <div><\/div> <\/div> <\/div> <div class=\"gallery-sharing-top\" style=\"display:none;\"> <\/div> <div id=\"photos-35\" class=\"grid-gallery-photos\"><a data-attachment-id=\"1001\" id=\"gg-35-176\" class=\"gg-link \" data-attachment-id=\"1001\" href=\"https:\/\/em-tek.hu\/wp-content\/uploads\/2020\/11\/blacklight-test-default.jpg?gid=35\" target=\"_self\" title=\"_blacklight test- default\" data-rel=\"prettyPhoto[pp_gal]\" style=\"border-radius:100%;\" ><FIGURE data-tags=\"\" data-id=\"176\" class=\"grid-gallery-caption\" data-grid-gallery-type=\"quarter-slide-up\" data-index=\"0\" style=\"display:none;border:5px solid #fefefe; border-radius:100%; box-shadow:0px 0px 10px #000000;; margin:7px; width:1000;\" ><div class=\"crop\" style=\" width:1000; height:1000; overflow:hidden;\"><img decoding=\"async\" data-gg-real-image-href=\"https:\/\/em-tek.hu\/wp-content\/uploads\/2020\/11\/blacklight-test-default-100x100.jpg\" src=\"https:\/\/em-tek.hu\/wp-content\/plugins\/gallery-by-supsystic\/src\/GridGallery\/Galleries\/assets\/img\/loading.gif\" class=\"ggImg ggLazyImg\" alt=\"_blacklight test- default\" title=\"_blacklight test- default\" data-description=\"_blacklight test- default\" data-caption=\"_blacklight test- default\" data-title=\"_blacklight test- default\" style=\" width:100px; height:100px;\" \/><\/div><FIGCAPTION class=\"\" data-alpha=\"5\" style=\"color:#ffffff; background-color:#6f0000; font-size:140; text-align:left; font-family:Default;\" ><div class=\"grid-gallery-figcaption-wrap\" style=\" vertical-align:top;\"><\/div><\/FIGCAPTION><\/FIGURE><\/a><a data-attachment-id=\"1004\" id=\"gg-35-177\" class=\"gg-link \" data-attachment-id=\"1004\" href=\"https:\/\/em-tek.hu\/wp-content\/uploads\/2020\/11\/blacklight-test-after.jpg?gid=35\" target=\"_self\" title=\"blacklight test- after\" data-rel=\"prettyPhoto[pp_gal]\" style=\"border-radius:100%;\" ><FIGURE data-tags=\"\" data-id=\"177\" class=\"grid-gallery-caption\" data-grid-gallery-type=\"quarter-slide-up\" data-index=\"1\" style=\"display:none;border:5px solid #fefefe; border-radius:100%; box-shadow:0px 0px 10px #000000;; margin:7px; width:1000;\" ><div class=\"crop\" style=\" width:1000; height:1000; overflow:hidden;\"><img decoding=\"async\" data-gg-real-image-href=\"https:\/\/em-tek.hu\/wp-content\/uploads\/2020\/11\/blacklight-test-after-100x100.jpg\" src=\"https:\/\/em-tek.hu\/wp-content\/plugins\/gallery-by-supsystic\/src\/GridGallery\/Galleries\/assets\/img\/loading.gif\" class=\"ggImg ggLazyImg\" alt=\"blacklight test- after\" title=\"blacklight test- after\" data-description=\"blacklight test- after\" data-caption=\"blacklight test- after\" data-title=\"blacklight test- after\" style=\" width:100px; height:100px;\" \/><\/div><FIGCAPTION class=\"\" data-alpha=\"5\" style=\"color:#ffffff; background-color:#6f0000; font-size:140; text-align:left; font-family:Default;\" ><div class=\"grid-gallery-figcaption-wrap\" style=\" vertical-align:top;\"><\/div><\/FIGCAPTION><\/FIGURE><\/a><a data-attachment-id=\"998\" id=\"gg-35-178\" class=\"gg-link \" data-attachment-id=\"998\" href=\"https:\/\/em-tek.hu\/wp-content\/uploads\/2020\/11\/blacklight-test-before.jpg?gid=35\" target=\"_self\" title=\"blacklight test- before\" data-rel=\"prettyPhoto[pp_gal]\" style=\"border-radius:100%;\" ><FIGURE data-tags=\"\" data-id=\"178\" class=\"grid-gallery-caption\" data-grid-gallery-type=\"quarter-slide-up\" data-index=\"2\" style=\"display:none;border:5px solid #fefefe; border-radius:100%; box-shadow:0px 0px 10px #000000;; margin:7px; width:1000;\" ><div class=\"crop\" style=\" width:1000; height:1000; overflow:hidden;\"><img decoding=\"async\" data-gg-real-image-href=\"https:\/\/em-tek.hu\/wp-content\/uploads\/2020\/11\/blacklight-test-before-100x100.jpg\" src=\"https:\/\/em-tek.hu\/wp-content\/plugins\/gallery-by-supsystic\/src\/GridGallery\/Galleries\/assets\/img\/loading.gif\" class=\"ggImg ggLazyImg\" alt=\"blacklight test- before\" title=\"blacklight test- before\" data-description=\"blacklight test- before\" data-caption=\"blacklight test- before\" data-title=\"blacklight test- before\" style=\" width:100px; height:100px;\" \/><\/div><FIGCAPTION class=\"\" data-alpha=\"5\" style=\"color:#ffffff; background-color:#6f0000; font-size:140; text-align:left; font-family:Default;\" ><div class=\"grid-gallery-figcaption-wrap\" style=\" vertical-align:top;\"><\/div><\/FIGCAPTION><\/FIGURE><\/a> <div class=\"grid-gallery-clearfix\"><\/div> <\/div> <div class=\"gallery-sharing-bottom\" style=\"display:none;\"> <\/div> <div class=\"gallery-sharing-image\" style=\"display:none;\"> <\/div> <div class=\"gallery-sharing-popup\" style=\"display:none;\"> <\/div> <div class=\"grid-gallery-clearfix\"><\/div> <\/div> <!-- Gallery by Supsystic plugin1.15.31 \/2.9.16 --> <style> <\/style><a title=\"\" style=\"display:none;\" href=\"https:\/\/supsystic.com\/plugins\/photo-gallery\/?utm_medium=love_link\" target=\"_blank\"><\/a>\n<h2>Maintenance, Installation<\/h2>\n<p>Karbantart\u00e1ssal, beszerel\u00e9ssel kapcsolatos r\u00e9szleteket partnerc\u00e9g\u00fcnk, a <a href=\"https:\/\/filtrade.hu\/\" target=\"_blank\" rel=\"noopener noreferrer\">filtrade.hu<\/a> weboldal\u00e1n tal\u00e1l.<\/p>\n<h2>Inspection and repair of Reitz fans<\/h2>\n<p>[\/vc_column_text][\/vc_column][\/vc_row]<\/p>\n","protected":false},"excerpt":{"rendered":"<p>[vc_row][vc_column][vc_column_text] Laboratory analysis Investigation of used filter bags in our own laboratory, stating the general condition of the investigated bag,, complying lab report with microscopic photos. Finding the reason of the problem indicated by the client and giving advice for solution. Consultancy Our collegues with many years of professiional knowledge and experience are at our [&hellip;]<\/p>\n","protected":false},"author":1,"featured_media":0,"parent":0,"menu_order":0,"comment_status":"closed","ping_status":"closed","template":"","meta":{"_acf_changed":false,"footnotes":""},"class_list":["post-373","page","type-page","status-publish","hentry"],"acf":[],"_links":{"self":[{"href":"https:\/\/em-tek.hu\/en\/wp-json\/wp\/v2\/pages\/373","targetHints":{"allow":["GET"]}}],"collection":[{"href":"https:\/\/em-tek.hu\/en\/wp-json\/wp\/v2\/pages"}],"about":[{"href":"https:\/\/em-tek.hu\/en\/wp-json\/wp\/v2\/types\/page"}],"author":[{"embeddable":true,"href":"https:\/\/em-tek.hu\/en\/wp-json\/wp\/v2\/users\/1"}],"replies":[{"embeddable":true,"href":"https:\/\/em-tek.hu\/en\/wp-json\/wp\/v2\/comments?post=373"}],"version-history":[{"count":7,"href":"https:\/\/em-tek.hu\/en\/wp-json\/wp\/v2\/pages\/373\/revisions"}],"predecessor-version":[{"id":2421,"href":"https:\/\/em-tek.hu\/en\/wp-json\/wp\/v2\/pages\/373\/revisions\/2421"}],"wp:attachment":[{"href":"https:\/\/em-tek.hu\/en\/wp-json\/wp\/v2\/media?parent=373"}],"curies":[{"name":"wp","href":"https:\/\/api.w.org\/{rel}","templated":true}]}}