{"id":722,"date":"2020-11-20T13:50:15","date_gmt":"2020-11-20T13:50:15","guid":{"rendered":"https:\/\/em-tek.hu\/?page_id=722"},"modified":"2026-02-17T14:50:14","modified_gmt":"2026-02-17T12:50:14","slug":"staff","status":"publish","type":"page","link":"https:\/\/em-tek.hu\/en\/contact\/staff\/","title":{"rendered":"Staff"},"content":{"rendered":"<p>[vc_row full_width=&#8221;stretch_row&#8221; css=&#8221;.vc_custom_1618421315383{margin-top: -70px !important;background-image: url(https:\/\/em-tek.hu\/wp-content\/uploads\/2021\/03\/4907157-scaled.jpg?id=1980) !important;background-position: center !important;background-repeat: no-repeat !important;background-size: cover !important;}&#8221;][vc_column][vc_column_text]<\/p>\n<p style=\"text-align: center;\"><span style=\"font-size: 14pt;\"><strong>Szabolcs Dervalics <\/strong> <\/span><br \/>\n<em>executive<\/em><br \/>\n<a href=\"tel:06704577290\">+36 70\/457-7290<\/a><br \/>\n<a href=\"mailto:dero@em-tek.hu\">dero@em-tek.hu<\/a>[\/vc_column_text][vc_row_inner][vc_column_inner width=&#8221;1\/3&#8243;][vc_column_text]<\/p>\n<p style=\"text-align: center;\"><strong><span style=\"font-size: 14pt;\">\u00c1gnes P\u00e9k<\/span><\/strong><br \/>\n<em>sales<\/em><br \/>\n<a href=\"tel:06704577291\">+36 70\/457-7291<\/a><br \/>\n<a href=\"mailto:agnes.pek@em-tek.hu\">agnes.pek@em-tek.hu<\/a>[\/vc_column_text][\/vc_column_inner][vc_column_inner width=&#8221;1\/3&#8243;][vc_column_text]<\/p>\n<p style=\"text-align: center;\"><strong><span style=\"font-size: 14pt;\">Zsolt Horv\u00e1th\u00a0<\/span><\/strong><br \/>\n<em>office manager<\/em><br \/>\n<a href=\"tel:06703354178\">+36 70\/335-4178<\/a><br \/>\n<a href=\"mailto:zsolt.horvath@em-tek.hu\">zsolt.horvath@em-tek.hu<\/a>[\/vc_column_text][\/vc_column_inner][vc_column_inner width=&#8221;1\/3&#8243;][vc_column_text]<\/p>\n<p style=\"text-align: center;\"><strong><span style=\"font-size: 14pt;\">Remport \u00c1d\u00e1m<\/span><\/strong><br \/>\n<em>sales manager<\/em><br \/>\n<a href=\"tel:0036300724638\">+36 30 072 4638<\/a><br \/>\n<a href=\"mailto:adam.remport@em-tek.hu\">adam.remport@em-tek.hu<\/a>[\/vc_column_text][\/vc_column_inner][\/vc_row_inner][vc_row_inner][vc_column_inner width=&#8221;1\/3&#8243;][vc_column_text]<\/p>\n<p style=\"text-align: center;\"><strong><span style=\"font-size: 14pt;\">Nat\u00e1lia P\u00e9kn\u00e9 Ferenczi<\/span><\/strong><br \/>\n<em>sales, production manager<\/em><br \/>\n<a href=\"tel:06706030745\">+36 70\/603-0745<\/a><br \/>\n<a href=\"mailto:natalia.ferenczi@em-tek.hu\">natalia.ferenczi@em-tek.hu<\/a>[\/vc_column_text][\/vc_column_inner][vc_column_inner width=&#8221;1\/3&#8243;][vc_column_text]<\/p>\n<p style=\"text-align: center;\"><strong><span style=\"font-size: 14pt;\">Adrienn T\u00f3th<\/span><\/strong><br \/>\n<em>financial officer<\/em><br \/>\n<a href=\"tel:06704577297\">+36 70\/457-7297<\/a><br \/>\n<a href=\"mailto:adrienn.toth@em-tek.hu\">adrienn.toth@em-tek.hu<\/a>[\/vc_column_text][\/vc_column_inner][vc_column_inner width=&#8221;1\/3&#8243;][vc_column_text]<\/p>\n<p style=\"text-align: center;\"><strong><span style=\"font-size: 14pt;\">Kriszti\u00e1n Tornyos <\/span><\/strong><br \/>\n<em>sales, technical support<\/em><br \/>\n<a href=\"tel:06303968842\">+36 30\/396-8842<\/a><br \/>\n<a href=\"mailto:krisztian.tornyos@em-tek.hu\">krisztian.tornyos@em-tek.hu<\/a>[\/vc_column_text][\/vc_column_inner][\/vc_row_inner][vc_row_inner][vc_column_inner width=&#8221;1\/3&#8243;][vc_column_text]<\/p>\n<p style=\"text-align: center;\"><strong><span style=\"font-size: 14pt;\">L\u00e1szl\u00f3 Fenyvesi <\/span><\/strong><br \/>\n<em>sales, technical support<\/em><br \/>\n<a href=\"tel:06302268029\">+36 30\/226-8029<\/a><br \/>\n<a href=\"mailto:laszlo.fenyvesi@em-tek.hu\">laszlo.fenyvesi@em-tek.hu<\/a>[\/vc_column_text][\/vc_column_inner][vc_column_inner width=&#8221;1\/3&#8243;][vc_column_text]<\/p>\n<p style=\"text-align: center;\"><strong><span style=\"font-size: 14pt;\">Bal\u00e1zs Szab\u00f3<\/span><\/strong><br \/>\n<em>sales, technical support<\/em><br \/>\n<a href=\"tel:0036704195079\">+36-70\/419-5079<\/a><br \/>\n<a href=\"mailto:balazs.szabo@em-tek.hu\">balazs.szabo@em-tek.hu<\/a>[\/vc_column_text][\/vc_column_inner][vc_column_inner width=&#8221;1\/3&#8243;][vc_column_text]<\/p>\n<p style=\"text-align: center;\"><strong><span style=\"font-size: 14pt;\">Gergely Lavinia<\/span><\/strong><br \/>\n<em>sales<\/em><br \/>\n<a href=\"tel:+36306615227\">+36-30\/661-5227<\/a><br \/>\n<a href=\"mailto:lavinia.gergely@em-tek.hu\">lavinia.gergely@em-tek.hu<\/a><\/p>\n<p>[\/vc_column_text][\/vc_column_inner][\/vc_row_inner][vc_row_inner][vc_column_inner width=&#8221;1\/3&#8243;][\/vc_column_inner][vc_column_inner width=&#8221;1\/3&#8243;][\/vc_column_inner][vc_column_inner width=&#8221;1\/3&#8243;][\/vc_column_inner][\/vc_row_inner][\/vc_column][\/vc_row]<\/p>\n","protected":false},"excerpt":{"rendered":"<p>[vc_row full_width=&#8221;stretch_row&#8221; css=&#8221;.vc_custom_1618421315383{margin-top: -70px !important;background-image: url(https:\/\/em-tek.hu\/wp-content\/uploads\/2021\/03\/4907157-scaled.jpg?id=1980) !important;background-position: center !important;background-repeat: no-repeat !important;background-size: cover !important;}&#8221;][vc_column][vc_column_text] Szabolcs Dervalics executive +36 70\/457-7290 dero@em-tek.hu[\/vc_column_text][vc_row_inner][vc_column_inner width=&#8221;1\/3&#8243;][vc_column_text] \u00c1gnes P\u00e9k sales +36 70\/457-7291 agnes.pek@em-tek.hu[\/vc_column_text][\/vc_column_inner][vc_column_inner width=&#8221;1\/3&#8243;][vc_column_text] Zsolt Horv\u00e1th\u00a0 office manager +36 70\/335-4178 zsolt.horvath@em-tek.hu[\/vc_column_text][\/vc_column_inner][vc_column_inner width=&#8221;1\/3&#8243;][vc_column_text] Remport \u00c1d\u00e1m sales manager +36 30 072 4638 adam.remport@em-tek.hu[\/vc_column_text][\/vc_column_inner][\/vc_row_inner][vc_row_inner][vc_column_inner width=&#8221;1\/3&#8243;][vc_column_text] Nat\u00e1lia P\u00e9kn\u00e9 Ferenczi sales, production manager +36 70\/603-0745 natalia.ferenczi@em-tek.hu[\/vc_column_text][\/vc_column_inner][vc_column_inner width=&#8221;1\/3&#8243;][vc_column_text] [&hellip;]<\/p>\n","protected":false},"author":1,"featured_media":0,"parent":394,"menu_order":0,"comment_status":"closed","ping_status":"closed","template":"","meta":{"_acf_changed":false,"footnotes":""},"class_list":["post-722","page","type-page","status-publish","hentry"],"acf":[],"_links":{"self":[{"href":"https:\/\/em-tek.hu\/en\/wp-json\/wp\/v2\/pages\/722","targetHints":{"allow":["GET"]}}],"collection":[{"href":"https:\/\/em-tek.hu\/en\/wp-json\/wp\/v2\/pages"}],"about":[{"href":"https:\/\/em-tek.hu\/en\/wp-json\/wp\/v2\/types\/page"}],"author":[{"embeddable":true,"href":"https:\/\/em-tek.hu\/en\/wp-json\/wp\/v2\/users\/1"}],"replies":[{"embeddable":true,"href":"https:\/\/em-tek.hu\/en\/wp-json\/wp\/v2\/comments?post=722"}],"version-history":[{"count":16,"href":"https:\/\/em-tek.hu\/en\/wp-json\/wp\/v2\/pages\/722\/revisions"}],"predecessor-version":[{"id":2910,"href":"https:\/\/em-tek.hu\/en\/wp-json\/wp\/v2\/pages\/722\/revisions\/2910"}],"up":[{"embeddable":true,"href":"https:\/\/em-tek.hu\/en\/wp-json\/wp\/v2\/pages\/394"}],"wp:attachment":[{"href":"https:\/\/em-tek.hu\/en\/wp-json\/wp\/v2\/media?parent=722"}],"curies":[{"name":"wp","href":"https:\/\/api.w.org\/{rel}","templated":true}]}}