{"id":741,"date":"2020-10-12T10:28:27","date_gmt":"2020-10-12T10:28:27","guid":{"rendered":"https:\/\/em-tek.hu\/?page_id=741"},"modified":"2024-08-11T10:09:04","modified_gmt":"2024-08-11T08:09:04","slug":"impresszum","status":"publish","type":"page","link":"https:\/\/em-tek.hu\/en\/impresszum\/","title":{"rendered":"Impresszum"},"content":{"rendered":"<p>[vc_row][vc_column][vc_column_text]<strong>1) The data manager responsible for the content of the website or social media interface available at the internet address you are viewing &#8211; collectively hereinafter: website &#8211; and the owner of the domain and website:<\/strong><\/p>\n<p><span id=\"LongName\">EM-TEK Ipari \u00e9s Kereskedelmi Kft.<\/span><\/p>\n<p>AD\u00d3SZ\u00c1M:11125365-2-08<br \/>\nC\u00c9GJEGYZ\u00c9KSZ\u00c1M:08 09 003189<br \/>\nTelephely\u00fcnk:<br \/>\n9027 Gy\u0151r K\u0151risfa utca 14.<br \/>\nA sz\u00e1ml\u00e1z\u00e1si c\u00edm\u00fcnk:<br \/>\n9081 Gy\u0151r\u00fajbar\u00e1t, K\u00e1kost\u00f3 u. 8., Pf.: 11.<\/p>\n<p>Telefon: +36-96\/543-794<br \/>\nE-mail: info@em-tek.hu<\/p>\n<p><strong>2.) The authority supervising data management:<\/strong><\/p>\n<p><strong>Nemzeti Adatv\u00e9delmi \u00e9s Inform\u00e1ci\u00f3szabads\u00e1g Hat\u00f3s\u00e1g<\/strong><br \/>\nSz\u00e9khely: 1125 Budapest, Falk Miksa utca 9-11.<br \/>\nPostac\u00edm: 1363 Budapest, Pf. 9.<br \/>\nTelefon: +36 30 683 5969<br \/>\nFax: +36 1 391 1410<br \/>\nE-mail: ugyfelszolgalat@naih.hu<br \/>\nWebhely: http:\/\/www.naih.hu\/<\/p>\n<p><strong>3.) Hosting provider:<\/strong><\/p>\n<p><strong>KTS Online Kft<\/strong><br \/>\nAd\u00f3sz\u00e1m: 29152106-2-08.<br \/>\nC\u00e9gjegyz\u00e9ksz\u00e1m: 08-09-032885<br \/>\nGy\u0151ri T\u00f6rv\u00e9nysz\u00e9k C\u00e9gb\u00edr\u00f3s\u00e1ga nyilv\u00e1ntart\u00e1s\u00e1ban.<br \/>\nStatisztikai sz\u00e1mjel: 29152106-6311-113-08.<br \/>\nK\u00f6z\u00f6ss\u00e9gi ad\u00f3sz\u00e1m: HU29152106.<\/p>\n<p>SZERVERTEREM:\u00a0 1132 Budapest, Victor Hug\u00f3 utca 18-22.<br \/>\nE-MAIL info@kts.hu<\/p>\n<p><strong>4.) If the User (consumer) lives in the European Union, he can use the following online dispute resolution tool of the European Commission regarding his complaint about the service.<\/strong><\/p>\n<p><strong>The European Commission&#8217;s online dispute resolution platform<\/strong><br \/>\nWebhely:\u00a0<a href=\"https:\/\/webgate.ec.europa.eu\/odr\" target=\"_blank\" rel=\"noopener\">https:\/\/webgate.ec.europa.eu\/odr<\/a><\/p>\n<p>This internet-based platform was created by the EU for consumers who want to complain about products or services they have bought online and ask a neutral third party (dispute body) to handle the complaint.<\/p>\n<p>You can find more information about the online dispute resolution platform and its use, as well as how to resolve disputes, on the website accessible using the link above.[\/vc_column_text][\/vc_column][\/vc_row]<\/p>\n","protected":false},"excerpt":{"rendered":"<p>[vc_row][vc_column][vc_column_text]1) The data manager responsible for the content of the website or social media interface available at the internet address you are viewing &#8211; collectively hereinafter: website &#8211; and the owner of the domain and website: EM-TEK Ipari \u00e9s Kereskedelmi Kft. AD\u00d3SZ\u00c1M:11125365-2-08 C\u00c9GJEGYZ\u00c9KSZ\u00c1M:08 09 003189 Telephely\u00fcnk: 9027 Gy\u0151r K\u0151risfa utca 14. A sz\u00e1ml\u00e1z\u00e1si c\u00edm\u00fcnk: 9081 [&hellip;]<\/p>\n","protected":false},"author":1,"featured_media":0,"parent":0,"menu_order":0,"comment_status":"closed","ping_status":"closed","template":"","meta":{"_acf_changed":false,"footnotes":""},"class_list":["post-741","page","type-page","status-publish","hentry"],"acf":[],"_links":{"self":[{"href":"https:\/\/em-tek.hu\/en\/wp-json\/wp\/v2\/pages\/741","targetHints":{"allow":["GET"]}}],"collection":[{"href":"https:\/\/em-tek.hu\/en\/wp-json\/wp\/v2\/pages"}],"about":[{"href":"https:\/\/em-tek.hu\/en\/wp-json\/wp\/v2\/types\/page"}],"author":[{"embeddable":true,"href":"https:\/\/em-tek.hu\/en\/wp-json\/wp\/v2\/users\/1"}],"replies":[{"embeddable":true,"href":"https:\/\/em-tek.hu\/en\/wp-json\/wp\/v2\/comments?post=741"}],"version-history":[{"count":6,"href":"https:\/\/em-tek.hu\/en\/wp-json\/wp\/v2\/pages\/741\/revisions"}],"predecessor-version":[{"id":2802,"href":"https:\/\/em-tek.hu\/en\/wp-json\/wp\/v2\/pages\/741\/revisions\/2802"}],"wp:attachment":[{"href":"https:\/\/em-tek.hu\/en\/wp-json\/wp\/v2\/media?parent=741"}],"curies":[{"name":"wp","href":"https:\/\/api.w.org\/{rel}","templated":true}]}}