{"id":1487,"date":"2020-11-21T18:52:16","date_gmt":"2020-11-21T18:52:16","guid":{"rendered":"https:\/\/em-tek.hu\/?page_id=1487"},"modified":"2021-04-14T17:23:38","modified_gmt":"2021-04-14T17:23:38","slug":"industria-moraritului","status":"publish","type":"page","link":"https:\/\/em-tek.hu\/ro\/produse-2\/industria-moraritului\/","title":{"rendered":"Industria moraritului"},"content":{"rendered":"<p>[vc_row full_width=&#8221;stretch_row&#8221; css=&#8221;.vc_custom_1618421019184{margin-top: -70px !important;background-image: url(https:\/\/em-tek.hu\/wp-content\/uploads\/2021\/03\/4907157-scaled.jpg?id=1981) !important;background-position: center !important;background-repeat: no-repeat !important;background-size: cover !important;}&#8221;][vc_column][vc_column_text]<\/p>\n<p style=\"text-align: center;\">V\u0103 rug\u0103m s\u0103 alege\u021bi dintre produsele noastre de filtrare a industria moraritului de mai jos.<\/p>\n<p>[\/vc_column_text][vc_row_inner][vc_column_inner width=&#8221;1\/2&#8243;][vc_column_text css=&#8221;.vc_custom_1618418177460{margin-right: 0px !important;padding-top: 20px !important;padding-right: 20px !important;padding-bottom: 20px !important;padding-left: 20px !important;background-color: #a3a3a3 !important;border-radius: 5px !important;}&#8221;]<\/p>\n<p style=\"text-align: center;\"><a href=\"https:\/\/em-tek.hu\/ro\/produse-2\/industria-moraritului\/tesaturi-pentru-site\/\"><span style=\"font-size: 14pt;\"><span style=\"color: #ffffff;\">Tesaturi pentru site<\/span> <\/span><\/a><\/p>\n<p>[\/vc_column_text][\/vc_column_inner][vc_column_inner width=&#8221;1\/2&#8243;][vc_column_text css=&#8221;.vc_custom_1618419539930{margin-right: 0px !important;padding-top: 20px !important;padding-right: 20px !important;padding-bottom: 20px !important;padding-left: 20px !important;background-color: #a3a3a3 !important;}&#8221;]<\/p>\n<p style=\"text-align: center;\"><span style=\"color: #ffffff;\"><a style=\"color: #ffffff;\" href=\"https:\/\/em-tek.hu\/ro\/produse-2\/industria-moraritului\/accesorii-ajutatoare-pentru-morarit\/\"><span style=\"font-size: 14pt;\">Accesorii ajutatoare pentru morarit<\/span><\/a><\/span><\/p>\n<p>[\/vc_column_text][\/vc_column_inner][\/vc_row_inner][vc_separator style=&#8221;shadow&#8221;][vc_column_text]<\/p>\n<h2>Ai o intrebare? \u00centreba\u021bi acum.<\/h2>\n<div class=\"caldera-grid\" id=\"caldera_form_1\" data-cf-ver=\"1.9.2\" data-cf-form-id=\"CF5fb7bc17ca612\"><div id=\"caldera_notices_1\" data-spinner=\"https:\/\/em-tek.hu\/wp-admin\/images\/spinner.gif\"><\/div><form data-instance=\"1\" class=\"CF5fb7bc17ca612 caldera_forms_form cfajax-trigger\" method=\"POST\" enctype=\"multipart\/form-data\" id=\"CF5fb7bc17ca612_1\" data-form-id=\"CF5fb7bc17ca612\" aria-label=\"egyoszlopos-ro\" data-target=\"#caldera_notices_1\" data-template=\"#cfajax_CF5fb7bc17ca612-tmpl\" data-cfajax=\"CF5fb7bc17ca612\" data-load-element=\"_parent\" data-load-class=\"cf_processing\" data-post-disable=\"0\" data-action=\"cf_process_ajax_submit\" data-request=\"https:\/\/em-tek.hu\/ro\/\/cf-api\/CF5fb7bc17ca612\" data-hiderows=\"true\">\r\n<input type=\"hidden\" id=\"_cf_verify_CF5fb7bc17ca612\" name=\"_cf_verify\" value=\"511bf9413a\"  data-nonce-time=\"1776011147\" \/><input type=\"hidden\" name=\"_wp_http_referer\" value=\"\/ro\/wp-json\/wp\/v2\/pages\/1487\" \/><div id=\"cf2-CF5fb7bc17ca612_1\"><\/div><input type=\"hidden\" name=\"_cf_frm_id\" value=\"CF5fb7bc17ca612\">\r\n<input type=\"hidden\" name=\"_cf_frm_ct\" value=\"1\">\r\n<input type=\"hidden\" name=\"cfajax\" value=\"CF5fb7bc17ca612\">\r\n<input type=\"hidden\" name=\"_cf_cr_pst\" value=\"1487\">\r\n<div class=\"hide\" style=\"display:none; overflow:hidden;height:0;width:0;\">\r\n<label>Phone<\/label><input type=\"text\" name=\"phone\" value=\"\" autocomplete=\"off\">\r\n<\/div><div id=\"CF5fb7bc17ca612_1-row-1\"  class=\"row  first_row\"><div  class=\"col-sm-12  single\"><div data-field-wrapper=\"fld_8768091\" class=\"form-group\" id=\"fld_8768091_1-wrap\">\r\n\t<label id=\"fld_8768091Label\" for=\"fld_8768091_1\" class=\"control-label\">Nume: <span aria-hidden=\"true\" role=\"presentation\" class=\"field_required\" style=\"color:#ee0000;\">*<\/span><\/label>\r\n\t<div class=\"\">\r\n\t\t<input   required type=\"text\" data-field=\"fld_8768091\" class=\" form-control\" id=\"fld_8768091_1\" name=\"fld_8768091\" value=\"\" data-type=\"text\" aria-required=\"true\"   aria-labelledby=\"fld_8768091Label\" >\t\t\t<\/div>\r\n<\/div>\r\n<div data-field-wrapper=\"fld_2334415\" class=\"form-group\" id=\"fld_2334415_1-wrap\">\r\n\t<label id=\"fld_2334415Label\" for=\"fld_2334415_1\" class=\"control-label\">E-mail: <span aria-hidden=\"true\" role=\"presentation\" class=\"field_required\" style=\"color:#ee0000;\">*<\/span><\/label>\r\n\t<div class=\"\">\r\n\t\t<input   required type=\"email\" data-field=\"fld_2334415\" class=\" form-control\" id=\"fld_2334415_1\" name=\"fld_2334415\" value=\"\" data-type=\"email\" aria-required=\"true\"   aria-labelledby=\"fld_2334415Label\" >\t\t\t<\/div>\r\n<\/div>\r\n<div data-field-wrapper=\"fld_9302995\" class=\"form-group\" id=\"fld_9302995_1-wrap\">\r\n\t<label id=\"fld_9302995Label\" for=\"fld_9302995_1\" class=\"control-label\">Numar de telefon: <span aria-hidden=\"true\" role=\"presentation\" class=\"field_required\" style=\"color:#ee0000;\">*<\/span><\/label>\r\n\t<div class=\"\">\r\n\t\t<input  data-inputmask=\"'mask': '+99 99 999 9999'\"  required type=\"phone\" data-field=\"fld_9302995\" class=\" form-control\" id=\"fld_9302995_1\" name=\"fld_9302995\" value=\"\" data-type=\"phone\" aria-required=\"true\"   aria-labelledby=\"fld_9302995Label\" >\t\t\t<\/div>\r\n<\/div>\r\n<\/div><\/div><div id=\"CF5fb7bc17ca612_1-row-2\"  class=\"row \"><div  class=\"col-sm-12  single\"><div data-field-wrapper=\"fld_7683514\" class=\"form-group\" id=\"fld_7683514_1-wrap\">\r\n\t<label id=\"fld_7683514Label\" for=\"fld_7683514_1\" class=\"control-label\">Cum v\u0103 putem ajuta? <span aria-hidden=\"true\" role=\"presentation\" class=\"field_required\" style=\"color:#ee0000;\">*<\/span><\/label>\r\n\t<div class=\"\">\r\n\t\t<textarea name=\"fld_7683514\" value=\"\" data-field=\"fld_7683514\" class=\"form-control\" id=\"fld_7683514_1\" rows=\"4\"  required=\"required\"  aria-labelledby=\"fld_7683514Label\" ><\/textarea>\n\t\t\t<\/div>\r\n<\/div>\r\n<\/div><\/div><div id=\"CF5fb7bc17ca612_1-row-3\"  class=\"row  last_row\"><div  class=\"col-sm-12  single\"><div data-field-wrapper=\"fld_7908577\" class=\"form-group\" id=\"fld_7908577_1-wrap\">\r\n<div class=\"\">\r\n\t<input  class=\"btn btn-default\" type=\"submit\" name=\"fld_7908577\" id=\"fld_7908577_1\" value=\"Trimite mesaj\" data-field=\"fld_7908577\"  >\n<\/div>\r\n<\/div>\r\n\t<input class=\"button_trigger_1\" type=\"hidden\" name=\"fld_7908577\" id=\"fld_7908577_1_btn\" value=\"\" data-field=\"fld_7908577\"  \/>\n<\/div><\/div><\/form>\r\n<\/div>\r\n\n<p>[\/vc_column_text][vc_separator style=&#8221;shadow&#8221;][\/vc_column][\/vc_row]<\/p>\n","protected":false},"excerpt":{"rendered":"<p>[vc_row full_width=&#8221;stretch_row&#8221; css=&#8221;.vc_custom_1618421019184{margin-top: -70px !important;background-image: url(https:\/\/em-tek.hu\/wp-content\/uploads\/2021\/03\/4907157-scaled.jpg?id=1981) !important;background-position: center !important;background-repeat: no-repeat !important;background-size: cover !important;}&#8221;][vc_column][vc_column_text] V\u0103 rug\u0103m s\u0103 alege\u021bi dintre produsele noastre de filtrare a industria moraritului de mai jos. [\/vc_column_text][vc_row_inner][vc_column_inner width=&#8221;1\/2&#8243;][vc_column_text css=&#8221;.vc_custom_1618418177460{margin-right: 0px !important;padding-top: 20px !important;padding-right: 20px !important;padding-bottom: 20px !important;padding-left: 20px !important;background-color: #a3a3a3 !important;border-radius: 5px !important;}&#8221;] Tesaturi pentru site [\/vc_column_text][\/vc_column_inner][vc_column_inner width=&#8221;1\/2&#8243;][vc_column_text css=&#8221;.vc_custom_1618419539930{margin-right: 0px !important;padding-top: 20px !important;padding-right: [&hellip;]<\/p>\n","protected":false},"author":1,"featured_media":0,"parent":1457,"menu_order":0,"comment_status":"closed","ping_status":"closed","template":"","meta":{"_acf_changed":false,"footnotes":""},"class_list":["post-1487","page","type-page","status-publish","hentry"],"acf":[],"_links":{"self":[{"href":"https:\/\/em-tek.hu\/ro\/wp-json\/wp\/v2\/pages\/1487","targetHints":{"allow":["GET"]}}],"collection":[{"href":"https:\/\/em-tek.hu\/ro\/wp-json\/wp\/v2\/pages"}],"about":[{"href":"https:\/\/em-tek.hu\/ro\/wp-json\/wp\/v2\/types\/page"}],"author":[{"embeddable":true,"href":"https:\/\/em-tek.hu\/ro\/wp-json\/wp\/v2\/users\/1"}],"replies":[{"embeddable":true,"href":"https:\/\/em-tek.hu\/ro\/wp-json\/wp\/v2\/comments?post=1487"}],"version-history":[{"count":10,"href":"https:\/\/em-tek.hu\/ro\/wp-json\/wp\/v2\/pages\/1487\/revisions"}],"predecessor-version":[{"id":2091,"href":"https:\/\/em-tek.hu\/ro\/wp-json\/wp\/v2\/pages\/1487\/revisions\/2091"}],"up":[{"embeddable":true,"href":"https:\/\/em-tek.hu\/ro\/wp-json\/wp\/v2\/pages\/1457"}],"wp:attachment":[{"href":"https:\/\/em-tek.hu\/ro\/wp-json\/wp\/v2\/media?parent=1487"}],"curies":[{"name":"wp","href":"https:\/\/api.w.org\/{rel}","templated":true}]}}