{"id":1505,"date":"2020-11-21T19:01:59","date_gmt":"2020-11-21T19:01:59","guid":{"rendered":"https:\/\/em-tek.hu\/?page_id=1505"},"modified":"2021-05-20T15:41:20","modified_gmt":"2021-05-20T15:41:20","slug":"saci-de-filtrare","status":"publish","type":"page","link":"https:\/\/em-tek.hu\/ro\/produse-2\/tehnica-friltrarii-industriale-a-aerului-si-prafului\/saci-de-filtrare\/","title":{"rendered":"Saci de filtrare"},"content":{"rendered":"<p>[vc_row css=&#8221;.vc_custom_1604907993688{margin-top: -20px !important;}&#8221;][vc_column][vc_column_text]<\/p>\n<h1>Saci de filtrare si exhaustare<\/h1>\n<p>[\/vc_column_text][vc_separator style=&#8221;shadow&#8221;][vc_row_inner][vc_column_inner width=&#8221;2\/3&#8243;][vc_column_text]Cele mai utilizate produse a societatii , este diversitatea de saciilor de filtrare si exhaustare pe care le realiz\u0103m pentru aproape fiecare industrie in propria noastr\u0103 fabric\u0103 de confectionare. Clien\u021bii no\u0219tri se a\u0219teapt\u0103 s\u0103 recomand\u0103m elemente de filtrare realizate pentru o anumit\u0103 sarcin\u0103 de filtrare,exhaustare motiv pentru care am selectat furnizori de materii prime pe baza unei calit\u0103\u021bi considerabile \u0219i fiabile. Reglement\u0103rile de mediu din ce \u00een ce mai stricte au dat nastere unei game largi de materiale filtrante din care este posibil s\u0103 selecta\u021bam pe cel mai potrivit dup\u0103 completarea chestionarului nostru de func\u021bionare. Prin intermediul furnizorilor no\u0219tri reprezenta\u021bi exclusiv, monitoriz\u0103m dezvoltarea pie\u021bei tehnologiei de filtrare \u0219i inform\u0103m \u00een mod regulat partenerii no\u0219tri despre noile evolu\u021bii. Preg\u0103tirea tehnic\u0103 a fabricii noastre de confectionare din Gy\u0151r permite producerea de modele unice \u0219i complicate \u0219i un num\u0103r mare de saci de filtrare, saci de exhaustare. Laboratorul nostru v\u0103 va ajuta s\u0103 determina\u021bi speran\u021ba de via\u021b\u0103 a sacilor \u0219i s\u0103 afla\u021bi cauza oric\u0103ror leziuni, pentru care va fi \u00eentocmit un raport. De asemenea, p\u0103str\u0103m \u00een stoc pulberea indicatoare necesar\u0103 pentru a verifica etan\u0219eitatea sacilor \u0219i a echipamentului de filtrare si exhaustare, care este pus\u0103 la dispozi\u021bie \u00een cantitatea potrivit\u0103 pentru fiecare filtru in parte. Ca parte a serviciului nostru complet, echipa noastr\u0103 de instalare contribuie la o func\u021bionare profesional\u0103 \u0219i economic\u0103 prin sondaje la fa\u021ba locului, sfaturi de specialitate \u0219i \u00eenlocuirea la cerere a sacilor de filtrare saciilor de exhaustare.[\/vc_column_text][\/vc_column_inner][vc_column_inner width=&#8221;1\/3&#8243;][vc_column_text]<\/p>\n<p style=\"text-align: center;\"><span style=\"font-size: 14pt;\"><strong>Bagiu Melinda<\/strong><\/span><br \/>\n<span style=\"font-size: 14pt;\">Telefon:\u00a0<a href=\"tel:0040730085520\">+407300\/85520<\/a><\/span><br \/>\n<span style=\"font-size: 14pt;\">Fax:\u00a0<a href=\"tel:0040356107787\">+403561\/07787<\/a><br \/>\n<b><a href=\"mailto:melinda.bagiu@ecofilt.eu\" target=\"_blank\" rel=\"noopener\">melinda.bagiu@ecofilt.eu<\/a><\/b><br \/>\n<a href=\"mailto:office@ecofilt.eu\">office@ecofilt.eu<\/a><\/span><\/p>\n<p>[\/vc_column_text][vc_column_text]<img loading=\"lazy\" decoding=\"async\" class=\"size-medium wp-image-248 aligncenter\" src=\"https:\/\/em-tek.hu\/wp-content\/uploads\/2020\/11\/Saci-de-filtrare3-e1605893426934.jpg\" alt=\"\" width=\"300\" height=\"200\" \/>[\/vc_column_text][\/vc_column_inner][\/vc_row_inner][vc_separator style=&#8221;shadow&#8221;][vc_column_text]<style> #grid-gallery-37-76553 .grid-gallery-caption[data-grid-gallery-type=\"show-on-hover\"]:hover figcaption, #grid-gallery-37-76553 .grid-gallery-caption[data-grid-gallery-type=\"show-on-hover\"].hovered figcaption, #grid-gallery-37-76553 .grid-gallery-caption[data-grid-gallery-type=\"show-on-hover\"]:active figcaption { background-color:rgba(52,152,219,0) !important; } <\/style> <div id=\"grid-gallery-37-76553\" data-gg-id=\"37\" data-title=\"2.1.1 RO\" data-grid-type=\"0\" data-offset=\"7\" data-area-position=\"center\" data-icons=\"false\" data-preloader=\"true\" data-width=\"100\" data-height=\"100\" data-padding=\"0\" data-quicksand=\"disabled\" data-quicksand-duration=\"none\" data-popup-theme=\"theme_6\" data-popup-type=\"pretty-photo\" data-popup-image-text=\"data-description\" data-popup-widthsize=\"auto\" data-popup-heightsize=\"auto\" data-popup-i18n-words=\"{&quot;close&quot;:&quot;close&quot;,&quot;next&quot;:&quot;next&quot;,&quot;previous&quot;:&quot;previous&quot;,&quot;start_slideshow&quot;:&quot;start slideshow&quot;,&quot;stop_slideshow&quot;:&quot;stop slideshow&quot;,&quot;image&quot;:&quot;image&quot;,&quot;of&quot;:&quot;of&quot;,&quot;prev&quot;:&quot;prev&quot;,&quot;cExpand&quot;:&quot;Expand&quot;,&quot;cPrevious&quot;:&quot;Previous&quot;,&quot;cNext&quot;:&quot;Next&quot;,&quot;cExpandStr&quot;:&quot;Expand the image&quot;,&quot;cRotate&quot;:&quot;Rotate&quot;,&quot;cDetails&quot;:&quot;Details&quot;}\" data-popup-slideshow=\"false\" data-popup-slideshow-speed=\"2500\" data-popup-hoverstop=\"true\" data-popup-slideshow-auto=\"false\" data-popup-background=\"\" data-popup-transparency=\"30\" data-popup-disable-history=\"\" data-popup-disable-changed-url=\"\" data-popup-border-type=\"solid\" data-popup-border-color=\"\" data-popup-border-width=\"\" data-popup-border-enable=\"\" data-fullscreen=\"false\" data-hide-tooltip=\"false\" data-caption-font-family=\"Default\" data-caption-text-size=\"140\" data-is-mobile=\"0\" data-caption-mobile=\"false\" data-hide-long-tltp-title=\"0\" data-caption-disabled-on-mobile=\"false\" data-lazyload-enable='1' data-lazyload-effect=\"show\" data-lazyload-effect-duration=\"400\" data-popup-placement-type=\"0\" data-social-sharing=\"{&quot;enabled&quot;:&quot;&quot;,&quot;gallerySharing&quot;:{&quot;enabled&quot;:null,&quot;position&quot;:null},&quot;imageSharing&quot;:{&quot;enabled&quot;:null,&quot;wrapperClass&quot;:&quot; vertical &quot;},&quot;popupSharing&quot;:{&quot;enabled&quot;:null,&quot;wrapperClass&quot;:&quot; vertical &quot;}}\" class=\"grid-gallery grid-gallery-fixed \" style=\" width:100%; height:auto; margin-left:auto; margin-right:auto;position:relative;\" data-popup-video=\"null\" data-popup-disable-source-image-for-linked-img=\"0\" data-popup-enable-download-photos-button=\"0\" data-thumbnail-size=\"150x150\"> <div class=\"gallery-loading\"> <div class=\"la-\" style=\"color:#0073AA\"> <div><\/div> <div><\/div> <\/div> <\/div> <div class=\"gallery-sharing-top\" style=\"display:none;\"> <\/div> <div id=\"photos-37\" class=\"grid-gallery-photos\"><a data-attachment-id=\"1028\" id=\"gg-37-183\" class=\"gg-link \" data-attachment-id=\"1028\" href=\"https:\/\/em-tek.hu\/wp-content\/uploads\/2020\/11\/Saci-de-filtrare1.jpg?gid=37\" target=\"_self\" title=\"_Saci de filtrare1\" data-rel=\"prettyPhoto[pp_gal]\" style=\"border-radius:100%;\" ><FIGURE data-tags=\"\" data-id=\"183\" class=\"grid-gallery-caption\" data-grid-gallery-type=\"center\" data-index=\"0\" style=\"display:none;border:5px solid #ffffff; border-radius:100%; box-shadow:0px 0px 10px #000000;; margin:7px; width:1000;\" ><div class=\"crop\" style=\" width:1000; height:1000; overflow:hidden;\"><img decoding=\"async\" data-gg-real-image-href=\"https:\/\/em-tek.hu\/wp-content\/uploads\/2020\/11\/Saci-de-filtrare1-100x100.jpg\" src=\"https:\/\/em-tek.hu\/wp-content\/plugins\/gallery-by-supsystic\/src\/GridGallery\/Galleries\/assets\/img\/loading.gif\" class=\"ggImg ggLazyImg\" alt=\"_Saci de filtrare1\" title=\"_Saci de filtrare1\" data-description=\"_Saci de filtrare1\" data-caption=\"_Saci de filtrare1\" data-title=\"_Saci de filtrare1\" style=\" width:100px; height:100px;\" \/><\/div><FIGCAPTION class=\"\" data-alpha=\"10\" style=\"color:#ffffff; background-color:#3498db; font-size:140; text-align:left; font-family:Default;\" ><div class=\"grid-gallery-figcaption-wrap\" style=\" vertical-align:top;\"><\/div><\/FIGCAPTION><\/FIGURE><\/a><a data-attachment-id=\"1040\" id=\"gg-37-184\" class=\"gg-link \" data-attachment-id=\"1040\" href=\"https:\/\/em-tek.hu\/wp-content\/uploads\/2020\/11\/Materiale-filtrante-pentru-saci-filtranti.jpg?gid=37\" target=\"_self\" title=\"Materiale filtrante pentru saci filtranti\" data-rel=\"prettyPhoto[pp_gal]\" style=\"border-radius:100%;\" ><FIGURE data-tags=\"\" data-id=\"184\" class=\"grid-gallery-caption\" data-grid-gallery-type=\"center\" data-index=\"1\" style=\"display:none;border:5px solid #ffffff; border-radius:100%; box-shadow:0px 0px 10px #000000;; margin:7px; width:1000;\" ><div class=\"crop\" style=\" width:1000; height:1000; overflow:hidden;\"><img decoding=\"async\" data-gg-real-image-href=\"https:\/\/em-tek.hu\/wp-content\/uploads\/2020\/11\/Materiale-filtrante-pentru-saci-filtranti-100x100.jpg\" src=\"https:\/\/em-tek.hu\/wp-content\/plugins\/gallery-by-supsystic\/src\/GridGallery\/Galleries\/assets\/img\/loading.gif\" class=\"ggImg ggLazyImg\" alt=\"Materiale filtrante pentru saci filtranti\" title=\"Materiale filtrante pentru saci filtranti\" data-description=\"Materiale filtrante pentru saci filtranti\" data-caption=\"Materiale filtrante pentru saci filtranti\" data-title=\"Materiale filtrante pentru saci filtranti\" style=\" width:100px; height:100px;\" \/><\/div><FIGCAPTION class=\"\" data-alpha=\"10\" style=\"color:#ffffff; background-color:#3498db; font-size:140; text-align:left; font-family:Default;\" ><div class=\"grid-gallery-figcaption-wrap\" style=\" vertical-align:top;\"><\/div><\/FIGCAPTION><\/FIGURE><\/a><a data-attachment-id=\"1037\" id=\"gg-37-185\" class=\"gg-link \" data-attachment-id=\"1037\" href=\"https:\/\/em-tek.hu\/wp-content\/uploads\/2020\/11\/Cusaturi-la-sacii-de-filtrare.jpg?gid=37\" target=\"_self\" title=\"Cusaturi la sacii de filtrare\" data-rel=\"prettyPhoto[pp_gal]\" style=\"border-radius:100%;\" ><FIGURE data-tags=\"\" data-id=\"185\" class=\"grid-gallery-caption\" data-grid-gallery-type=\"center\" data-index=\"2\" style=\"display:none;border:5px solid #ffffff; border-radius:100%; box-shadow:0px 0px 10px #000000;; margin:7px; width:1000;\" ><div class=\"crop\" style=\" width:1000; height:1000; overflow:hidden;\"><img decoding=\"async\" data-gg-real-image-href=\"https:\/\/em-tek.hu\/wp-content\/uploads\/2020\/11\/Cusaturi-la-sacii-de-filtrare-100x100.jpg\" src=\"https:\/\/em-tek.hu\/wp-content\/plugins\/gallery-by-supsystic\/src\/GridGallery\/Galleries\/assets\/img\/loading.gif\" class=\"ggImg ggLazyImg\" alt=\"Cusaturi la sacii de filtrare\" title=\"Cusaturi la sacii de filtrare\" data-description=\"Cusaturi la sacii de filtrare\" data-caption=\"Cusaturi la sacii de filtrare\" data-title=\"Cusaturi la sacii de filtrare\" style=\" width:100px; height:100px;\" \/><\/div><FIGCAPTION class=\"\" data-alpha=\"10\" style=\"color:#ffffff; background-color:#3498db; font-size:140; text-align:left; font-family:Default;\" ><div class=\"grid-gallery-figcaption-wrap\" style=\" vertical-align:top;\"><\/div><\/FIGCAPTION><\/FIGURE><\/a><a data-attachment-id=\"1034\" id=\"gg-37-186\" class=\"gg-link \" data-attachment-id=\"1034\" href=\"https:\/\/em-tek.hu\/wp-content\/uploads\/2020\/11\/confectionarea-saciilor-de-filtrare-taiere-cu-laser2.jpg?gid=37\" target=\"_self\" title=\"confectionarea saciilor de filtrare- taiere cu laser2\" data-rel=\"prettyPhoto[pp_gal]\" style=\"border-radius:100%;\" ><FIGURE data-tags=\"\" data-id=\"186\" class=\"grid-gallery-caption\" data-grid-gallery-type=\"center\" data-index=\"3\" style=\"display:none;border:5px solid #ffffff; border-radius:100%; box-shadow:0px 0px 10px #000000;; margin:7px; width:1000;\" ><div class=\"crop\" style=\" width:1000; height:1000; overflow:hidden;\"><img decoding=\"async\" data-gg-real-image-href=\"https:\/\/em-tek.hu\/wp-content\/uploads\/2020\/11\/confectionarea-saciilor-de-filtrare-taiere-cu-laser2-100x100.jpg\" src=\"https:\/\/em-tek.hu\/wp-content\/plugins\/gallery-by-supsystic\/src\/GridGallery\/Galleries\/assets\/img\/loading.gif\" class=\"ggImg ggLazyImg\" alt=\"confectionarea saciilor de filtrare- taiere cu laser2\" title=\"confectionarea saciilor de filtrare- taiere cu laser2\" data-description=\"confectionarea saciilor de filtrare- taiere cu laser2\" data-caption=\"confectionarea saciilor de filtrare- taiere cu laser2\" data-title=\"confectionarea saciilor de filtrare- taiere cu laser2\" style=\" width:100px; height:100px;\" \/><\/div><FIGCAPTION class=\"\" data-alpha=\"10\" style=\"color:#ffffff; background-color:#3498db; font-size:140; text-align:left; font-family:Default;\" ><div class=\"grid-gallery-figcaption-wrap\" style=\" vertical-align:top;\"><\/div><\/FIGCAPTION><\/FIGURE><\/a><a data-attachment-id=\"1031\" id=\"gg-37-187\" class=\"gg-link \" data-attachment-id=\"1031\" href=\"https:\/\/em-tek.hu\/wp-content\/uploads\/2020\/11\/confectionarea-saciilor-de-filtrare-taiere-cu-laser1.jpg?gid=37\" target=\"_self\" title=\"confectionarea saciilor de filtrare- taiere cu laser1\" data-rel=\"prettyPhoto[pp_gal]\" style=\"border-radius:100%;\" ><FIGURE data-tags=\"\" data-id=\"187\" class=\"grid-gallery-caption\" data-grid-gallery-type=\"center\" data-index=\"4\" style=\"display:none;border:5px solid #ffffff; border-radius:100%; box-shadow:0px 0px 10px #000000;; margin:7px; width:1000;\" ><div class=\"crop\" style=\" width:1000; height:1000; overflow:hidden;\"><img decoding=\"async\" data-gg-real-image-href=\"https:\/\/em-tek.hu\/wp-content\/uploads\/2020\/11\/confectionarea-saciilor-de-filtrare-taiere-cu-laser1-100x100.jpg\" src=\"https:\/\/em-tek.hu\/wp-content\/plugins\/gallery-by-supsystic\/src\/GridGallery\/Galleries\/assets\/img\/loading.gif\" class=\"ggImg ggLazyImg\" alt=\"confectionarea saciilor de filtrare- taiere cu laser1\" title=\"confectionarea saciilor de filtrare- taiere cu laser1\" data-description=\"confectionarea saciilor de filtrare- taiere cu laser1\" data-caption=\"confectionarea saciilor de filtrare- taiere cu laser1\" data-title=\"confectionarea saciilor de filtrare- taiere cu laser1\" style=\" width:100px; height:100px;\" \/><\/div><FIGCAPTION class=\"\" data-alpha=\"10\" style=\"color:#ffffff; background-color:#3498db; font-size:140; text-align:left; font-family:Default;\" ><div class=\"grid-gallery-figcaption-wrap\" style=\" vertical-align:top;\"><\/div><\/FIGCAPTION><\/FIGURE><\/a><a data-attachment-id=\"1025\" id=\"gg-37-188\" class=\"gg-link \" data-attachment-id=\"1025\" href=\"https:\/\/em-tek.hu\/wp-content\/uploads\/2020\/11\/Saci-de-filtrare3-e1605893426934.jpg?gid=37\" target=\"_self\" title=\"Saci de filtrare3\" data-rel=\"prettyPhoto[pp_gal]\" style=\"border-radius:100%;\" ><FIGURE data-tags=\"\" data-id=\"188\" class=\"grid-gallery-caption\" data-grid-gallery-type=\"center\" data-index=\"5\" style=\"display:none;border:5px solid #ffffff; border-radius:100%; box-shadow:0px 0px 10px #000000;; margin:7px; width:1000;\" ><div class=\"crop\" style=\" width:1000; height:1000; overflow:hidden;\"><img decoding=\"async\" data-gg-real-image-href=\"https:\/\/em-tek.hu\/wp-content\/uploads\/2020\/11\/Saci-de-filtrare3-e1605893426934-100x100.jpg\" src=\"https:\/\/em-tek.hu\/wp-content\/plugins\/gallery-by-supsystic\/src\/GridGallery\/Galleries\/assets\/img\/loading.gif\" class=\"ggImg ggLazyImg\" alt=\"Saci de filtrare3\" title=\"Saci de filtrare3\" data-description=\"Saci de filtrare3\" data-caption=\"Saci de filtrare3\" data-title=\"Saci de filtrare3\" style=\" width:100px; height:100px;\" \/><\/div><FIGCAPTION class=\"\" data-alpha=\"10\" style=\"color:#ffffff; background-color:#3498db; font-size:140; text-align:left; font-family:Default;\" ><div class=\"grid-gallery-figcaption-wrap\" style=\" vertical-align:top;\"><\/div><\/FIGCAPTION><\/FIGURE><\/a><a data-attachment-id=\"1022\" id=\"gg-37-189\" class=\"gg-link \" data-attachment-id=\"1022\" href=\"https:\/\/em-tek.hu\/wp-content\/uploads\/2020\/11\/Saci-de-filtrare2.jpg?gid=37\" target=\"_self\" title=\"Saci de filtrare2\" data-rel=\"prettyPhoto[pp_gal]\" style=\"border-radius:100%;\" ><FIGURE data-tags=\"\" data-id=\"189\" class=\"grid-gallery-caption\" data-grid-gallery-type=\"center\" data-index=\"6\" style=\"display:none;border:5px solid #ffffff; border-radius:100%; box-shadow:0px 0px 10px #000000;; margin:7px; width:1000;\" ><div class=\"crop\" style=\" width:1000; height:1000; overflow:hidden;\"><img decoding=\"async\" data-gg-real-image-href=\"https:\/\/em-tek.hu\/wp-content\/uploads\/2020\/11\/Saci-de-filtrare2-100x100.jpg\" src=\"https:\/\/em-tek.hu\/wp-content\/plugins\/gallery-by-supsystic\/src\/GridGallery\/Galleries\/assets\/img\/loading.gif\" class=\"ggImg ggLazyImg\" alt=\"Saci de filtrare2\" title=\"Saci de filtrare2\" data-description=\"Saci de filtrare2\" data-caption=\"Saci de filtrare2\" data-title=\"Saci de filtrare2\" style=\" width:100px; height:100px;\" \/><\/div><FIGCAPTION class=\"\" data-alpha=\"10\" style=\"color:#ffffff; background-color:#3498db; font-size:140; text-align:left; font-family:Default;\" ><div class=\"grid-gallery-figcaption-wrap\" style=\" vertical-align:top;\"><\/div><\/FIGCAPTION><\/FIGURE><\/a> <div class=\"grid-gallery-clearfix\"><\/div> <\/div> <div class=\"gallery-sharing-bottom\" style=\"display:none;\"> <\/div> <div class=\"gallery-sharing-image\" style=\"display:none;\"> <\/div> <div class=\"gallery-sharing-popup\" style=\"display:none;\"> <\/div> <div class=\"grid-gallery-clearfix\"><\/div> <\/div> <!-- Gallery by Supsystic plugin1.15.31 \/2.9.16 --> <style> <\/style><a title=\"\" style=\"display:none;\" href=\"https:\/\/supsystic.com\/plugins\/photo-gallery\/?utm_medium=love_link\" target=\"_blank\"><\/a>[\/vc_column_text][\/vc_column][\/vc_row]<\/p>\n","protected":false},"excerpt":{"rendered":"<p>[vc_row css=&#8221;.vc_custom_1604907993688{margin-top: -20px !important;}&#8221;][vc_column][vc_column_text] Saci de filtrare si exhaustare [\/vc_column_text][vc_separator style=&#8221;shadow&#8221;][vc_row_inner][vc_column_inner width=&#8221;2\/3&#8243;][vc_column_text]Cele mai utilizate produse a societatii , este diversitatea de saciilor de filtrare si exhaustare pe care le realiz\u0103m pentru aproape fiecare industrie in propria noastr\u0103 fabric\u0103 de confectionare. Clien\u021bii no\u0219tri se a\u0219teapt\u0103 s\u0103 recomand\u0103m elemente de filtrare realizate pentru o anumit\u0103 sarcin\u0103 de [&hellip;]<\/p>\n","protected":false},"author":1,"featured_media":0,"parent":1464,"menu_order":0,"comment_status":"closed","ping_status":"closed","template":"","meta":{"_acf_changed":false,"footnotes":""},"class_list":["post-1505","page","type-page","status-publish","hentry"],"acf":[],"_links":{"self":[{"href":"https:\/\/em-tek.hu\/ro\/wp-json\/wp\/v2\/pages\/1505","targetHints":{"allow":["GET"]}}],"collection":[{"href":"https:\/\/em-tek.hu\/ro\/wp-json\/wp\/v2\/pages"}],"about":[{"href":"https:\/\/em-tek.hu\/ro\/wp-json\/wp\/v2\/types\/page"}],"author":[{"embeddable":true,"href":"https:\/\/em-tek.hu\/ro\/wp-json\/wp\/v2\/users\/1"}],"replies":[{"embeddable":true,"href":"https:\/\/em-tek.hu\/ro\/wp-json\/wp\/v2\/comments?post=1505"}],"version-history":[{"count":5,"href":"https:\/\/em-tek.hu\/ro\/wp-json\/wp\/v2\/pages\/1505\/revisions"}],"predecessor-version":[{"id":2161,"href":"https:\/\/em-tek.hu\/ro\/wp-json\/wp\/v2\/pages\/1505\/revisions\/2161"}],"up":[{"embeddable":true,"href":"https:\/\/em-tek.hu\/ro\/wp-json\/wp\/v2\/pages\/1464"}],"wp:attachment":[{"href":"https:\/\/em-tek.hu\/ro\/wp-json\/wp\/v2\/media?parent=1505"}],"curies":[{"name":"wp","href":"https:\/\/api.w.org\/{rel}","templated":true}]}}