{"id":1511,"date":"2020-11-21T19:15:28","date_gmt":"2020-11-21T19:15:28","guid":{"rendered":"https:\/\/em-tek.hu\/?page_id=1511"},"modified":"2020-11-26T10:08:17","modified_gmt":"2020-11-26T10:08:17","slug":"materiale-filtrante-si-fetru","status":"publish","type":"page","link":"https:\/\/em-tek.hu\/ro\/produse-2\/filtrare-umeda\/materiale-filtrante-si-fetru\/","title":{"rendered":"Materiale filtrante si Fetru"},"content":{"rendered":"<p>[vc_row][vc_column][vc_column_text]<\/p>\n<h1>Materiale filtrante si Fetru<\/h1>\n<p>[\/vc_column_text][vc_column_text]<strong>Materiale filtrante si Fetru<\/strong><\/p>\n<p>Materialele noastre de filtrare sunt, de asemenea, excelente pentru filtre cu tambur \u0219i centrifuge. De asemenea, ne angaj\u0103m s\u0103 producem si cele mai speciale modele. Asamblarea economic\u0103 este facilitat\u0103 de materia prim\u0103 cu l\u0103\u021bime mare.<\/p>\n<p><strong>Fetru filtrant pe rola, pentru filtrarea emulsiei:<\/strong><\/p>\n<p>Domeniul de aplicare al materialului nostru este filtrarea emulsiilor ma\u0219inilor de prelucrare a metalelor. Materialele noastre sunt pe rola, \u00eentr-o l\u0103\u021bime unic\u0103, \u00eentr-o lungime adaptat\u0103 nevoilor clien\u021bilor no\u0219tri.<\/p>\n<p><strong>Filtrarea materialelor \u00een debitmetre:<\/strong><\/p>\n<p>De asemenea, oferim \u021bes\u0103turile noastre \u00een debitmetre, care sunt realizate din monofilament, multifilament, mo \/ mu sau fibre.<\/p>\n<p><strong>\u00cen unele cazuri, pot fi necesare diferite finisaje:<\/strong><\/p>\n<p style=\"padding-left: 40px;\">&#8211; stabilizare termic\u0103<br \/>\n&#8211; netezire<br \/>\n&#8211; design antistatic[\/vc_column_text][\/vc_column][\/vc_row][vc_row][vc_column][vc_column_text]<style> #grid-gallery-45-22780 .grid-gallery-caption[data-grid-gallery-type=\"show-on-hover\"]:hover figcaption, #grid-gallery-45-22780 .grid-gallery-caption[data-grid-gallery-type=\"show-on-hover\"].hovered figcaption, #grid-gallery-45-22780 .grid-gallery-caption[data-grid-gallery-type=\"show-on-hover\"]:active figcaption { background-color:rgba(111,0,0,0.5) !important; } <\/style> <div id=\"grid-gallery-45-22780\" data-gg-id=\"45\" data-title=\"2.2.2 RO\" data-grid-type=\"0\" data-offset=\"7\" data-area-position=\"center\" data-icons=\"false\" data-preloader=\"true\" data-width=\"100\" data-height=\"100\" data-padding=\"0\" data-quicksand=\"disabled\" data-quicksand-duration=\"none\" data-popup-theme=\"theme_6\" data-popup-type=\"pretty-photo\" data-popup-image-text=\"data-description\" data-popup-widthsize=\"auto\" data-popup-heightsize=\"auto\" data-popup-i18n-words=\"{&quot;close&quot;:&quot;close&quot;,&quot;next&quot;:&quot;next&quot;,&quot;previous&quot;:&quot;previous&quot;,&quot;start_slideshow&quot;:&quot;start slideshow&quot;,&quot;stop_slideshow&quot;:&quot;stop slideshow&quot;,&quot;image&quot;:&quot;image&quot;,&quot;of&quot;:&quot;of&quot;,&quot;prev&quot;:&quot;prev&quot;,&quot;cExpand&quot;:&quot;Expand&quot;,&quot;cPrevious&quot;:&quot;Previous&quot;,&quot;cNext&quot;:&quot;Next&quot;,&quot;cExpandStr&quot;:&quot;Expand the image&quot;,&quot;cRotate&quot;:&quot;Rotate&quot;,&quot;cDetails&quot;:&quot;Details&quot;}\" data-popup-slideshow=\"false\" data-popup-slideshow-speed=\"2500\" data-popup-hoverstop=\"true\" data-popup-slideshow-auto=\"false\" data-popup-background=\"\" data-popup-transparency=\"30\" data-popup-disable-history=\"\" data-popup-disable-changed-url=\"\" data-popup-border-type=\"solid\" data-popup-border-color=\"\" data-popup-border-width=\"\" data-popup-border-enable=\"\" data-fullscreen=\"false\" data-hide-tooltip=\"false\" data-caption-font-family=\"Default\" data-caption-text-size=\"140\" data-is-mobile=\"0\" data-caption-mobile=\"false\" data-hide-long-tltp-title=\"0\" data-caption-disabled-on-mobile=\"false\" data-lazyload-enable='1' data-lazyload-effect=\"show\" data-lazyload-effect-duration=\"400\" data-popup-placement-type=\"0\" data-social-sharing=\"{&quot;enabled&quot;:&quot;&quot;,&quot;gallerySharing&quot;:{&quot;enabled&quot;:null,&quot;position&quot;:null},&quot;imageSharing&quot;:{&quot;enabled&quot;:null,&quot;wrapperClass&quot;:&quot; vertical &quot;},&quot;popupSharing&quot;:{&quot;enabled&quot;:null,&quot;wrapperClass&quot;:&quot; vertical &quot;}}\" class=\"grid-gallery grid-gallery-fixed \" style=\" width:100%; height:auto; margin-left:auto; margin-right:auto;position:relative;\" data-popup-video=\"null\" data-popup-disable-source-image-for-linked-img=\"0\" data-popup-enable-download-photos-button=\"0\" data-thumbnail-size=\"150x150\"> <div class=\"gallery-loading\"> <div class=\"la-\" style=\"color:#0073AA\"> <div><\/div> <div><\/div> <\/div> <\/div> <div class=\"gallery-sharing-top\" style=\"display:none;\"> <\/div> <div id=\"photos-45\" class=\"grid-gallery-photos\"><a data-attachment-id=\"1762\" id=\"gg-45-295\" class=\"gg-link \" data-attachment-id=\"1762\" href=\"https:\/\/em-tek.hu\/wp-content\/uploads\/2020\/11\/hartie-de-filtru.jpg?gid=45\" target=\"_self\" title=\"hartie de filtru\" data-rel=\"prettyPhoto[pp_gal]\" style=\"border-radius:100%;\" ><FIGURE data-tags=\"\" data-id=\"295\" class=\"grid-gallery-caption\" data-grid-gallery-type=\"quarter-slide-up\" data-index=\"0\" style=\"display:none;border:5px solid #fefefe; border-radius:100%; box-shadow:0px 0px 10px #000000;; margin:7px; width:1000;\" ><div class=\"crop\" style=\" width:1000; height:1000; overflow:hidden;\"><img decoding=\"async\" data-gg-real-image-href=\"https:\/\/em-tek.hu\/wp-content\/uploads\/2020\/11\/hartie-de-filtru-100x100.jpg\" src=\"https:\/\/em-tek.hu\/wp-content\/plugins\/gallery-by-supsystic\/src\/GridGallery\/Galleries\/assets\/img\/loading.gif\" class=\"ggImg ggLazyImg\" alt=\"hartie de filtru\" title=\"hartie de filtru\" data-description=\"hartie de filtru\" data-caption=\"hartie de filtru\" data-title=\"hartie de filtru\" style=\" width:100px; height:100px;\" \/><\/div><FIGCAPTION class=\"\" data-alpha=\"5\" style=\"color:#ffffff; background-color:#6f0000; font-size:140; text-align:left; font-family:Default;\" ><div class=\"grid-gallery-figcaption-wrap\" style=\" vertical-align:top;\"><\/div><\/FIGCAPTION><\/FIGURE><\/a><a data-attachment-id=\"1765\" id=\"gg-45-296\" class=\"gg-link \" data-attachment-id=\"1765\" href=\"https:\/\/em-tek.hu\/wp-content\/uploads\/2020\/11\/hartie-de-filtru2.jpg?gid=45\" target=\"_self\" title=\"hartie de filtru2\" data-rel=\"prettyPhoto[pp_gal]\" style=\"border-radius:100%;\" ><FIGURE data-tags=\"\" data-id=\"296\" class=\"grid-gallery-caption\" data-grid-gallery-type=\"quarter-slide-up\" data-index=\"1\" style=\"display:none;border:5px solid #fefefe; border-radius:100%; box-shadow:0px 0px 10px #000000;; margin:7px; width:1000;\" ><div class=\"crop\" style=\" width:1000; height:1000; overflow:hidden;\"><img decoding=\"async\" data-gg-real-image-href=\"https:\/\/em-tek.hu\/wp-content\/uploads\/2020\/11\/hartie-de-filtru2-100x100.jpg\" src=\"https:\/\/em-tek.hu\/wp-content\/plugins\/gallery-by-supsystic\/src\/GridGallery\/Galleries\/assets\/img\/loading.gif\" class=\"ggImg ggLazyImg\" alt=\"hartie de filtru2\" title=\"hartie de filtru2\" data-description=\"hartie de filtru2\" data-caption=\"hartie de filtru2\" data-title=\"hartie de filtru2\" style=\" width:100px; height:100px;\" \/><\/div><FIGCAPTION class=\"\" data-alpha=\"5\" style=\"color:#ffffff; background-color:#6f0000; font-size:140; text-align:left; font-family:Default;\" ><div class=\"grid-gallery-figcaption-wrap\" style=\" vertical-align:top;\"><\/div><\/FIGCAPTION><\/FIGURE><\/a> <div class=\"grid-gallery-clearfix\"><\/div> <\/div> <div class=\"gallery-sharing-bottom\" style=\"display:none;\"> <\/div> <div class=\"gallery-sharing-image\" style=\"display:none;\"> <\/div> <div class=\"gallery-sharing-popup\" style=\"display:none;\"> <\/div> <div class=\"grid-gallery-clearfix\"><\/div> <\/div> <!-- Gallery by Supsystic plugin1.15.31 \/2.9.16 --> <style> <\/style><a title=\"\" style=\"display:none;\" href=\"https:\/\/supsystic.com\/plugins\/photo-gallery\/?utm_medium=love_link\" target=\"_blank\"><\/a>[\/vc_column_text][\/vc_column][\/vc_row]<\/p>\n","protected":false},"excerpt":{"rendered":"<p>[vc_row][vc_column][vc_column_text] Materiale filtrante si Fetru [\/vc_column_text][vc_column_text]Materiale filtrante si Fetru Materialele noastre de filtrare sunt, de asemenea, excelente pentru filtre cu tambur \u0219i centrifuge. De asemenea, ne angaj\u0103m s\u0103 producem si cele mai speciale modele. Asamblarea economic\u0103 este facilitat\u0103 de materia prim\u0103 cu l\u0103\u021bime mare. Fetru filtrant pe rola, pentru filtrarea emulsiei: Domeniul de aplicare al [&hellip;]<\/p>\n","protected":false},"author":1,"featured_media":0,"parent":1480,"menu_order":0,"comment_status":"closed","ping_status":"closed","template":"","meta":{"_acf_changed":false,"footnotes":""},"class_list":["post-1511","page","type-page","status-publish","hentry"],"acf":[],"_links":{"self":[{"href":"https:\/\/em-tek.hu\/ro\/wp-json\/wp\/v2\/pages\/1511","targetHints":{"allow":["GET"]}}],"collection":[{"href":"https:\/\/em-tek.hu\/ro\/wp-json\/wp\/v2\/pages"}],"about":[{"href":"https:\/\/em-tek.hu\/ro\/wp-json\/wp\/v2\/types\/page"}],"author":[{"embeddable":true,"href":"https:\/\/em-tek.hu\/ro\/wp-json\/wp\/v2\/users\/1"}],"replies":[{"embeddable":true,"href":"https:\/\/em-tek.hu\/ro\/wp-json\/wp\/v2\/comments?post=1511"}],"version-history":[{"count":2,"href":"https:\/\/em-tek.hu\/ro\/wp-json\/wp\/v2\/pages\/1511\/revisions"}],"predecessor-version":[{"id":1771,"href":"https:\/\/em-tek.hu\/ro\/wp-json\/wp\/v2\/pages\/1511\/revisions\/1771"}],"up":[{"embeddable":true,"href":"https:\/\/em-tek.hu\/ro\/wp-json\/wp\/v2\/pages\/1480"}],"wp:attachment":[{"href":"https:\/\/em-tek.hu\/ro\/wp-json\/wp\/v2\/media?parent=1511"}],"curies":[{"name":"wp","href":"https:\/\/api.w.org\/{rel}","templated":true}]}}