{"id":1525,"date":"2020-11-21T19:44:22","date_gmt":"2020-11-21T19:44:22","guid":{"rendered":"https:\/\/em-tek.hu\/?page_id=1525"},"modified":"2020-11-21T20:54:24","modified_gmt":"2020-11-21T20:54:24","slug":"filtrarea-lichidelor-saci-de-filtrare","status":"publish","type":"page","link":"https:\/\/em-tek.hu\/ro\/produse-2\/filtrare-umeda\/filtrarea-lichidelor-saci-de-filtrare\/","title":{"rendered":"FILTRAREA LICHIDELOR, SACI DE FILTRARE"},"content":{"rendered":"<p>[vc_row][vc_column][vc_column_text]<\/p>\n<h1>FILTRAREA LICHIDELOR, SACI DE FILTRARE<\/h1>\n<p>[\/vc_column_text][vc_column_text]<img loading=\"lazy\" decoding=\"async\" class=\"size-medium wp-image-248 alignright\" src=\"https:\/\/em-tek.hu\/wp-content\/uploads\/2020\/11\/sac-filtrare-lichid-cu-diferite-tipuri-de-capeti1.jpg\" alt=\"\" width=\"300\" height=\"200\" \/>Producerea sacilor \u0219i a ciorapilor de filtrare \u00een dimensiuni individuale, adaptate zonelor de utilizare cu capete la partea superioara si cea inferioara.<\/p>\n<p><strong>Domenii de aplicare:<\/strong><\/p>\n<p style=\"padding-left: 40px;\">-Produc\u021bie de vopsea<br \/>\n-Produc\u021bia de ulei vegetal<br \/>\n-Industria alimentar\u0103<\/p>\n<p><strong>Pot fi preg\u0103ti\u021bi:<\/strong><\/p>\n<p style=\"padding-left: 40px;\">&#8211; De fetru ac<br \/>\n&#8211; Poliester, poliamid\u0103, polipropilen\u0103, materiale de viscoz\u0103, permeabilitate de 1-100 microni.<br \/>\n&#8211; Fabricat din material textil<br \/>\n&#8211; Poliester, realizat din material poliamidic cu o permeabilitate de 25-2000 microni.[\/vc_column_text][vc_separator style=&#8221;shadow&#8221;][vc_column_text]<style> #grid-gallery-46-1012 .grid-gallery-caption[data-grid-gallery-type=\"show-on-hover\"]:hover figcaption, #grid-gallery-46-1012 .grid-gallery-caption[data-grid-gallery-type=\"show-on-hover\"].hovered figcaption, #grid-gallery-46-1012 .grid-gallery-caption[data-grid-gallery-type=\"show-on-hover\"]:active figcaption { background-color:rgba(111,0,0,0.5) !important; } <\/style> <div id=\"grid-gallery-46-1012\" data-gg-id=\"46\" data-title=\"2.2.3 RO\" data-grid-type=\"0\" data-offset=\"7\" data-area-position=\"center\" data-icons=\"false\" data-preloader=\"true\" data-width=\"100\" data-height=\"100\" data-padding=\"0\" data-quicksand=\"disabled\" data-quicksand-duration=\"none\" data-popup-theme=\"theme_6\" data-popup-type=\"pretty-photo\" data-popup-image-text=\"data-description\" data-popup-widthsize=\"auto\" data-popup-heightsize=\"auto\" data-popup-i18n-words=\"{&quot;close&quot;:&quot;close&quot;,&quot;next&quot;:&quot;next&quot;,&quot;previous&quot;:&quot;previous&quot;,&quot;start_slideshow&quot;:&quot;start slideshow&quot;,&quot;stop_slideshow&quot;:&quot;stop slideshow&quot;,&quot;image&quot;:&quot;image&quot;,&quot;of&quot;:&quot;of&quot;,&quot;prev&quot;:&quot;prev&quot;,&quot;cExpand&quot;:&quot;Expand&quot;,&quot;cPrevious&quot;:&quot;Previous&quot;,&quot;cNext&quot;:&quot;Next&quot;,&quot;cExpandStr&quot;:&quot;Expand the image&quot;,&quot;cRotate&quot;:&quot;Rotate&quot;,&quot;cDetails&quot;:&quot;Details&quot;}\" data-popup-slideshow=\"false\" data-popup-slideshow-speed=\"2500\" data-popup-hoverstop=\"true\" data-popup-slideshow-auto=\"false\" data-popup-background=\"\" data-popup-transparency=\"30\" data-popup-disable-history=\"\" data-popup-disable-changed-url=\"\" data-popup-border-type=\"solid\" data-popup-border-color=\"\" data-popup-border-width=\"\" data-popup-border-enable=\"\" data-fullscreen=\"false\" data-hide-tooltip=\"false\" data-caption-font-family=\"Default\" data-caption-text-size=\"140\" data-is-mobile=\"0\" data-caption-mobile=\"false\" data-hide-long-tltp-title=\"0\" data-caption-disabled-on-mobile=\"false\" data-lazyload-enable='1' data-lazyload-effect=\"show\" data-lazyload-effect-duration=\"400\" data-popup-placement-type=\"0\" data-social-sharing=\"{&quot;enabled&quot;:&quot;&quot;,&quot;gallerySharing&quot;:{&quot;enabled&quot;:null,&quot;position&quot;:null},&quot;imageSharing&quot;:{&quot;enabled&quot;:null,&quot;wrapperClass&quot;:&quot; vertical &quot;},&quot;popupSharing&quot;:{&quot;enabled&quot;:null,&quot;wrapperClass&quot;:&quot; vertical &quot;}}\" class=\"grid-gallery grid-gallery-fixed \" style=\" width:100%; height:auto; margin-left:auto; margin-right:auto;position:relative;\" data-popup-video=\"null\" data-popup-disable-source-image-for-linked-img=\"0\" data-popup-enable-download-photos-button=\"0\" data-thumbnail-size=\"150x150\"> <div class=\"gallery-loading\"> <div class=\"la-\" style=\"color:#0073AA\"> <div><\/div> <div><\/div> <\/div> <\/div> <div class=\"gallery-sharing-top\" style=\"display:none;\"> <\/div> <div id=\"photos-46\" class=\"grid-gallery-photos\"><a data-attachment-id=\"1193\" id=\"gg-46-237\" class=\"gg-link \" data-attachment-id=\"1193\" href=\"https:\/\/em-tek.hu\/wp-content\/uploads\/2020\/11\/sac-filtrare-lichid-cu-diferite-tipuri-de-capeti1.jpg?gid=46\" target=\"_self\" title=\"_sac filtrare lichid cu diferite tipuri de capeti1\" data-rel=\"prettyPhoto[pp_gal]\" style=\"border-radius:100%;\" ><FIGURE data-tags=\"\" data-id=\"237\" class=\"grid-gallery-caption\" data-grid-gallery-type=\"quarter-slide-up\" data-index=\"0\" style=\"display:none;border:5px solid #fefefe; border-radius:100%; box-shadow:0px 0px 10px #000000;; margin:7px; width:1000;\" ><div class=\"crop\" style=\" width:1000; height:1000; overflow:hidden;\"><img decoding=\"async\" data-gg-real-image-href=\"https:\/\/em-tek.hu\/wp-content\/uploads\/2020\/11\/sac-filtrare-lichid-cu-diferite-tipuri-de-capeti1-100x100.jpg\" src=\"https:\/\/em-tek.hu\/wp-content\/plugins\/gallery-by-supsystic\/src\/GridGallery\/Galleries\/assets\/img\/loading.gif\" class=\"ggImg ggLazyImg\" alt=\"_sac filtrare lichid cu diferite tipuri de capeti1\" title=\"_sac filtrare lichid cu diferite tipuri de capeti1\" data-description=\"_sac filtrare lichid cu diferite tipuri de capeti1\" data-caption=\"_sac filtrare lichid cu diferite tipuri de capeti1\" data-title=\"_sac filtrare lichid cu diferite tipuri de capeti1\" style=\" width:100px; height:100px;\" \/><\/div><FIGCAPTION class=\"\" data-alpha=\"5\" style=\"color:#ffffff; background-color:#6f0000; font-size:140; text-align:left; font-family:Default;\" ><div class=\"grid-gallery-figcaption-wrap\" style=\" vertical-align:top;\"><\/div><\/FIGCAPTION><\/FIGURE><\/a><a data-attachment-id=\"1189\" id=\"gg-46-238\" class=\"gg-link \" data-attachment-id=\"1189\" href=\"https:\/\/em-tek.hu\/wp-content\/uploads\/2020\/11\/sac-filtrare-lichid-cu-suport-plastic.jpg?gid=46\" target=\"_self\" title=\"sac filtrare lichid cu suport plastic\" data-rel=\"prettyPhoto[pp_gal]\" style=\"border-radius:100%;\" ><FIGURE data-tags=\"\" data-id=\"238\" class=\"grid-gallery-caption\" data-grid-gallery-type=\"quarter-slide-up\" data-index=\"1\" style=\"display:none;border:5px solid #fefefe; border-radius:100%; box-shadow:0px 0px 10px #000000;; margin:7px; width:1000;\" ><div class=\"crop\" style=\" width:1000; height:1000; overflow:hidden;\"><img decoding=\"async\" data-gg-real-image-href=\"https:\/\/em-tek.hu\/wp-content\/uploads\/2020\/11\/sac-filtrare-lichid-cu-suport-plastic-100x100.jpg\" src=\"https:\/\/em-tek.hu\/wp-content\/plugins\/gallery-by-supsystic\/src\/GridGallery\/Galleries\/assets\/img\/loading.gif\" class=\"ggImg ggLazyImg\" alt=\"sac filtrare lichid cu suport plastic\" title=\"sac filtrare lichid cu suport plastic\" data-description=\"sac filtrare lichid cu suport plastic\" data-caption=\"sac filtrare lichid cu suport plastic\" data-title=\"sac filtrare lichid cu suport plastic\" style=\" width:100px; height:100px;\" \/><\/div><FIGCAPTION class=\"\" data-alpha=\"5\" style=\"color:#ffffff; background-color:#6f0000; font-size:140; text-align:left; font-family:Default;\" ><div class=\"grid-gallery-figcaption-wrap\" style=\" vertical-align:top;\"><\/div><\/FIGCAPTION><\/FIGURE><\/a><a data-attachment-id=\"1196\" id=\"gg-46-239\" class=\"gg-link \" data-attachment-id=\"1196\" href=\"https:\/\/em-tek.hu\/wp-content\/uploads\/2020\/11\/sac-filtrare-lichid-cu-diferite-tipuri-de-capeti2.jpg?gid=46\" target=\"_self\" title=\"sac filtrare lichid cu diferite tipuri de capeti2\" data-rel=\"prettyPhoto[pp_gal]\" style=\"border-radius:100%;\" ><FIGURE data-tags=\"\" data-id=\"239\" class=\"grid-gallery-caption\" data-grid-gallery-type=\"quarter-slide-up\" data-index=\"2\" style=\"display:none;border:5px solid #fefefe; border-radius:100%; box-shadow:0px 0px 10px #000000;; margin:7px; width:1000;\" ><div class=\"crop\" style=\" width:1000; height:1000; overflow:hidden;\"><img decoding=\"async\" data-gg-real-image-href=\"https:\/\/em-tek.hu\/wp-content\/uploads\/2020\/11\/sac-filtrare-lichid-cu-diferite-tipuri-de-capeti2-100x100.jpg\" src=\"https:\/\/em-tek.hu\/wp-content\/plugins\/gallery-by-supsystic\/src\/GridGallery\/Galleries\/assets\/img\/loading.gif\" class=\"ggImg ggLazyImg\" alt=\"sac filtrare lichid cu diferite tipuri de capeti2\" title=\"sac filtrare lichid cu diferite tipuri de capeti2\" data-description=\"sac filtrare lichid cu diferite tipuri de capeti2\" data-caption=\"sac filtrare lichid cu diferite tipuri de capeti2\" data-title=\"sac filtrare lichid cu diferite tipuri de capeti2\" style=\" width:100px; height:100px;\" \/><\/div><FIGCAPTION class=\"\" data-alpha=\"5\" style=\"color:#ffffff; background-color:#6f0000; font-size:140; text-align:left; font-family:Default;\" ><div class=\"grid-gallery-figcaption-wrap\" style=\" vertical-align:top;\"><\/div><\/FIGCAPTION><\/FIGURE><\/a> <div class=\"grid-gallery-clearfix\"><\/div> <\/div> <div class=\"gallery-sharing-bottom\" style=\"display:none;\"> <\/div> <div class=\"gallery-sharing-image\" style=\"display:none;\"> <\/div> <div class=\"gallery-sharing-popup\" style=\"display:none;\"> <\/div> <div class=\"grid-gallery-clearfix\"><\/div> <\/div> <!-- Gallery by Supsystic plugin1.15.31 \/2.9.16 --> <style> <\/style><a title=\"\" style=\"display:none;\" href=\"https:\/\/supsystic.com\/plugins\/photo-gallery\/?utm_medium=love_link\" target=\"_blank\"><\/a>[\/vc_column_text][\/vc_column][\/vc_row]<\/p>\n","protected":false},"excerpt":{"rendered":"<p>[vc_row][vc_column][vc_column_text] FILTRAREA LICHIDELOR, SACI DE FILTRARE [\/vc_column_text][vc_column_text]Producerea sacilor \u0219i a ciorapilor de filtrare \u00een dimensiuni individuale, adaptate zonelor de utilizare cu capete la partea superioara si cea inferioara. Domenii de aplicare: -Produc\u021bie de vopsea -Produc\u021bia de ulei vegetal -Industria alimentar\u0103 Pot fi preg\u0103ti\u021bi: &#8211; De fetru ac &#8211; Poliester, poliamid\u0103, polipropilen\u0103, materiale de viscoz\u0103, permeabilitate [&hellip;]<\/p>\n","protected":false},"author":1,"featured_media":0,"parent":1480,"menu_order":0,"comment_status":"closed","ping_status":"closed","template":"","meta":{"_acf_changed":false,"footnotes":""},"class_list":["post-1525","page","type-page","status-publish","hentry"],"acf":[],"_links":{"self":[{"href":"https:\/\/em-tek.hu\/ro\/wp-json\/wp\/v2\/pages\/1525","targetHints":{"allow":["GET"]}}],"collection":[{"href":"https:\/\/em-tek.hu\/ro\/wp-json\/wp\/v2\/pages"}],"about":[{"href":"https:\/\/em-tek.hu\/ro\/wp-json\/wp\/v2\/types\/page"}],"author":[{"embeddable":true,"href":"https:\/\/em-tek.hu\/ro\/wp-json\/wp\/v2\/users\/1"}],"replies":[{"embeddable":true,"href":"https:\/\/em-tek.hu\/ro\/wp-json\/wp\/v2\/comments?post=1525"}],"version-history":[{"count":1,"href":"https:\/\/em-tek.hu\/ro\/wp-json\/wp\/v2\/pages\/1525\/revisions"}],"predecessor-version":[{"id":1526,"href":"https:\/\/em-tek.hu\/ro\/wp-json\/wp\/v2\/pages\/1525\/revisions\/1526"}],"up":[{"embeddable":true,"href":"https:\/\/em-tek.hu\/ro\/wp-json\/wp\/v2\/pages\/1480"}],"wp:attachment":[{"href":"https:\/\/em-tek.hu\/ro\/wp-json\/wp\/v2\/media?parent=1525"}],"curies":[{"name":"wp","href":"https:\/\/api.w.org\/{rel}","templated":true}]}}