{"id":1540,"date":"2020-11-21T19:48:10","date_gmt":"2020-11-21T19:48:10","guid":{"rendered":"https:\/\/em-tek.hu\/?page_id=1540"},"modified":"2021-05-20T15:29:50","modified_gmt":"2021-05-20T15:29:50","slug":"banda-presda-de-filtrare","status":"publish","type":"page","link":"https:\/\/em-tek.hu\/ro\/produse-2\/filtrare-umeda\/banda-presda-de-filtrare\/","title":{"rendered":"Banda, Presda de Filtrare"},"content":{"rendered":"<p>[vc_row][vc_column][vc_column_text]<\/p>\n<h1>Banda, Presa de Filtrare<\/h1>\n<p>[\/vc_column_text][vc_column_text]<img loading=\"lazy\" decoding=\"async\" class=\"size-medium wp-image-248 alignright\" src=\"https:\/\/em-tek.hu\/wp-content\/uploads\/2020\/11\/benzi-de-filtrare-cu-capse3.jpg\" alt=\"\" width=\"300\" height=\"200\" \/>Majoritatea presei cu filtru banda din tehnologia industrial\u0103 de mediu sunt utilizate pentru deshidratarea n\u0103molului. Unii din efluen\u021bii suplimentari din tehnologiile industriale sunt returnate sistemului pentru reutilizare, ceea ce face ca func\u021bionarea s\u0103 fie destul de rentabil\u0103, iar altele sunt evacuate \u00een canalizare. Deoarece fiecare n\u0103mol de canalizare din fiecare industrie are parametri diferi\u021bi &#8211; con\u021binutul de substan\u021b\u0103 uscat\u0103, dimensiunea particulelor, valoarea PH &#8211; materialul benzii filtrante pot fi, diferite. Gama larg\u0103 de produse Clear Edge include materialul de filtrare potrivit pentru toate sarcinile de filtrare. Pentru a ob\u021bine \u00eentotdeauna con\u021binutul de substan\u021b\u0103 uscat\u0103 dorit cu performan\u021bele adecvate de filtrare, benzile filtrante Clear Edge sunt realizate din fibre de diferite grosimi cu diferite metode de \u021besut. L\u0103\u021bimea lor standard este de obicei adaptat\u0103 la dimensiunile ma\u0219inilor \u021bint\u0103 utilizate \u00een industria dat\u0103, ob\u021bin\u00e2nd astfel cea mai economic\u0103 confec\u021bie cu de\u0219euri minime. Mul\u021bi produc\u0103tori str\u0103ini cunoscu\u021bi de echipamente \u00ee\u0219i comercializeaz\u0103, de asemenea, ma\u0219inile cu benzi fabricate de Clear Edge. Benzile sunt nesf\u00e2r\u0219ite cu capse din metal \u0219i plastic de diferite dimensiuni, pe care le realiz\u0103m \u00een atelierul nostru. Clemele sunt fixate cu o r\u0103\u0219in\u0103 special\u0103 pentru a ob\u021bine o durat\u0103 de via\u021b\u0103 mai lung\u0103. Un material special de etan\u0219are \u0219i stabilizare aplicat pe marginile longitudinale ale benzii serve\u0219te, de asemenea, pentru a cre\u0219te durata de via\u021b\u0103. Benzile noastre sunt operate \u00een industria chimic\u0103, alimentar\u0103 \u0219i metalic\u0103, precum \u0219i \u00een produc\u021bia de PAL \u00een multe p\u0103r\u021bi ale \u021b\u0103rii. \u00cen plus fa\u021b\u0103 de tratarea n\u0103molului de epurare, comercializ\u0103m \u0219i benzi de uscare, sterilizare cu abur \u0219i a\u0219a-numitele benzi spiralate pentru industria h\u00e2rtiei.[\/vc_column_text][vc_separator style=&#8221;shadow&#8221;][vc_column_text]<style> #grid-gallery-48-54081 .grid-gallery-caption[data-grid-gallery-type=\"show-on-hover\"]:hover figcaption, #grid-gallery-48-54081 .grid-gallery-caption[data-grid-gallery-type=\"show-on-hover\"].hovered figcaption, #grid-gallery-48-54081 .grid-gallery-caption[data-grid-gallery-type=\"show-on-hover\"]:active figcaption { background-color:rgba(111,0,0,0.5) !important; } <\/style> <div id=\"grid-gallery-48-54081\" data-gg-id=\"48\" data-title=\"2.2.5 RO\" data-grid-type=\"0\" data-offset=\"7\" data-area-position=\"center\" data-icons=\"false\" data-preloader=\"true\" data-width=\"100\" data-height=\"100\" data-padding=\"0\" data-quicksand=\"disabled\" data-quicksand-duration=\"none\" data-popup-theme=\"theme_6\" data-popup-type=\"pretty-photo\" data-popup-image-text=\"data-description\" data-popup-widthsize=\"auto\" data-popup-heightsize=\"auto\" data-popup-i18n-words=\"{&quot;close&quot;:&quot;close&quot;,&quot;next&quot;:&quot;next&quot;,&quot;previous&quot;:&quot;previous&quot;,&quot;start_slideshow&quot;:&quot;start slideshow&quot;,&quot;stop_slideshow&quot;:&quot;stop slideshow&quot;,&quot;image&quot;:&quot;image&quot;,&quot;of&quot;:&quot;of&quot;,&quot;prev&quot;:&quot;prev&quot;,&quot;cExpand&quot;:&quot;Expand&quot;,&quot;cPrevious&quot;:&quot;Previous&quot;,&quot;cNext&quot;:&quot;Next&quot;,&quot;cExpandStr&quot;:&quot;Expand the image&quot;,&quot;cRotate&quot;:&quot;Rotate&quot;,&quot;cDetails&quot;:&quot;Details&quot;}\" data-popup-slideshow=\"false\" data-popup-slideshow-speed=\"2500\" data-popup-hoverstop=\"true\" data-popup-slideshow-auto=\"false\" data-popup-background=\"\" data-popup-transparency=\"30\" data-popup-disable-history=\"\" data-popup-disable-changed-url=\"\" data-popup-border-type=\"solid\" data-popup-border-color=\"\" data-popup-border-width=\"\" data-popup-border-enable=\"\" data-fullscreen=\"false\" data-hide-tooltip=\"false\" data-caption-font-family=\"Default\" data-caption-text-size=\"140\" data-is-mobile=\"0\" data-caption-mobile=\"false\" data-hide-long-tltp-title=\"0\" data-caption-disabled-on-mobile=\"false\" data-lazyload-enable='1' data-lazyload-effect=\"show\" data-lazyload-effect-duration=\"400\" data-popup-placement-type=\"0\" data-social-sharing=\"{&quot;enabled&quot;:&quot;&quot;,&quot;gallerySharing&quot;:{&quot;enabled&quot;:null,&quot;position&quot;:null},&quot;imageSharing&quot;:{&quot;enabled&quot;:null,&quot;wrapperClass&quot;:&quot; vertical &quot;},&quot;popupSharing&quot;:{&quot;enabled&quot;:null,&quot;wrapperClass&quot;:&quot; vertical &quot;}}\" class=\"grid-gallery grid-gallery-fixed \" style=\" width:100%; height:auto; margin-left:auto; margin-right:auto;position:relative;\" data-popup-video=\"null\" data-popup-disable-source-image-for-linked-img=\"0\" data-popup-enable-download-photos-button=\"0\" data-thumbnail-size=\"150x150\"> <div class=\"gallery-loading\"> <div class=\"la-\" style=\"color:#0073AA\"> <div><\/div> <div><\/div> <\/div> <\/div> <div class=\"gallery-sharing-top\" style=\"display:none;\"> <\/div> <div id=\"photos-48\" class=\"grid-gallery-photos\"><a data-attachment-id=\"1214\" id=\"gg-48-244\" class=\"gg-link \" data-attachment-id=\"1214\" href=\"https:\/\/em-tek.hu\/wp-content\/uploads\/2020\/11\/benzi-de-filtrare-cu-capse3.jpg?gid=48\" target=\"_self\" title=\"_benzi de filtrare cu capse3\" data-rel=\"prettyPhoto[pp_gal]\" style=\"border-radius:100%;\" ><FIGURE data-tags=\"\" data-id=\"244\" class=\"grid-gallery-caption\" data-grid-gallery-type=\"quarter-slide-up\" data-index=\"0\" style=\"display:none;border:5px solid #fefefe; border-radius:100%; box-shadow:0px 0px 10px #000000;; margin:7px; width:1000;\" ><div class=\"crop\" style=\" width:1000; height:1000; overflow:hidden;\"><img decoding=\"async\" data-gg-real-image-href=\"https:\/\/em-tek.hu\/wp-content\/uploads\/2020\/11\/benzi-de-filtrare-cu-capse3-100x100.jpg\" src=\"https:\/\/em-tek.hu\/wp-content\/plugins\/gallery-by-supsystic\/src\/GridGallery\/Galleries\/assets\/img\/loading.gif\" class=\"ggImg ggLazyImg\" alt=\"_benzi de filtrare cu capse3\" title=\"_benzi de filtrare cu capse3\" data-description=\"_benzi de filtrare cu capse3\" data-caption=\"_benzi de filtrare cu capse3\" data-title=\"_benzi de filtrare cu capse3\" style=\" width:100px; height:100px;\" \/><\/div><FIGCAPTION class=\"\" data-alpha=\"5\" style=\"color:#ffffff; background-color:#6f0000; font-size:140; text-align:left; font-family:Default;\" ><div class=\"grid-gallery-figcaption-wrap\" style=\" vertical-align:top;\"><\/div><\/FIGCAPTION><\/FIGURE><\/a><a data-attachment-id=\"1220\" id=\"gg-48-245\" class=\"gg-link \" data-attachment-id=\"1220\" href=\"https:\/\/em-tek.hu\/wp-content\/uploads\/2020\/11\/benzi-de-filtrare-cu-capse2.jpg?gid=48\" target=\"_self\" title=\"benzi de filtrare cu capse2\" data-rel=\"prettyPhoto[pp_gal]\" style=\"border-radius:100%;\" ><FIGURE data-tags=\"\" data-id=\"245\" class=\"grid-gallery-caption\" data-grid-gallery-type=\"quarter-slide-up\" data-index=\"1\" style=\"display:none;border:5px solid #fefefe; border-radius:100%; box-shadow:0px 0px 10px #000000;; margin:7px; width:1000;\" ><div class=\"crop\" style=\" width:1000; height:1000; overflow:hidden;\"><img decoding=\"async\" data-gg-real-image-href=\"https:\/\/em-tek.hu\/wp-content\/uploads\/2020\/11\/benzi-de-filtrare-cu-capse2-100x100.jpg\" src=\"https:\/\/em-tek.hu\/wp-content\/plugins\/gallery-by-supsystic\/src\/GridGallery\/Galleries\/assets\/img\/loading.gif\" class=\"ggImg ggLazyImg\" alt=\"benzi de filtrare cu capse2\" title=\"benzi de filtrare cu capse2\" data-description=\"benzi de filtrare cu capse2\" data-caption=\"benzi de filtrare cu capse2\" data-title=\"benzi de filtrare cu capse2\" style=\" width:100px; height:100px;\" \/><\/div><FIGCAPTION class=\"\" data-alpha=\"5\" style=\"color:#ffffff; background-color:#6f0000; font-size:140; text-align:left; font-family:Default;\" ><div class=\"grid-gallery-figcaption-wrap\" style=\" vertical-align:top;\"><\/div><\/FIGCAPTION><\/FIGURE><\/a><a data-attachment-id=\"1217\" id=\"gg-48-246\" class=\"gg-link \" data-attachment-id=\"1217\" href=\"https:\/\/em-tek.hu\/wp-content\/uploads\/2020\/11\/benzi-de-filtrare-cu-capse1.jpg?gid=48\" target=\"_self\" title=\"benzi de filtrare cu capse1\" data-rel=\"prettyPhoto[pp_gal]\" style=\"border-radius:100%;\" ><FIGURE data-tags=\"\" data-id=\"246\" class=\"grid-gallery-caption\" data-grid-gallery-type=\"quarter-slide-up\" data-index=\"2\" style=\"display:none;border:5px solid #fefefe; border-radius:100%; box-shadow:0px 0px 10px #000000;; margin:7px; width:1000;\" ><div class=\"crop\" style=\" width:1000; height:1000; overflow:hidden;\"><img decoding=\"async\" data-gg-real-image-href=\"https:\/\/em-tek.hu\/wp-content\/uploads\/2020\/11\/benzi-de-filtrare-cu-capse1-100x100.jpg\" src=\"https:\/\/em-tek.hu\/wp-content\/plugins\/gallery-by-supsystic\/src\/GridGallery\/Galleries\/assets\/img\/loading.gif\" class=\"ggImg ggLazyImg\" alt=\"benzi de filtrare cu capse1\" title=\"benzi de filtrare cu capse1\" data-description=\"benzi de filtrare cu capse1\" data-caption=\"benzi de filtrare cu capse1\" data-title=\"benzi de filtrare cu capse1\" style=\" width:100px; height:100px;\" \/><\/div><FIGCAPTION class=\"\" data-alpha=\"5\" style=\"color:#ffffff; background-color:#6f0000; font-size:140; text-align:left; font-family:Default;\" ><div class=\"grid-gallery-figcaption-wrap\" style=\" vertical-align:top;\"><\/div><\/FIGCAPTION><\/FIGURE><\/a><a data-attachment-id=\"1211\" id=\"gg-48-247\" class=\"gg-link \" data-attachment-id=\"1211\" href=\"https:\/\/em-tek.hu\/wp-content\/uploads\/2020\/11\/benzi-de-filtrare.jpg?gid=48\" target=\"_self\" title=\"benzi de filtrare\" data-rel=\"prettyPhoto[pp_gal]\" style=\"border-radius:100%;\" ><FIGURE data-tags=\"\" data-id=\"247\" class=\"grid-gallery-caption\" data-grid-gallery-type=\"quarter-slide-up\" data-index=\"3\" style=\"display:none;border:5px solid #fefefe; border-radius:100%; box-shadow:0px 0px 10px #000000;; margin:7px; width:1000;\" ><div class=\"crop\" style=\" width:1000; height:1000; overflow:hidden;\"><img decoding=\"async\" data-gg-real-image-href=\"https:\/\/em-tek.hu\/wp-content\/uploads\/2020\/11\/benzi-de-filtrare-100x100.jpg\" src=\"https:\/\/em-tek.hu\/wp-content\/plugins\/gallery-by-supsystic\/src\/GridGallery\/Galleries\/assets\/img\/loading.gif\" class=\"ggImg ggLazyImg\" alt=\"benzi de filtrare\" title=\"benzi de filtrare\" data-description=\"benzi de filtrare\" data-caption=\"benzi de filtrare\" data-title=\"benzi de filtrare\" style=\" width:100px; height:100px;\" \/><\/div><FIGCAPTION class=\"\" data-alpha=\"5\" style=\"color:#ffffff; background-color:#6f0000; font-size:140; text-align:left; font-family:Default;\" ><div class=\"grid-gallery-figcaption-wrap\" style=\" vertical-align:top;\"><\/div><\/FIGCAPTION><\/FIGURE><\/a> <div class=\"grid-gallery-clearfix\"><\/div> <\/div> <div class=\"gallery-sharing-bottom\" style=\"display:none;\"> <\/div> <div class=\"gallery-sharing-image\" style=\"display:none;\"> <\/div> <div class=\"gallery-sharing-popup\" style=\"display:none;\"> <\/div> <div class=\"grid-gallery-clearfix\"><\/div> <\/div> <!-- Gallery by Supsystic plugin1.15.31 \/2.9.16 --> <style> <\/style><a title=\"\" style=\"display:none;\" href=\"https:\/\/supsystic.com\/plugins\/photo-gallery\/?utm_medium=love_link\" target=\"_blank\"><\/a>[\/vc_column_text][\/vc_column][\/vc_row]<\/p>\n","protected":false},"excerpt":{"rendered":"<p>[vc_row][vc_column][vc_column_text] Banda, Presa de Filtrare [\/vc_column_text][vc_column_text]Majoritatea presei cu filtru banda din tehnologia industrial\u0103 de mediu sunt utilizate pentru deshidratarea n\u0103molului. Unii din efluen\u021bii suplimentari din tehnologiile industriale sunt returnate sistemului pentru reutilizare, ceea ce face ca func\u021bionarea s\u0103 fie destul de rentabil\u0103, iar altele sunt evacuate \u00een canalizare. Deoarece fiecare n\u0103mol de canalizare din fiecare [&hellip;]<\/p>\n","protected":false},"author":1,"featured_media":0,"parent":1480,"menu_order":0,"comment_status":"closed","ping_status":"closed","template":"","meta":{"_acf_changed":false,"footnotes":""},"class_list":["post-1540","page","type-page","status-publish","hentry"],"acf":[],"_links":{"self":[{"href":"https:\/\/em-tek.hu\/ro\/wp-json\/wp\/v2\/pages\/1540","targetHints":{"allow":["GET"]}}],"collection":[{"href":"https:\/\/em-tek.hu\/ro\/wp-json\/wp\/v2\/pages"}],"about":[{"href":"https:\/\/em-tek.hu\/ro\/wp-json\/wp\/v2\/types\/page"}],"author":[{"embeddable":true,"href":"https:\/\/em-tek.hu\/ro\/wp-json\/wp\/v2\/users\/1"}],"replies":[{"embeddable":true,"href":"https:\/\/em-tek.hu\/ro\/wp-json\/wp\/v2\/comments?post=1540"}],"version-history":[{"count":2,"href":"https:\/\/em-tek.hu\/ro\/wp-json\/wp\/v2\/pages\/1540\/revisions"}],"predecessor-version":[{"id":2154,"href":"https:\/\/em-tek.hu\/ro\/wp-json\/wp\/v2\/pages\/1540\/revisions\/2154"}],"up":[{"embeddable":true,"href":"https:\/\/em-tek.hu\/ro\/wp-json\/wp\/v2\/pages\/1480"}],"wp:attachment":[{"href":"https:\/\/em-tek.hu\/ro\/wp-json\/wp\/v2\/media?parent=1540"}],"curies":[{"name":"wp","href":"https:\/\/api.w.org\/{rel}","templated":true}]}}