{"id":1547,"date":"2020-11-21T19:50:46","date_gmt":"2020-11-21T19:50:46","guid":{"rendered":"https:\/\/em-tek.hu\/?page_id=1547"},"modified":"2021-05-20T15:34:44","modified_gmt":"2021-05-20T15:34:44","slug":"prese-de-filtrare-cu-cadru","status":"publish","type":"page","link":"https:\/\/em-tek.hu\/ro\/produse-2\/filtrare-umeda\/prese-de-filtrare-cu-cadru\/","title":{"rendered":"Prese de filtrare cu cadru, banda de filtrare"},"content":{"rendered":"<p>[vc_row][vc_column][vc_column_text]<\/p>\n<h1>Prese de filtrare cu cadru, banda de filtrare<\/h1>\n<p>[\/vc_column_text][vc_separator style=&#8221;shadow&#8221;][vc_row_inner][vc_column_inner width=&#8221;1\/2&#8243;][vc_column_text]Presa cu filtru cu rame sunt utilizate \u00een general pentru a separa particulele solide de n\u0103molul diluat sau lichid. Avantajul lor este capacitatea de a separa particule relativ mici (1 \u03bc) cu randament ridicat. Aceste echipamente pot fi g\u0103site \u00een mai multe industrii: vopsea, zah\u0103r, alimente, galvanizare, ceramic\u0103, produc\u021bia de pigmen\u021bi. \u00cen plus fa\u021b\u0103 de industrie, presele de namol cu placi, cu filtru pe rame si placa joac\u0103 un rol semnificativ \u00een tehnologia mediului.<\/p>\n<p>Desigur, gama Clear Edge include nenum\u0103rate variante \u0219i pentru acest tip de ma\u0219in\u0103. \u021aes\u0103turile noastre de filtrare trebuie s\u0103 \u00eendeplineasc\u0103 cerin\u021be diferite, \u00een func\u021bie de sarcina de filtrare. Pentru a \u00eendeplini aceste cerin\u021be, profesioni\u0219tii Clear Edge vor g\u0103si o solu\u021bie la orice problem\u0103 care apare.<\/p>\n<p style=\"padding-left: 40px;\">&#8211; Utiliza\u021bi \u00eentotdeauna combina\u021bia potrivit\u0103 de mod de \u021besut, grosimea fibrelor \u0219i densitatea fibrelor pentru a ob\u021bine eficien\u021ba de filtrare dorit\u0103.<br \/>\n&#8211; Valoarea PH extrem\u0103 poate fi uneori asociat\u0103 cu temperaturi extreme, pentru solu\u021bia c\u0103reia \u021bes\u0103turile noastre filtrante sunt realizate din fibre cu rezisten\u021b\u0103 diferit\u0103 la c\u0103ldur\u0103 (PES, PA, PP, NX).<br \/>\n&#8211; \u021aes\u0103turile brute de filtrare sunt netezite, calandrate sau fibrele monofilamentale sunt \u021besute \u00eentre fibrele multifilamentale pentru separarea corect\u0103 a tortului.<br \/>\n&#8211; \u00cempotriva modific\u0103rilor de dimensiune cauzate de temperaturile ridicate, \u021bes\u0103tura brut\u0103 este supus\u0103 unui a\u0219a-numit proces de termorezisten\u021b\u0103.<\/p>\n<p>[\/vc_column_text][\/vc_column_inner][vc_column_inner width=&#8221;1\/2&#8243;][vc_column_text]<\/p>\n<p style=\"text-align: center;\"><span style=\"font-size: 14pt;\"><strong>Bagiu Melinda<\/strong><\/span><br \/>\n<span style=\"font-size: 14pt;\">Telefon:\u00a0<a href=\"tel:0040730085520\">+407300\/85520<\/a><\/span><br \/>\n<span style=\"font-size: 14pt;\">Fax:\u00a0<a href=\"tel:0040356107787\">+403561\/07787<\/a><br \/>\n<b><a href=\"mailto:melinda.bagiu@ecofilt.eu\" target=\"_blank\" rel=\"noopener\">melinda.bagiu@ecofilt.eu<\/a><\/b><br \/>\n<a href=\"mailto:office@ecofilt.eu\">office@ecofilt.eu<\/a><\/span><\/p>\n<p>[\/vc_column_text][vc_column_text]<img loading=\"lazy\" decoding=\"async\" class=\"size-medium wp-image-248 aligncenter\" src=\"https:\/\/em-tek.hu\/wp-content\/uploads\/2020\/11\/prese-de-filtre-pe-rame.jpg\" alt=\"\" width=\"300\" height=\"200\" \/>[\/vc_column_text][\/vc_column_inner][\/vc_row_inner][\/vc_column][\/vc_row][vc_row][vc_column][vc_column_text]<style> #grid-gallery-56-46578 .grid-gallery-caption[data-grid-gallery-type=\"show-on-hover\"]:hover figcaption, #grid-gallery-56-46578 .grid-gallery-caption[data-grid-gallery-type=\"show-on-hover\"].hovered figcaption, #grid-gallery-56-46578 .grid-gallery-caption[data-grid-gallery-type=\"show-on-hover\"]:active figcaption { background-color:rgba(111,0,0,0.5) !important; } <\/style> <div id=\"grid-gallery-56-46578\" data-gg-id=\"56\" data-title=\"kendo - ro\" data-grid-type=\"0\" data-offset=\"5\" data-area-position=\"center\" data-icons=\"false\" data-preloader=\"true\" data-width=\"120\" data-height=\"120\" data-padding=\"0\" data-quicksand=\"disabled\" data-quicksand-duration=\"none\" data-popup-theme=\"theme_6\" data-popup-type=\"pretty-photo\" data-popup-image-text=\"data-description\" data-popup-widthsize=\"auto\" data-popup-heightsize=\"auto\" data-popup-i18n-words=\"{&quot;close&quot;:&quot;close&quot;,&quot;next&quot;:&quot;next&quot;,&quot;previous&quot;:&quot;previous&quot;,&quot;start_slideshow&quot;:&quot;start slideshow&quot;,&quot;stop_slideshow&quot;:&quot;stop slideshow&quot;,&quot;image&quot;:&quot;image&quot;,&quot;of&quot;:&quot;of&quot;,&quot;prev&quot;:&quot;prev&quot;,&quot;cExpand&quot;:&quot;Expand&quot;,&quot;cPrevious&quot;:&quot;Previous&quot;,&quot;cNext&quot;:&quot;Next&quot;,&quot;cExpandStr&quot;:&quot;Expand the image&quot;,&quot;cRotate&quot;:&quot;Rotate&quot;,&quot;cDetails&quot;:&quot;Details&quot;}\" data-popup-slideshow=\"false\" data-popup-slideshow-speed=\"2500\" data-popup-hoverstop=\"true\" data-popup-slideshow-auto=\"false\" data-popup-background=\"\" data-popup-transparency=\"30\" data-popup-disable-history=\"\" data-popup-disable-changed-url=\"\" data-popup-border-type=\"solid\" data-popup-border-color=\"\" data-popup-border-width=\"\" data-popup-border-enable=\"\" data-fullscreen=\"false\" data-hide-tooltip=\"false\" data-caption-font-family=\"Default\" data-caption-text-size=\"140\" data-is-mobile=\"0\" data-caption-mobile=\"false\" data-hide-long-tltp-title=\"0\" data-caption-disabled-on-mobile=\"false\" data-lazyload-enable='1' data-lazyload-effect=\"show\" data-lazyload-effect-duration=\"400\" data-popup-placement-type=\"0\" data-social-sharing=\"{&quot;enabled&quot;:&quot;&quot;,&quot;gallerySharing&quot;:{&quot;enabled&quot;:null,&quot;position&quot;:null},&quot;imageSharing&quot;:{&quot;enabled&quot;:null,&quot;wrapperClass&quot;:&quot; vertical &quot;},&quot;popupSharing&quot;:{&quot;enabled&quot;:null,&quot;wrapperClass&quot;:&quot; vertical &quot;}}\" class=\"grid-gallery grid-gallery-fixed \" style=\" width:100%; height:auto; margin-left:auto; margin-right:auto;position:relative;\" data-popup-video=\"null\" data-popup-disable-source-image-for-linked-img=\"0\" data-popup-enable-download-photos-button=\"0\" data-thumbnail-size=\"150x150\"> <div class=\"gallery-loading\"> <div class=\"la-\" style=\"color:#0073AA\"> <div><\/div> <div><\/div> <\/div> <\/div> <div class=\"gallery-sharing-top\" style=\"display:none;\"> <\/div> <div id=\"photos-56\" class=\"grid-gallery-photos\"><a data-attachment-id=\"1913\" id=\"gg-56-309\" class=\"gg-link \" data-attachment-id=\"1913\" href=\"https:\/\/em-tek.hu\/wp-content\/uploads\/2021\/01\/banda-filtrare-1.jpg?gid=56\" target=\"_self\" title=\"banda filtrare 1\" data-rel=\"prettyPhoto[pp_gal]\" style=\"border-radius:00;\" ><FIGURE data-tags=\"\" data-id=\"309\" class=\"grid-gallery-caption\" data-grid-gallery-type=\"quarter-slide-up\" data-index=\"0\" style=\"display:none;border-radius:00;; margin:5px; width:1200;\" ><div class=\"crop\" style=\" width:1200; height:1200; overflow:hidden;\"><img decoding=\"async\" data-gg-real-image-href=\"https:\/\/em-tek.hu\/wp-content\/uploads\/2021\/01\/banda-filtrare-1-120x120.jpg\" src=\"https:\/\/em-tek.hu\/wp-content\/plugins\/gallery-by-supsystic\/src\/GridGallery\/Galleries\/assets\/img\/loading.gif\" class=\"ggImg ggLazyImg\" alt=\"banda filtrare 1\" title=\"banda filtrare 1\" data-description=\"banda filtrare 1\" data-caption=\"banda filtrare 1\" data-title=\"banda filtrare 1\" style=\" width:120px; height:120px;\" \/><\/div><FIGCAPTION class=\"\" data-alpha=\"5\" style=\"color:#ffffff; background-color:#6f0000; font-size:140; text-align:left; font-family:Default;\" ><div class=\"grid-gallery-figcaption-wrap\" style=\" vertical-align:top;\"><\/div><\/FIGCAPTION><\/FIGURE><\/a><a data-attachment-id=\"1916\" id=\"gg-56-310\" class=\"gg-link \" data-attachment-id=\"1916\" href=\"https:\/\/em-tek.hu\/wp-content\/uploads\/2021\/01\/Banda-filtrare-2.jpg?gid=56\" target=\"_self\" title=\"Banda filtrare 2\" data-rel=\"prettyPhoto[pp_gal]\" style=\"border-radius:00;\" ><FIGURE data-tags=\"\" data-id=\"310\" class=\"grid-gallery-caption\" data-grid-gallery-type=\"quarter-slide-up\" data-index=\"1\" style=\"display:none;border-radius:00;; margin:5px; width:1200;\" ><div class=\"crop\" style=\" width:1200; height:1200; overflow:hidden;\"><img decoding=\"async\" data-gg-real-image-href=\"https:\/\/em-tek.hu\/wp-content\/uploads\/2021\/01\/Banda-filtrare-2-120x120.jpg\" src=\"https:\/\/em-tek.hu\/wp-content\/plugins\/gallery-by-supsystic\/src\/GridGallery\/Galleries\/assets\/img\/loading.gif\" class=\"ggImg ggLazyImg\" alt=\"Banda filtrare 2\" title=\"Banda filtrare 2\" data-description=\"Banda filtrare 2\" data-caption=\"Banda filtrare 2\" data-title=\"Banda filtrare 2\" style=\" width:120px; height:120px;\" \/><\/div><FIGCAPTION class=\"\" data-alpha=\"5\" style=\"color:#ffffff; background-color:#6f0000; font-size:140; text-align:left; font-family:Default;\" ><div class=\"grid-gallery-figcaption-wrap\" style=\" vertical-align:top;\"><\/div><\/FIGCAPTION><\/FIGURE><\/a><a data-attachment-id=\"1919\" id=\"gg-56-311\" class=\"gg-link \" data-attachment-id=\"1919\" href=\"https:\/\/em-tek.hu\/wp-content\/uploads\/2021\/01\/Banda-filtrare-4.jpg?gid=56\" target=\"_self\" title=\"Banda filtrare 4\" data-rel=\"prettyPhoto[pp_gal]\" style=\"border-radius:00;\" ><FIGURE data-tags=\"\" data-id=\"311\" class=\"grid-gallery-caption\" data-grid-gallery-type=\"quarter-slide-up\" data-index=\"2\" style=\"display:none;border-radius:00;; margin:5px; width:1200;\" ><div class=\"crop\" style=\" width:1200; height:1200; overflow:hidden;\"><img decoding=\"async\" data-gg-real-image-href=\"https:\/\/em-tek.hu\/wp-content\/uploads\/2021\/01\/Banda-filtrare-4-120x120.jpg\" src=\"https:\/\/em-tek.hu\/wp-content\/plugins\/gallery-by-supsystic\/src\/GridGallery\/Galleries\/assets\/img\/loading.gif\" class=\"ggImg ggLazyImg\" alt=\"Banda filtrare 4\" title=\"Banda filtrare 4\" data-description=\"Banda filtrare 4\" data-caption=\"Banda filtrare 4\" data-title=\"Banda filtrare 4\" style=\" width:120px; height:120px;\" \/><\/div><FIGCAPTION class=\"\" data-alpha=\"5\" style=\"color:#ffffff; background-color:#6f0000; font-size:140; text-align:left; font-family:Default;\" ><div class=\"grid-gallery-figcaption-wrap\" style=\" vertical-align:top;\"><\/div><\/FIGCAPTION><\/FIGURE><\/a><a data-attachment-id=\"1922\" id=\"gg-56-312\" class=\"gg-link \" data-attachment-id=\"1922\" href=\"https:\/\/em-tek.hu\/wp-content\/uploads\/2021\/01\/Banda-filtrare-5.jpg?gid=56\" target=\"_self\" title=\"Banda filtrare 5\" data-rel=\"prettyPhoto[pp_gal]\" style=\"border-radius:00;\" ><FIGURE data-tags=\"\" data-id=\"312\" class=\"grid-gallery-caption\" data-grid-gallery-type=\"quarter-slide-up\" data-index=\"3\" style=\"display:none;border-radius:00;; margin:5px; width:1200;\" ><div class=\"crop\" style=\" width:1200; height:1200; overflow:hidden;\"><img decoding=\"async\" data-gg-real-image-href=\"https:\/\/em-tek.hu\/wp-content\/uploads\/2021\/01\/Banda-filtrare-5-120x120.jpg\" src=\"https:\/\/em-tek.hu\/wp-content\/plugins\/gallery-by-supsystic\/src\/GridGallery\/Galleries\/assets\/img\/loading.gif\" class=\"ggImg ggLazyImg\" alt=\"Banda filtrare 5\" title=\"Banda filtrare 5\" data-description=\"Banda filtrare 5\" data-caption=\"Banda filtrare 5\" data-title=\"Banda filtrare 5\" style=\" width:120px; height:120px;\" \/><\/div><FIGCAPTION class=\"\" data-alpha=\"5\" style=\"color:#ffffff; background-color:#6f0000; font-size:140; text-align:left; font-family:Default;\" ><div class=\"grid-gallery-figcaption-wrap\" style=\" vertical-align:top;\"><\/div><\/FIGCAPTION><\/FIGURE><\/a><a data-attachment-id=\"1925\" id=\"gg-56-313\" class=\"gg-link \" data-attachment-id=\"1925\" href=\"https:\/\/em-tek.hu\/wp-content\/uploads\/2021\/01\/Banda-filtrare-6.jpg?gid=56\" target=\"_self\" title=\"Banda filtrare 6\" data-rel=\"prettyPhoto[pp_gal]\" style=\"border-radius:00;\" ><FIGURE data-tags=\"\" data-id=\"313\" class=\"grid-gallery-caption\" data-grid-gallery-type=\"quarter-slide-up\" data-index=\"4\" style=\"display:none;border-radius:00;; margin:5px; width:1200;\" ><div class=\"crop\" style=\" width:1200; height:1200; overflow:hidden;\"><img decoding=\"async\" data-gg-real-image-href=\"https:\/\/em-tek.hu\/wp-content\/uploads\/2021\/01\/Banda-filtrare-6-120x120.jpg\" src=\"https:\/\/em-tek.hu\/wp-content\/plugins\/gallery-by-supsystic\/src\/GridGallery\/Galleries\/assets\/img\/loading.gif\" class=\"ggImg ggLazyImg\" alt=\"Banda filtrare 6\" title=\"Banda filtrare 6\" data-description=\"Banda filtrare 6\" data-caption=\"Banda filtrare 6\" data-title=\"Banda filtrare 6\" style=\" width:120px; height:120px;\" \/><\/div><FIGCAPTION class=\"\" data-alpha=\"5\" style=\"color:#ffffff; background-color:#6f0000; font-size:140; text-align:left; font-family:Default;\" ><div class=\"grid-gallery-figcaption-wrap\" style=\" vertical-align:top;\"><\/div><\/FIGCAPTION><\/FIGURE><\/a> <div class=\"grid-gallery-clearfix\"><\/div> <\/div> <div class=\"gallery-sharing-bottom\" style=\"display:none;\"> <\/div> <div class=\"gallery-sharing-image\" style=\"display:none;\"> <\/div> <div class=\"gallery-sharing-popup\" style=\"display:none;\"> <\/div> <div class=\"grid-gallery-clearfix\"><\/div> <\/div> <!-- Gallery by Supsystic plugin1.15.31 \/2.9.16 --> <style> <\/style><a title=\"\" style=\"display:none;\" href=\"https:\/\/supsystic.com\/plugins\/photo-gallery\/?utm_medium=love_link\" target=\"_blank\"><\/a>[\/vc_column_text][\/vc_column][\/vc_row]<\/p>\n","protected":false},"excerpt":{"rendered":"<p>[vc_row][vc_column][vc_column_text] Prese de filtrare cu cadru, banda de filtrare [\/vc_column_text][vc_separator style=&#8221;shadow&#8221;][vc_row_inner][vc_column_inner width=&#8221;1\/2&#8243;][vc_column_text]Presa cu filtru cu rame sunt utilizate \u00een general pentru a separa particulele solide de n\u0103molul diluat sau lichid. Avantajul lor este capacitatea de a separa particule relativ mici (1 \u03bc) cu randament ridicat. Aceste echipamente pot fi g\u0103site \u00een mai multe industrii: vopsea, [&hellip;]<\/p>\n","protected":false},"author":1,"featured_media":0,"parent":1480,"menu_order":0,"comment_status":"closed","ping_status":"closed","template":"","meta":{"_acf_changed":false,"footnotes":""},"class_list":["post-1547","page","type-page","status-publish","hentry"],"acf":[],"_links":{"self":[{"href":"https:\/\/em-tek.hu\/ro\/wp-json\/wp\/v2\/pages\/1547","targetHints":{"allow":["GET"]}}],"collection":[{"href":"https:\/\/em-tek.hu\/ro\/wp-json\/wp\/v2\/pages"}],"about":[{"href":"https:\/\/em-tek.hu\/ro\/wp-json\/wp\/v2\/types\/page"}],"author":[{"embeddable":true,"href":"https:\/\/em-tek.hu\/ro\/wp-json\/wp\/v2\/users\/1"}],"replies":[{"embeddable":true,"href":"https:\/\/em-tek.hu\/ro\/wp-json\/wp\/v2\/comments?post=1547"}],"version-history":[{"count":7,"href":"https:\/\/em-tek.hu\/ro\/wp-json\/wp\/v2\/pages\/1547\/revisions"}],"predecessor-version":[{"id":2157,"href":"https:\/\/em-tek.hu\/ro\/wp-json\/wp\/v2\/pages\/1547\/revisions\/2157"}],"up":[{"embeddable":true,"href":"https:\/\/em-tek.hu\/ro\/wp-json\/wp\/v2\/pages\/1480"}],"wp:attachment":[{"href":"https:\/\/em-tek.hu\/ro\/wp-json\/wp\/v2\/media?parent=1547"}],"curies":[{"name":"wp","href":"https:\/\/api.w.org\/{rel}","templated":true}]}}