{"id":1561,"date":"2020-11-21T19:54:37","date_gmt":"2020-11-21T19:54:37","guid":{"rendered":"https:\/\/em-tek.hu\/?page_id=1561"},"modified":"2020-11-21T20:12:56","modified_gmt":"2020-11-21T20:12:56","slug":"accesorii-ajutatoare-pentru-morarit","status":"publish","type":"page","link":"https:\/\/em-tek.hu\/ro\/produse-2\/industria-moraritului\/accesorii-ajutatoare-pentru-morarit\/","title":{"rendered":"Accesorii ajutatoare pentru morarit"},"content":{"rendered":"<p>[vc_row][vc_column][vc_column_text]<\/p>\n<h1>Accesorii ajutatoare pentru morarit<\/h1>\n<p>[\/vc_column_text][vc_separator style=&#8221;shadow&#8221;][vc_column_text]<img loading=\"lazy\" decoding=\"async\" class=\"size-medium wp-image-644 alignright\" src=\"https:\/\/em-tek.hu\/wp-content\/uploads\/2020\/11\/Materiale-ajutatoare-la-morarit-ok.jpg\" alt=\"\" width=\"300\" height=\"222\" \/>\u00cencerc\u0103m, de asemenea, s\u0103 satisfacem nevoile partenerilor no\u0219tri, produc\u00e2nd \u0219i distribuind materiale auxiliare care sunt at\u00e2t de utilizate pe scar\u0103 larg\u0103 \u00een industria mor\u0103ritului (de exemplu: furtunuri de filtrare, saci de filtrare, saci de morarit, acoperiri de concasor, bile de vibratie, ma\u0219ini de cusut gura sacilor, fire de cusut saci).[\/vc_column_text][vc_separator style=&#8221;shadow&#8221;][vc_column_text]<style> #grid-gallery-51-42372 .grid-gallery-caption[data-grid-gallery-type=\"show-on-hover\"]:hover figcaption, #grid-gallery-51-42372 .grid-gallery-caption[data-grid-gallery-type=\"show-on-hover\"].hovered figcaption, #grid-gallery-51-42372 .grid-gallery-caption[data-grid-gallery-type=\"show-on-hover\"]:active figcaption { background-color:rgba(111,0,0,0.5) !important; } <\/style> <div id=\"grid-gallery-51-42372\" data-gg-id=\"51\" data-title=\"2.3.2 RO\" data-grid-type=\"0\" data-offset=\"7\" data-area-position=\"center\" data-icons=\"false\" data-preloader=\"true\" data-width=\"100\" data-height=\"100\" data-padding=\"0\" data-quicksand=\"disabled\" data-quicksand-duration=\"none\" data-popup-theme=\"theme_6\" data-popup-type=\"pretty-photo\" data-popup-image-text=\"data-description\" data-popup-widthsize=\"auto\" data-popup-heightsize=\"auto\" data-popup-i18n-words=\"{&quot;close&quot;:&quot;close&quot;,&quot;next&quot;:&quot;next&quot;,&quot;previous&quot;:&quot;previous&quot;,&quot;start_slideshow&quot;:&quot;start slideshow&quot;,&quot;stop_slideshow&quot;:&quot;stop slideshow&quot;,&quot;image&quot;:&quot;image&quot;,&quot;of&quot;:&quot;of&quot;,&quot;prev&quot;:&quot;prev&quot;,&quot;cExpand&quot;:&quot;Expand&quot;,&quot;cPrevious&quot;:&quot;Previous&quot;,&quot;cNext&quot;:&quot;Next&quot;,&quot;cExpandStr&quot;:&quot;Expand the image&quot;,&quot;cRotate&quot;:&quot;Rotate&quot;,&quot;cDetails&quot;:&quot;Details&quot;}\" data-popup-slideshow=\"false\" data-popup-slideshow-speed=\"2500\" data-popup-hoverstop=\"true\" data-popup-slideshow-auto=\"false\" data-popup-background=\"\" data-popup-transparency=\"30\" data-popup-disable-history=\"\" data-popup-disable-changed-url=\"\" data-popup-border-type=\"solid\" data-popup-border-color=\"\" data-popup-border-width=\"\" data-popup-border-enable=\"\" data-fullscreen=\"false\" data-hide-tooltip=\"false\" data-caption-font-family=\"Default\" data-caption-text-size=\"140\" data-is-mobile=\"0\" data-caption-mobile=\"false\" data-hide-long-tltp-title=\"0\" data-caption-disabled-on-mobile=\"false\" data-lazyload-enable='1' data-lazyload-effect=\"show\" data-lazyload-effect-duration=\"400\" data-popup-placement-type=\"0\" data-social-sharing=\"{&quot;enabled&quot;:&quot;&quot;,&quot;gallerySharing&quot;:{&quot;enabled&quot;:null,&quot;position&quot;:null},&quot;imageSharing&quot;:{&quot;enabled&quot;:null,&quot;wrapperClass&quot;:&quot; vertical &quot;},&quot;popupSharing&quot;:{&quot;enabled&quot;:null,&quot;wrapperClass&quot;:&quot; vertical &quot;}}\" class=\"grid-gallery grid-gallery-fixed \" style=\" width:100%; height:auto; margin-left:auto; margin-right:auto;position:relative;\" data-popup-video=\"null\" data-popup-disable-source-image-for-linked-img=\"0\" data-popup-enable-download-photos-button=\"0\" data-thumbnail-size=\"150x150\"> <div class=\"gallery-loading\"> <div class=\"la-\" style=\"color:#0073AA\"> <div><\/div> <div><\/div> <\/div> <\/div> <div class=\"gallery-sharing-top\" style=\"display:none;\"> <\/div> <div id=\"photos-51\" class=\"grid-gallery-photos\"><a data-attachment-id=\"1241\" id=\"gg-51-253\" class=\"gg-link \" data-attachment-id=\"1241\" href=\"https:\/\/em-tek.hu\/wp-content\/uploads\/2020\/11\/Materiale-ajutatoare-la-morarit-ok.jpg?gid=51\" target=\"_self\" title=\"_Materiale ajutatoare la morarit-ok\" data-rel=\"prettyPhoto[pp_gal]\" style=\"border-radius:100%;\" ><FIGURE data-tags=\"\" data-id=\"253\" class=\"grid-gallery-caption\" data-grid-gallery-type=\"quarter-slide-up\" data-index=\"0\" style=\"display:none;border:5px solid #fefefe; border-radius:100%; box-shadow:0px 0px 10px #000000;; margin:7px; width:1000;\" ><div class=\"crop\" style=\" width:1000; height:1000; overflow:hidden;\"><img decoding=\"async\" data-gg-real-image-href=\"https:\/\/em-tek.hu\/wp-content\/uploads\/2020\/11\/Materiale-ajutatoare-la-morarit-ok-100x100.jpg\" src=\"https:\/\/em-tek.hu\/wp-content\/plugins\/gallery-by-supsystic\/src\/GridGallery\/Galleries\/assets\/img\/loading.gif\" class=\"ggImg ggLazyImg\" alt=\"_Materiale ajutatoare la morarit-ok\" title=\"_Materiale ajutatoare la morarit-ok\" data-description=\"_Materiale ajutatoare la morarit-ok\" data-caption=\"_Materiale ajutatoare la morarit-ok\" data-title=\"_Materiale ajutatoare la morarit-ok\" style=\" width:100px; height:100px;\" \/><\/div><FIGCAPTION class=\"\" data-alpha=\"5\" style=\"color:#ffffff; background-color:#6f0000; font-size:140; text-align:left; font-family:Default;\" ><div class=\"grid-gallery-figcaption-wrap\" style=\" vertical-align:top;\"><\/div><\/FIGCAPTION><\/FIGURE><\/a><a data-attachment-id=\"1250\" id=\"gg-51-254\" class=\"gg-link \" data-attachment-id=\"1250\" href=\"https:\/\/em-tek.hu\/wp-content\/uploads\/2020\/11\/Masina-de-cusut-New-Long1.jpg?gid=51\" target=\"_self\" title=\"Masina de cusut New Long1\" data-rel=\"prettyPhoto[pp_gal]\" style=\"border-radius:100%;\" ><FIGURE data-tags=\"\" data-id=\"254\" class=\"grid-gallery-caption\" data-grid-gallery-type=\"quarter-slide-up\" data-index=\"1\" style=\"display:none;border:5px solid #fefefe; border-radius:100%; box-shadow:0px 0px 10px #000000;; margin:7px; width:1000;\" ><div class=\"crop\" style=\" width:1000; height:1000; overflow:hidden;\"><img decoding=\"async\" data-gg-real-image-href=\"https:\/\/em-tek.hu\/wp-content\/uploads\/2020\/11\/Masina-de-cusut-New-Long1-100x100.jpg\" src=\"https:\/\/em-tek.hu\/wp-content\/plugins\/gallery-by-supsystic\/src\/GridGallery\/Galleries\/assets\/img\/loading.gif\" class=\"ggImg ggLazyImg\" alt=\"Masina de cusut New Long1\" title=\"Masina de cusut New Long1\" data-description=\"Masina de cusut New Long1\" data-caption=\"Masina de cusut New Long1\" data-title=\"Masina de cusut New Long1\" style=\" width:100px; height:100px;\" \/><\/div><FIGCAPTION class=\"\" data-alpha=\"5\" style=\"color:#ffffff; background-color:#6f0000; font-size:140; text-align:left; font-family:Default;\" ><div class=\"grid-gallery-figcaption-wrap\" style=\" vertical-align:top;\"><\/div><\/FIGCAPTION><\/FIGURE><\/a><a data-attachment-id=\"1247\" id=\"gg-51-255\" class=\"gg-link \" data-attachment-id=\"1247\" href=\"https:\/\/em-tek.hu\/wp-content\/uploads\/2020\/11\/Bile-pentru-site.jpg?gid=51\" target=\"_self\" title=\"Bile pentru site\" data-rel=\"prettyPhoto[pp_gal]\" style=\"border-radius:100%;\" ><FIGURE data-tags=\"\" data-id=\"255\" class=\"grid-gallery-caption\" data-grid-gallery-type=\"quarter-slide-up\" data-index=\"2\" style=\"display:none;border:5px solid #fefefe; border-radius:100%; box-shadow:0px 0px 10px #000000;; margin:7px; width:1000;\" ><div class=\"crop\" style=\" width:1000; height:1000; overflow:hidden;\"><img decoding=\"async\" data-gg-real-image-href=\"https:\/\/em-tek.hu\/wp-content\/uploads\/2020\/11\/Bile-pentru-site-100x100.jpg\" src=\"https:\/\/em-tek.hu\/wp-content\/plugins\/gallery-by-supsystic\/src\/GridGallery\/Galleries\/assets\/img\/loading.gif\" class=\"ggImg ggLazyImg\" alt=\"Bile pentru site\" title=\"Bile pentru site\" data-description=\"Bile pentru site\" data-caption=\"Bile pentru site\" data-title=\"Bile pentru site\" style=\" width:100px; height:100px;\" \/><\/div><FIGCAPTION class=\"\" data-alpha=\"5\" style=\"color:#ffffff; background-color:#6f0000; font-size:140; text-align:left; font-family:Default;\" ><div class=\"grid-gallery-figcaption-wrap\" style=\" vertical-align:top;\"><\/div><\/FIGCAPTION><\/FIGURE><\/a><a data-attachment-id=\"1244\" id=\"gg-51-256\" class=\"gg-link \" data-attachment-id=\"1244\" href=\"https:\/\/em-tek.hu\/wp-content\/uploads\/2020\/11\/Ata-pentru-cusut-filtre-ok.jpg?gid=51\" target=\"_self\" title=\"Ata pentru cusut filtre-ok\" data-rel=\"prettyPhoto[pp_gal]\" style=\"border-radius:100%;\" ><FIGURE data-tags=\"\" data-id=\"256\" class=\"grid-gallery-caption\" data-grid-gallery-type=\"quarter-slide-up\" data-index=\"3\" style=\"display:none;border:5px solid #fefefe; border-radius:100%; box-shadow:0px 0px 10px #000000;; margin:7px; width:1000;\" ><div class=\"crop\" style=\" width:1000; height:1000; overflow:hidden;\"><img decoding=\"async\" data-gg-real-image-href=\"https:\/\/em-tek.hu\/wp-content\/uploads\/2020\/11\/Ata-pentru-cusut-filtre-ok-100x100.jpg\" src=\"https:\/\/em-tek.hu\/wp-content\/plugins\/gallery-by-supsystic\/src\/GridGallery\/Galleries\/assets\/img\/loading.gif\" class=\"ggImg ggLazyImg\" alt=\"Ata pentru cusut filtre-ok\" title=\"Ata pentru cusut filtre-ok\" data-description=\"Ata pentru cusut filtre-ok\" data-caption=\"Ata pentru cusut filtre-ok\" data-title=\"Ata pentru cusut filtre-ok\" style=\" width:100px; height:100px;\" \/><\/div><FIGCAPTION class=\"\" data-alpha=\"5\" style=\"color:#ffffff; background-color:#6f0000; font-size:140; text-align:left; font-family:Default;\" ><div class=\"grid-gallery-figcaption-wrap\" style=\" vertical-align:top;\"><\/div><\/FIGCAPTION><\/FIGURE><\/a><a data-attachment-id=\"1238\" id=\"gg-51-257\" class=\"gg-link \" data-attachment-id=\"1238\" href=\"https:\/\/em-tek.hu\/wp-content\/uploads\/2020\/11\/Masina-de-cusut-New-Long2.jpg?gid=51\" target=\"_self\" title=\"Masina de cusut New Long2\" data-rel=\"prettyPhoto[pp_gal]\" style=\"border-radius:100%;\" ><FIGURE data-tags=\"\" data-id=\"257\" class=\"grid-gallery-caption\" data-grid-gallery-type=\"quarter-slide-up\" data-index=\"4\" style=\"display:none;border:5px solid #fefefe; border-radius:100%; box-shadow:0px 0px 10px #000000;; margin:7px; width:1000;\" ><div class=\"crop\" style=\" width:1000; height:1000; overflow:hidden;\"><img decoding=\"async\" data-gg-real-image-href=\"https:\/\/em-tek.hu\/wp-content\/uploads\/2020\/11\/Masina-de-cusut-New-Long2-100x100.jpg\" src=\"https:\/\/em-tek.hu\/wp-content\/plugins\/gallery-by-supsystic\/src\/GridGallery\/Galleries\/assets\/img\/loading.gif\" class=\"ggImg ggLazyImg\" alt=\"Masina de cusut New Long2\" title=\"Masina de cusut New Long2\" data-description=\"Masina de cusut New Long2\" data-caption=\"Masina de cusut New Long2\" data-title=\"Masina de cusut New Long2\" style=\" width:100px; height:100px;\" \/><\/div><FIGCAPTION class=\"\" data-alpha=\"5\" style=\"color:#ffffff; background-color:#6f0000; font-size:140; text-align:left; font-family:Default;\" ><div class=\"grid-gallery-figcaption-wrap\" style=\" vertical-align:top;\"><\/div><\/FIGCAPTION><\/FIGURE><\/a> <div class=\"grid-gallery-clearfix\"><\/div> <\/div> <div class=\"gallery-sharing-bottom\" style=\"display:none;\"> <\/div> <div class=\"gallery-sharing-image\" style=\"display:none;\"> <\/div> <div class=\"gallery-sharing-popup\" style=\"display:none;\"> <\/div> <div class=\"grid-gallery-clearfix\"><\/div> <\/div> <!-- Gallery by Supsystic plugin1.15.31 \/2.9.16 --> <style> <\/style><a title=\"\" style=\"display:none;\" href=\"https:\/\/supsystic.com\/plugins\/photo-gallery\/?utm_medium=love_link\" target=\"_blank\"><\/a>[\/vc_column_text][\/vc_column][\/vc_row]<\/p>\n","protected":false},"excerpt":{"rendered":"<p>[vc_row][vc_column][vc_column_text] Accesorii ajutatoare pentru morarit [\/vc_column_text][vc_separator style=&#8221;shadow&#8221;][vc_column_text]\u00cencerc\u0103m, de asemenea, s\u0103 satisfacem nevoile partenerilor no\u0219tri, produc\u00e2nd \u0219i distribuind materiale auxiliare care sunt at\u00e2t de utilizate pe scar\u0103 larg\u0103 \u00een industria mor\u0103ritului (de exemplu: furtunuri de filtrare, saci de filtrare, saci de morarit, acoperiri de concasor, bile de vibratie, ma\u0219ini de cusut gura sacilor, fire de cusut [&hellip;]<\/p>\n","protected":false},"author":1,"featured_media":0,"parent":1487,"menu_order":0,"comment_status":"closed","ping_status":"closed","template":"","meta":{"_acf_changed":false,"footnotes":""},"class_list":["post-1561","page","type-page","status-publish","hentry"],"acf":[],"_links":{"self":[{"href":"https:\/\/em-tek.hu\/ro\/wp-json\/wp\/v2\/pages\/1561","targetHints":{"allow":["GET"]}}],"collection":[{"href":"https:\/\/em-tek.hu\/ro\/wp-json\/wp\/v2\/pages"}],"about":[{"href":"https:\/\/em-tek.hu\/ro\/wp-json\/wp\/v2\/types\/page"}],"author":[{"embeddable":true,"href":"https:\/\/em-tek.hu\/ro\/wp-json\/wp\/v2\/users\/1"}],"replies":[{"embeddable":true,"href":"https:\/\/em-tek.hu\/ro\/wp-json\/wp\/v2\/comments?post=1561"}],"version-history":[{"count":1,"href":"https:\/\/em-tek.hu\/ro\/wp-json\/wp\/v2\/pages\/1561\/revisions"}],"predecessor-version":[{"id":1562,"href":"https:\/\/em-tek.hu\/ro\/wp-json\/wp\/v2\/pages\/1561\/revisions\/1562"}],"up":[{"embeddable":true,"href":"https:\/\/em-tek.hu\/ro\/wp-json\/wp\/v2\/pages\/1487"}],"wp:attachment":[{"href":"https:\/\/em-tek.hu\/ro\/wp-json\/wp\/v2\/media?parent=1561"}],"curies":[{"name":"wp","href":"https:\/\/api.w.org\/{rel}","templated":true}]}}