{"id":1568,"date":"2020-11-21T19:57:49","date_gmt":"2020-11-21T19:57:49","guid":{"rendered":"https:\/\/em-tek.hu\/?page_id=1568"},"modified":"2020-11-21T20:30:13","modified_gmt":"2020-11-21T20:30:13","slug":"cosuri-de-sustinere-gratare-distantatoare-si-elemente-venturi","status":"publish","type":"page","link":"https:\/\/em-tek.hu\/ro\/produse-2\/tehnica-friltrarii-industriale-a-aerului-si-prafului\/cosuri-de-sustinere-gratare-distantatoare-si-elemente-venturi\/","title":{"rendered":"Cosuri de sustinere, gratare distantatoare si elemente Venturi"},"content":{"rendered":"<p>[vc_row][vc_column][vc_column_text]<\/p>\n<h1>Cosuri de sustinere, gratare distantatoare si elemente Venturi<\/h1>\n<p>[\/vc_column_text][vc_separator style=&#8221;shadow&#8221;][vc_column_text]<img loading=\"lazy\" decoding=\"async\" class=\"size-medium wp-image-248 alignright\" src=\"https:\/\/em-tek.hu\/wp-content\/uploads\/2020\/11\/Cos-de-sustinere-distantare-cu-sac3.jpg\" alt=\"\" width=\"300\" height=\"200\" \/> A sz\u0171r\u0151zs\u00e1kok t\u00f6bbs\u00e9g\u00e9nek \u00fczemeltet\u00e9se sor\u00e1n elengedhetetlen tartoz\u00e9kok a kosarak, r\u00e1csok, t\u00e1vtart\u00f3 elemek, melyek a sz\u0171r\u00e9si folyamat szerves r\u00e9sz\u00e9t k\u00e9pezik. Seg\u00edts\u00e9g\u00fckkel stabiliz\u00e1lhat\u00f3 a zs\u00e1kok helyzete, \u00f6sszesz\u00edv\u00f3d\u00e1s elleni v\u00e9delmet ny\u00fajtanak, ez\u00e1ltal jav\u00edtj\u00e1k az elsz\u00edv\u00e1s hat\u00e1sfok\u00e1t.<br \/>\nPalett\u00e1nkon szinte az \u00f6sszes forgalomban l\u00e9v\u0151 t\u00edpus, kialak\u00edt\u00e1s, anyagmin\u0151s\u00e9g \u00e9s fel\u00fcleti kezel\u00e9s megtal\u00e1lhat\u00f3, melyek egyedi \u00e9s standard m\u00e9retekben ker\u00fclnek \u00e9rt\u00e9kes\u00edt\u00e9sre vev\u0151ink ig\u00e9nyeit\u0151l f\u00fcgg\u0151en. A porlev\u00e1laszt\u00e1si folyamat nem l\u00e9tezhet a sz\u0171r\u0151zs\u00e1kok tiszt\u00edt\u00e1s\u00e1nak mechanizmusa n\u00e9lk\u00fcl. A tiszt\u00edt\u00e1s a legt\u00f6bb esetben nagynyom\u00e1s\u00fa leveg\u0151 bef\u00faj\u00e1ssal t\u00f6rt\u00e9nik, melynek ir\u00e1ny\u00e1t venturi elemekkel k\u00f6zpontos\u00edtj\u00e1k, jav\u00edtva ezzel a tiszt\u00edt\u00e1s hat\u00e9konys\u00e1g\u00e1t.<br \/>\nEzen term\u00e9kcsal\u00e1dunk \u00f6n\u00e1ll\u00f3 vagy komplett kos\u00e1rra szerelt\/r\u00f6gz\u00edtett v\u00e1ltozatban is rendelhet\u0151 a felhaszn\u00e1l\u00e1s hely\u00e9t\u0151l f\u00fcgg\u0151en.[\/vc_column_text][vc_separator style=&#8221;shadow&#8221;][vc_column_text]<style> #grid-gallery-38-13596 .grid-gallery-caption[data-grid-gallery-type=\"show-on-hover\"]:hover figcaption, #grid-gallery-38-13596 .grid-gallery-caption[data-grid-gallery-type=\"show-on-hover\"].hovered figcaption, #grid-gallery-38-13596 .grid-gallery-caption[data-grid-gallery-type=\"show-on-hover\"]:active figcaption { background-color:rgba(111,0,0,0.5) !important; } <\/style> <div id=\"grid-gallery-38-13596\" data-gg-id=\"38\" data-title=\"2.1.2 RO\" data-grid-type=\"0\" data-offset=\"7\" data-area-position=\"center\" data-icons=\"false\" data-preloader=\"true\" data-width=\"100\" data-height=\"100\" data-padding=\"0\" data-quicksand=\"disabled\" data-quicksand-duration=\"none\" data-popup-theme=\"theme_6\" data-popup-type=\"pretty-photo\" data-popup-image-text=\"data-description\" data-popup-widthsize=\"auto\" data-popup-heightsize=\"auto\" data-popup-i18n-words=\"{&quot;close&quot;:&quot;close&quot;,&quot;next&quot;:&quot;next&quot;,&quot;previous&quot;:&quot;previous&quot;,&quot;start_slideshow&quot;:&quot;start slideshow&quot;,&quot;stop_slideshow&quot;:&quot;stop slideshow&quot;,&quot;image&quot;:&quot;image&quot;,&quot;of&quot;:&quot;of&quot;,&quot;prev&quot;:&quot;prev&quot;,&quot;cExpand&quot;:&quot;Expand&quot;,&quot;cPrevious&quot;:&quot;Previous&quot;,&quot;cNext&quot;:&quot;Next&quot;,&quot;cExpandStr&quot;:&quot;Expand the image&quot;,&quot;cRotate&quot;:&quot;Rotate&quot;,&quot;cDetails&quot;:&quot;Details&quot;}\" data-popup-slideshow=\"false\" data-popup-slideshow-speed=\"2500\" data-popup-hoverstop=\"true\" data-popup-slideshow-auto=\"false\" data-popup-background=\"\" data-popup-transparency=\"30\" data-popup-disable-history=\"\" data-popup-disable-changed-url=\"\" data-popup-border-type=\"solid\" data-popup-border-color=\"\" data-popup-border-width=\"\" data-popup-border-enable=\"\" data-fullscreen=\"false\" data-hide-tooltip=\"false\" data-caption-font-family=\"Default\" data-caption-text-size=\"140\" data-is-mobile=\"0\" data-caption-mobile=\"false\" data-hide-long-tltp-title=\"0\" data-caption-disabled-on-mobile=\"false\" data-lazyload-enable='1' data-lazyload-effect=\"show\" data-lazyload-effect-duration=\"400\" data-popup-placement-type=\"0\" data-social-sharing=\"{&quot;enabled&quot;:&quot;&quot;,&quot;gallerySharing&quot;:{&quot;enabled&quot;:null,&quot;position&quot;:null},&quot;imageSharing&quot;:{&quot;enabled&quot;:null,&quot;wrapperClass&quot;:&quot; vertical &quot;},&quot;popupSharing&quot;:{&quot;enabled&quot;:null,&quot;wrapperClass&quot;:&quot; vertical &quot;}}\" class=\"grid-gallery grid-gallery-fixed \" style=\" width:100%; height:auto; margin-left:auto; margin-right:auto;position:relative;\" data-popup-video=\"null\" data-popup-disable-source-image-for-linked-img=\"0\" data-popup-enable-download-photos-button=\"0\" data-thumbnail-size=\"150x150\"> <div class=\"gallery-loading\"> <div class=\"la-\" style=\"color:#0073AA\"> <div><\/div> <div><\/div> <\/div> <\/div> <div class=\"gallery-sharing-top\" style=\"display:none;\"> <\/div> <div id=\"photos-38\" class=\"grid-gallery-photos\"><a data-attachment-id=\"1046\" id=\"gg-38-190\" class=\"gg-link \" data-attachment-id=\"1046\" href=\"https:\/\/em-tek.hu\/wp-content\/uploads\/2020\/11\/Cos-de-sustinere-distantare-cu-sac3.jpg?gid=38\" target=\"_self\" title=\"_Cos de sustinere, distantare cu sac3\" data-rel=\"prettyPhoto[pp_gal]\" style=\"border-radius:100%;\" ><FIGURE data-tags=\"\" data-id=\"190\" class=\"grid-gallery-caption\" data-grid-gallery-type=\"quarter-slide-up\" data-index=\"0\" style=\"display:none;border-radius:100%; box-shadow:0px 0px 10px #000000;; margin:7px; width:1000;\" ><div class=\"crop\" style=\" width:1000; height:1000; overflow:hidden;\"><img decoding=\"async\" data-gg-real-image-href=\"https:\/\/em-tek.hu\/wp-content\/uploads\/2020\/11\/Cos-de-sustinere-distantare-cu-sac3-100x100.jpg\" src=\"https:\/\/em-tek.hu\/wp-content\/plugins\/gallery-by-supsystic\/src\/GridGallery\/Galleries\/assets\/img\/loading.gif\" class=\"ggImg ggLazyImg\" alt=\"_Cos de sustinere, distantare cu sac3\" title=\"_Cos de sustinere, distantare cu sac3\" data-description=\"_Cos de sustinere, distantare cu sac3\" data-caption=\"_Cos de sustinere, distantare cu sac3\" data-title=\"_Cos de sustinere, distantare cu sac3\" style=\" width:100px; height:100px;\" \/><\/div><FIGCAPTION class=\"\" data-alpha=\"5\" style=\"color:#ffffff; background-color:#6f0000; font-size:140; text-align:left; font-family:Default;\" ><div class=\"grid-gallery-figcaption-wrap\" style=\" vertical-align:top;\"><\/div><\/FIGCAPTION><\/FIGURE><\/a><a data-attachment-id=\"1074\" id=\"gg-38-191\" class=\"gg-link \" data-attachment-id=\"1074\" href=\"https:\/\/em-tek.hu\/wp-content\/uploads\/2020\/11\/venturi-2-2.jpg?gid=38\" target=\"_self\" title=\"venturi 2\" data-rel=\"prettyPhoto[pp_gal]\" style=\"border-radius:100%;\" ><FIGURE data-tags=\"\" data-id=\"191\" class=\"grid-gallery-caption\" data-grid-gallery-type=\"quarter-slide-up\" data-index=\"1\" style=\"display:none;border-radius:100%; box-shadow:0px 0px 10px #000000;; margin:7px; width:1000;\" ><div class=\"crop\" style=\" width:1000; height:1000; overflow:hidden;\"><img decoding=\"async\" data-gg-real-image-href=\"https:\/\/em-tek.hu\/wp-content\/uploads\/2020\/11\/venturi-2-2-100x100.jpg\" src=\"https:\/\/em-tek.hu\/wp-content\/plugins\/gallery-by-supsystic\/src\/GridGallery\/Galleries\/assets\/img\/loading.gif\" class=\"ggImg ggLazyImg\" alt=\"venturi 2\" title=\"venturi 2\" data-description=\"venturi 2\" data-caption=\"venturi 2\" data-title=\"venturi 2\" style=\" width:100px; height:100px;\" \/><\/div><FIGCAPTION class=\"\" data-alpha=\"5\" style=\"color:#ffffff; background-color:#6f0000; font-size:140; text-align:left; font-family:Default;\" ><div class=\"grid-gallery-figcaption-wrap\" style=\" vertical-align:top;\"><\/div><\/FIGCAPTION><\/FIGURE><\/a><a data-attachment-id=\"1071\" id=\"gg-38-192\" class=\"gg-link \" data-attachment-id=\"1071\" href=\"https:\/\/em-tek.hu\/wp-content\/uploads\/2020\/11\/venturi-1-2.jpg?gid=38\" target=\"_self\" title=\"venturi 1\" data-rel=\"prettyPhoto[pp_gal]\" style=\"border-radius:100%;\" ><FIGURE data-tags=\"\" data-id=\"192\" class=\"grid-gallery-caption\" data-grid-gallery-type=\"quarter-slide-up\" data-index=\"2\" style=\"display:none;border-radius:100%; box-shadow:0px 0px 10px #000000;; margin:7px; width:1000;\" ><div class=\"crop\" style=\" width:1000; height:1000; overflow:hidden;\"><img decoding=\"async\" data-gg-real-image-href=\"https:\/\/em-tek.hu\/wp-content\/uploads\/2020\/11\/venturi-1-2-100x100.jpg\" src=\"https:\/\/em-tek.hu\/wp-content\/plugins\/gallery-by-supsystic\/src\/GridGallery\/Galleries\/assets\/img\/loading.gif\" class=\"ggImg ggLazyImg\" alt=\"venturi 1\" title=\"venturi 1\" data-description=\"venturi 1\" data-caption=\"venturi 1\" data-title=\"venturi 1\" style=\" width:100px; height:100px;\" \/><\/div><FIGCAPTION class=\"\" data-alpha=\"5\" style=\"color:#ffffff; background-color:#6f0000; font-size:140; text-align:left; font-family:Default;\" ><div class=\"grid-gallery-figcaption-wrap\" style=\" vertical-align:top;\"><\/div><\/FIGCAPTION><\/FIGURE><\/a><a data-attachment-id=\"1068\" id=\"gg-38-193\" class=\"gg-link \" data-attachment-id=\"1068\" href=\"https:\/\/em-tek.hu\/wp-content\/uploads\/2020\/11\/venturi-3-2.jpg?gid=38\" target=\"_self\" title=\"venturi 3\" data-rel=\"prettyPhoto[pp_gal]\" style=\"border-radius:100%;\" ><FIGURE data-tags=\"\" data-id=\"193\" class=\"grid-gallery-caption\" data-grid-gallery-type=\"quarter-slide-up\" data-index=\"3\" style=\"display:none;border-radius:100%; box-shadow:0px 0px 10px #000000;; margin:7px; width:1000;\" ><div class=\"crop\" style=\" width:1000; height:1000; overflow:hidden;\"><img decoding=\"async\" data-gg-real-image-href=\"https:\/\/em-tek.hu\/wp-content\/uploads\/2020\/11\/venturi-3-2-100x100.jpg\" src=\"https:\/\/em-tek.hu\/wp-content\/plugins\/gallery-by-supsystic\/src\/GridGallery\/Galleries\/assets\/img\/loading.gif\" class=\"ggImg ggLazyImg\" alt=\"venturi 3\" title=\"venturi 3\" data-description=\"venturi 3\" data-caption=\"venturi 3\" data-title=\"venturi 3\" style=\" width:100px; height:100px;\" \/><\/div><FIGCAPTION class=\"\" data-alpha=\"5\" style=\"color:#ffffff; background-color:#6f0000; font-size:140; text-align:left; font-family:Default;\" ><div class=\"grid-gallery-figcaption-wrap\" style=\" vertical-align:top;\"><\/div><\/FIGCAPTION><\/FIGURE><\/a><a data-attachment-id=\"1065\" id=\"gg-38-194\" class=\"gg-link \" data-attachment-id=\"1065\" href=\"https:\/\/em-tek.hu\/wp-content\/uploads\/2020\/11\/Cos-de-sustinere-distantare3.jpg?gid=38\" target=\"_self\" title=\"Cos de sustinere, distantare3\" data-rel=\"prettyPhoto[pp_gal]\" style=\"border-radius:100%;\" ><FIGURE data-tags=\"\" data-id=\"194\" class=\"grid-gallery-caption\" data-grid-gallery-type=\"quarter-slide-up\" data-index=\"4\" style=\"display:none;border-radius:100%; box-shadow:0px 0px 10px #000000;; margin:7px; width:1000;\" ><div class=\"crop\" style=\" width:1000; height:1000; overflow:hidden;\"><img decoding=\"async\" data-gg-real-image-href=\"https:\/\/em-tek.hu\/wp-content\/uploads\/2020\/11\/Cos-de-sustinere-distantare3-100x100.jpg\" src=\"https:\/\/em-tek.hu\/wp-content\/plugins\/gallery-by-supsystic\/src\/GridGallery\/Galleries\/assets\/img\/loading.gif\" class=\"ggImg ggLazyImg\" alt=\"Cos de sustinere, distantare3\" title=\"Cos de sustinere, distantare3\" data-description=\"Cos de sustinere, distantare3\" data-caption=\"Cos de sustinere, distantare3\" data-title=\"Cos de sustinere, distantare3\" style=\" width:100px; height:100px;\" \/><\/div><FIGCAPTION class=\"\" data-alpha=\"5\" style=\"color:#ffffff; background-color:#6f0000; font-size:140; text-align:left; font-family:Default;\" ><div class=\"grid-gallery-figcaption-wrap\" style=\" vertical-align:top;\"><\/div><\/FIGCAPTION><\/FIGURE><\/a><a data-attachment-id=\"1062\" id=\"gg-38-195\" class=\"gg-link \" data-attachment-id=\"1062\" href=\"https:\/\/em-tek.hu\/wp-content\/uploads\/2020\/11\/Cos-de-sustinere-distantare2.jpg?gid=38\" target=\"_self\" title=\"Cos de sustinere, distantare2\" data-rel=\"prettyPhoto[pp_gal]\" style=\"border-radius:100%;\" ><FIGURE data-tags=\"\" data-id=\"195\" class=\"grid-gallery-caption\" data-grid-gallery-type=\"quarter-slide-up\" data-index=\"5\" style=\"display:none;border-radius:100%; box-shadow:0px 0px 10px #000000;; margin:7px; width:1000;\" ><div class=\"crop\" style=\" width:1000; height:1000; overflow:hidden;\"><img decoding=\"async\" data-gg-real-image-href=\"https:\/\/em-tek.hu\/wp-content\/uploads\/2020\/11\/Cos-de-sustinere-distantare2-100x100.jpg\" src=\"https:\/\/em-tek.hu\/wp-content\/plugins\/gallery-by-supsystic\/src\/GridGallery\/Galleries\/assets\/img\/loading.gif\" class=\"ggImg ggLazyImg\" alt=\"Cos de sustinere, distantare2\" title=\"Cos de sustinere, distantare2\" data-description=\"Cos de sustinere, distantare2\" data-caption=\"Cos de sustinere, distantare2\" data-title=\"Cos de sustinere, distantare2\" style=\" width:100px; height:100px;\" \/><\/div><FIGCAPTION class=\"\" data-alpha=\"5\" style=\"color:#ffffff; background-color:#6f0000; font-size:140; text-align:left; font-family:Default;\" ><div class=\"grid-gallery-figcaption-wrap\" style=\" vertical-align:top;\"><\/div><\/FIGCAPTION><\/FIGURE><\/a><a data-attachment-id=\"1059\" id=\"gg-38-196\" class=\"gg-link \" data-attachment-id=\"1059\" href=\"https:\/\/em-tek.hu\/wp-content\/uploads\/2020\/11\/Cos-de-sustinere-distantare1.jpg?gid=38\" target=\"_self\" title=\"Cos de sustinere, distantare1\" data-rel=\"prettyPhoto[pp_gal]\" style=\"border-radius:100%;\" ><FIGURE data-tags=\"\" data-id=\"196\" class=\"grid-gallery-caption\" data-grid-gallery-type=\"quarter-slide-up\" data-index=\"6\" style=\"display:none;border-radius:100%; box-shadow:0px 0px 10px #000000;; margin:7px; width:1000;\" ><div class=\"crop\" style=\" width:1000; height:1000; overflow:hidden;\"><img decoding=\"async\" data-gg-real-image-href=\"https:\/\/em-tek.hu\/wp-content\/uploads\/2020\/11\/Cos-de-sustinere-distantare1-100x100.jpg\" src=\"https:\/\/em-tek.hu\/wp-content\/plugins\/gallery-by-supsystic\/src\/GridGallery\/Galleries\/assets\/img\/loading.gif\" class=\"ggImg ggLazyImg\" alt=\"Cos de sustinere, distantare1\" title=\"Cos de sustinere, distantare1\" data-description=\"Cos de sustinere, distantare1\" data-caption=\"Cos de sustinere, distantare1\" data-title=\"Cos de sustinere, distantare1\" style=\" width:100px; height:100px;\" \/><\/div><FIGCAPTION class=\"\" data-alpha=\"5\" style=\"color:#ffffff; background-color:#6f0000; font-size:140; text-align:left; font-family:Default;\" ><div class=\"grid-gallery-figcaption-wrap\" style=\" vertical-align:top;\"><\/div><\/FIGCAPTION><\/FIGURE><\/a><a data-attachment-id=\"1056\" id=\"gg-38-197\" class=\"gg-link \" data-attachment-id=\"1056\" href=\"https:\/\/em-tek.hu\/wp-content\/uploads\/2020\/11\/Cos-de-sustinere-distantare-cu-tub-Venturi.jpg?gid=38\" target=\"_self\" title=\"Cos de sustinere, distantare cu tub Venturi\" data-rel=\"prettyPhoto[pp_gal]\" style=\"border-radius:100%;\" ><FIGURE data-tags=\"\" data-id=\"197\" class=\"grid-gallery-caption\" data-grid-gallery-type=\"quarter-slide-up\" data-index=\"7\" style=\"display:none;border-radius:100%; box-shadow:0px 0px 10px #000000;; margin:7px; width:1000;\" ><div class=\"crop\" style=\" width:1000; height:1000; overflow:hidden;\"><img decoding=\"async\" data-gg-real-image-href=\"https:\/\/em-tek.hu\/wp-content\/uploads\/2020\/11\/Cos-de-sustinere-distantare-cu-tub-Venturi-100x100.jpg\" src=\"https:\/\/em-tek.hu\/wp-content\/plugins\/gallery-by-supsystic\/src\/GridGallery\/Galleries\/assets\/img\/loading.gif\" class=\"ggImg ggLazyImg\" alt=\"Cos de sustinere, distantare cu tub Venturi\" title=\"Cos de sustinere, distantare cu tub Venturi\" data-description=\"Cos de sustinere, distantare cu tub Venturi\" data-caption=\"Cos de sustinere, distantare cu tub Venturi\" data-title=\"Cos de sustinere, distantare cu tub Venturi\" style=\" width:100px; height:100px;\" \/><\/div><FIGCAPTION class=\"\" data-alpha=\"5\" style=\"color:#ffffff; background-color:#6f0000; font-size:140; text-align:left; font-family:Default;\" ><div class=\"grid-gallery-figcaption-wrap\" style=\" vertical-align:top;\"><\/div><\/FIGCAPTION><\/FIGURE><\/a><a data-attachment-id=\"1053\" id=\"gg-38-198\" class=\"gg-link \" data-attachment-id=\"1053\" href=\"https:\/\/em-tek.hu\/wp-content\/uploads\/2020\/11\/Cos-de-sustinere-distantare-cu-sac2.jpg?gid=38\" target=\"_self\" title=\"Cos de sustinere, distantare cu sac2\" data-rel=\"prettyPhoto[pp_gal]\" style=\"border-radius:100%;\" ><FIGURE data-tags=\"\" data-id=\"198\" class=\"grid-gallery-caption\" data-grid-gallery-type=\"quarter-slide-up\" data-index=\"8\" style=\"display:none;border-radius:100%; box-shadow:0px 0px 10px #000000;; margin:7px; width:1000;\" ><div class=\"crop\" style=\" width:1000; height:1000; overflow:hidden;\"><img decoding=\"async\" data-gg-real-image-href=\"https:\/\/em-tek.hu\/wp-content\/uploads\/2020\/11\/Cos-de-sustinere-distantare-cu-sac2-100x100.jpg\" src=\"https:\/\/em-tek.hu\/wp-content\/plugins\/gallery-by-supsystic\/src\/GridGallery\/Galleries\/assets\/img\/loading.gif\" class=\"ggImg ggLazyImg\" alt=\"Cos de sustinere, distantare cu sac2\" title=\"Cos de sustinere, distantare cu sac2\" data-description=\"Cos de sustinere, distantare cu sac2\" data-caption=\"Cos de sustinere, distantare cu sac2\" data-title=\"Cos de sustinere, distantare cu sac2\" style=\" width:100px; height:100px;\" \/><\/div><FIGCAPTION class=\"\" data-alpha=\"5\" style=\"color:#ffffff; background-color:#6f0000; font-size:140; text-align:left; font-family:Default;\" ><div class=\"grid-gallery-figcaption-wrap\" style=\" vertical-align:top;\"><\/div><\/FIGCAPTION><\/FIGURE><\/a><a data-attachment-id=\"1050\" id=\"gg-38-199\" class=\"gg-link \" data-attachment-id=\"1050\" href=\"https:\/\/em-tek.hu\/wp-content\/uploads\/2020\/11\/Cos-de-sustinere-distantare-cu-sac1.jpg?gid=38\" target=\"_self\" title=\"Cos de sustinere, distantare cu sac1\" data-rel=\"prettyPhoto[pp_gal]\" style=\"border-radius:100%;\" ><FIGURE data-tags=\"\" data-id=\"199\" class=\"grid-gallery-caption\" data-grid-gallery-type=\"quarter-slide-up\" data-index=\"9\" style=\"display:none;border-radius:100%; box-shadow:0px 0px 10px #000000;; margin:7px; width:1000;\" ><div class=\"crop\" style=\" width:1000; height:1000; overflow:hidden;\"><img decoding=\"async\" data-gg-real-image-href=\"https:\/\/em-tek.hu\/wp-content\/uploads\/2020\/11\/Cos-de-sustinere-distantare-cu-sac1-100x100.jpg\" src=\"https:\/\/em-tek.hu\/wp-content\/plugins\/gallery-by-supsystic\/src\/GridGallery\/Galleries\/assets\/img\/loading.gif\" class=\"ggImg ggLazyImg\" alt=\"Cos de sustinere, distantare cu sac1\" title=\"Cos de sustinere, distantare cu sac1\" data-description=\"Cos de sustinere, distantare cu sac1\" data-caption=\"Cos de sustinere, distantare cu sac1\" data-title=\"Cos de sustinere, distantare cu sac1\" style=\" width:100px; height:100px;\" \/><\/div><FIGCAPTION class=\"\" data-alpha=\"5\" style=\"color:#ffffff; background-color:#6f0000; font-size:140; text-align:left; font-family:Default;\" ><div class=\"grid-gallery-figcaption-wrap\" style=\" vertical-align:top;\"><\/div><\/FIGCAPTION><\/FIGURE><\/a><a data-attachment-id=\"1043\" id=\"gg-38-200\" class=\"gg-link \" data-attachment-id=\"1043\" href=\"https:\/\/em-tek.hu\/wp-content\/uploads\/2020\/11\/Cos-de-sustinere-distantare4.jpg?gid=38\" target=\"_self\" title=\"Cos de sustinere, distantare4\" data-rel=\"prettyPhoto[pp_gal]\" style=\"border-radius:100%;\" ><FIGURE data-tags=\"\" data-id=\"200\" class=\"grid-gallery-caption\" data-grid-gallery-type=\"quarter-slide-up\" data-index=\"10\" style=\"display:none;border-radius:100%; box-shadow:0px 0px 10px #000000;; margin:7px; width:1000;\" ><div class=\"crop\" style=\" width:1000; height:1000; overflow:hidden;\"><img decoding=\"async\" data-gg-real-image-href=\"https:\/\/em-tek.hu\/wp-content\/uploads\/2020\/11\/Cos-de-sustinere-distantare4-100x100.jpg\" src=\"https:\/\/em-tek.hu\/wp-content\/plugins\/gallery-by-supsystic\/src\/GridGallery\/Galleries\/assets\/img\/loading.gif\" class=\"ggImg ggLazyImg\" alt=\"Cos de sustinere, distantare4\" title=\"Cos de sustinere, distantare4\" data-description=\"Cos de sustinere, distantare4\" data-caption=\"Cos de sustinere, distantare4\" data-title=\"Cos de sustinere, distantare4\" style=\" width:100px; height:100px;\" \/><\/div><FIGCAPTION class=\"\" data-alpha=\"5\" style=\"color:#ffffff; background-color:#6f0000; font-size:140; text-align:left; font-family:Default;\" ><div class=\"grid-gallery-figcaption-wrap\" style=\" vertical-align:top;\"><\/div><\/FIGCAPTION><\/FIGURE><\/a> <div class=\"grid-gallery-clearfix\"><\/div> <\/div> <div class=\"gallery-sharing-bottom\" style=\"display:none;\"> <\/div> <div class=\"gallery-sharing-image\" style=\"display:none;\"> <\/div> <div class=\"gallery-sharing-popup\" style=\"display:none;\"> <\/div> <div class=\"grid-gallery-clearfix\"><\/div> <\/div> <!-- Gallery by Supsystic plugin1.15.31 \/2.9.16 --> <style> <\/style><a title=\"\" style=\"display:none;\" href=\"https:\/\/supsystic.com\/plugins\/photo-gallery\/?utm_medium=love_link\" target=\"_blank\"><\/a>[\/vc_column_text][\/vc_column][\/vc_row]<\/p>\n","protected":false},"excerpt":{"rendered":"<p>[vc_row][vc_column][vc_column_text] Cosuri de sustinere, gratare distantatoare si elemente Venturi [\/vc_column_text][vc_separator style=&#8221;shadow&#8221;][vc_column_text] A sz\u0171r\u0151zs\u00e1kok t\u00f6bbs\u00e9g\u00e9nek \u00fczemeltet\u00e9se sor\u00e1n elengedhetetlen tartoz\u00e9kok a kosarak, r\u00e1csok, t\u00e1vtart\u00f3 elemek, melyek a sz\u0171r\u00e9si folyamat szerves r\u00e9sz\u00e9t k\u00e9pezik. Seg\u00edts\u00e9g\u00fckkel stabiliz\u00e1lhat\u00f3 a zs\u00e1kok helyzete, \u00f6sszesz\u00edv\u00f3d\u00e1s elleni v\u00e9delmet ny\u00fajtanak, ez\u00e1ltal jav\u00edtj\u00e1k az elsz\u00edv\u00e1s hat\u00e1sfok\u00e1t. Palett\u00e1nkon szinte az \u00f6sszes forgalomban l\u00e9v\u0151 t\u00edpus, kialak\u00edt\u00e1s, anyagmin\u0151s\u00e9g \u00e9s fel\u00fcleti [&hellip;]<\/p>\n","protected":false},"author":1,"featured_media":0,"parent":1464,"menu_order":0,"comment_status":"closed","ping_status":"closed","template":"","meta":{"_acf_changed":false,"footnotes":""},"class_list":["post-1568","page","type-page","status-publish","hentry"],"acf":[],"_links":{"self":[{"href":"https:\/\/em-tek.hu\/ro\/wp-json\/wp\/v2\/pages\/1568","targetHints":{"allow":["GET"]}}],"collection":[{"href":"https:\/\/em-tek.hu\/ro\/wp-json\/wp\/v2\/pages"}],"about":[{"href":"https:\/\/em-tek.hu\/ro\/wp-json\/wp\/v2\/types\/page"}],"author":[{"embeddable":true,"href":"https:\/\/em-tek.hu\/ro\/wp-json\/wp\/v2\/users\/1"}],"replies":[{"embeddable":true,"href":"https:\/\/em-tek.hu\/ro\/wp-json\/wp\/v2\/comments?post=1568"}],"version-history":[{"count":1,"href":"https:\/\/em-tek.hu\/ro\/wp-json\/wp\/v2\/pages\/1568\/revisions"}],"predecessor-version":[{"id":1569,"href":"https:\/\/em-tek.hu\/ro\/wp-json\/wp\/v2\/pages\/1568\/revisions\/1569"}],"up":[{"embeddable":true,"href":"https:\/\/em-tek.hu\/ro\/wp-json\/wp\/v2\/pages\/1464"}],"wp:attachment":[{"href":"https:\/\/em-tek.hu\/ro\/wp-json\/wp\/v2\/media?parent=1568"}],"curies":[{"name":"wp","href":"https:\/\/api.w.org\/{rel}","templated":true}]}}