{"id":1574,"date":"2020-11-21T19:59:05","date_gmt":"2020-11-21T19:59:05","guid":{"rendered":"https:\/\/em-tek.hu\/?page_id=1574"},"modified":"2020-11-26T09:08:39","modified_gmt":"2020-11-26T09:08:39","slug":"muhlen-sohn","status":"publish","type":"page","link":"https:\/\/em-tek.hu\/ro\/produse-2\/muhlen-sohn\/","title":{"rendered":"M\u00fchlen Sohn"},"content":{"rendered":"<p>[vc_row][vc_column][vc_column_text]<\/p>\n<h1>M\u00fchlen Sohn<\/h1>\n<p>[\/vc_column_text][vc_column_text]Compania noastr\u0103 este reprezentantul exclusiv al firmei germane M\u00fchlen &amp; Sohn \u00een Ungaria si Romania. Panzele de aerare sunt utilizate la nivel mondial pentru transportul unor cantit\u0103\u021bi mari de pulberi \u0219i granule. Domeniul s\u0103u de aplicare este aproape nelimitat. \u021aes\u0103turile noastre asigur\u0103 transportul rapid \u0219i ne\u00eentrerupt \u00een conductele de aer, depozitarea complet\u0103 in silozuri, camioane, vagoane de cale ferat\u0103, nave, Vin livrate \u00een role sau t\u0103iate la dimensiune.[\/vc_column_text][vc_row_inner][vc_column_inner width=&#8221;1\/2&#8243;][vc_column_text]Domeniul de utilizare:<\/p>\n<p style=\"padding-left: 40px;\">\u2713 ciment<br \/>\n\u2713 var \u0219i ipsos<br \/>\n\u2713\u00a0aluminiu<br \/>\n\u2713 incinerator de de\u0219euri<\/p>\n<p>Avantaje:<\/p>\n<p style=\"padding-left: 40px;\">\u2713 durat\u0103 lung\u0103 de via\u021b\u0103<br \/>\n\u2713 timp de mentenanta mai scurta si rara<br \/>\n\u2713 rezisten\u021b\u0103 mai mare la abraziune<br \/>\n\u2713 suprafa\u021b\u0103 neted\u0103<br \/>\n\u2713 reten\u021bie la mucegai<br \/>\n\u2713 rezisten\u021b\u0103 ridicat\u0103 la trac\u021biune<br \/>\n\u2713 auto-cur\u0103\u021bare.<\/p>\n<p>[\/vc_column_text][\/vc_column_inner][vc_column_inner width=&#8221;1\/2&#8243;][vc_column_text]<strong>V\u0103 rug\u0103m s\u0103 consulta\u021bi catalogul nostru:<\/strong><\/p>\n<p><a href=\"https:\/\/em-tek.hu\/wp-content\/uploads\/2020\/11\/MS-Broschuere-FLUITEX-EN.pdf\"><img loading=\"lazy\" decoding=\"async\" class=\"size-medium wp-image-1661 aligncenter\" src=\"https:\/\/em-tek.hu\/wp-content\/uploads\/2020\/11\/MS-Broschuere-FLUITEX-EN-1-fokep_v3-300x268.png\" alt=\"\" width=\"300\" height=\"268\" srcset=\"https:\/\/em-tek.hu\/wp-content\/uploads\/2020\/11\/MS-Broschuere-FLUITEX-EN-1-fokep_v3-300x268.png 300w, https:\/\/em-tek.hu\/wp-content\/uploads\/2020\/11\/MS-Broschuere-FLUITEX-EN-1-fokep_v3.png 623w\" sizes=\"auto, (max-width: 300px) 100vw, 300px\" \/><\/a>[\/vc_column_text][\/vc_column_inner][\/vc_row_inner][vc_column_text]Con de fluidizare:<\/p>\n<p>La transportoare de ciment, silozuri \u0219i vagoane de cale ferat\u0103, ajut\u0103 la p\u0103strarea consisten\u021bei materialului depozitat \u00een timpul transportului, facilit\u00e2nd astfel \u0219i acceler\u00e2nd evacuarea, golirea.[\/vc_column_text][vc_column_text]<img loading=\"lazy\" decoding=\"async\" class=\"size-medium wp-image-154 aligncenter\" src=\"https:\/\/em-tek.hu\/wp-content\/uploads\/2020\/10\/muhlen-logo_100-300x78.png\" alt=\"\" width=\"300\" height=\"78\" srcset=\"https:\/\/em-tek.hu\/wp-content\/uploads\/2020\/10\/muhlen-logo_100-300x78.png 300w, https:\/\/em-tek.hu\/wp-content\/uploads\/2020\/10\/muhlen-logo_100.png 383w\" sizes=\"auto, (max-width: 300px) 100vw, 300px\" \/>[\/vc_column_text][vc_column_text]<style> #grid-gallery-39-21232 .grid-gallery-caption[data-grid-gallery-type=\"show-on-hover\"]:hover figcaption, #grid-gallery-39-21232 .grid-gallery-caption[data-grid-gallery-type=\"show-on-hover\"].hovered figcaption, #grid-gallery-39-21232 .grid-gallery-caption[data-grid-gallery-type=\"show-on-hover\"]:active figcaption { background-color:rgba(111,0,0,0.5) !important; } <\/style> <div id=\"grid-gallery-39-21232\" data-gg-id=\"39\" data-title=\"2.1.3 RO\" data-grid-type=\"0\" data-offset=\"7\" data-area-position=\"center\" data-icons=\"false\" data-preloader=\"true\" data-width=\"100\" data-height=\"100\" data-padding=\"0\" data-quicksand=\"disabled\" data-quicksand-duration=\"none\" data-popup-theme=\"theme_6\" data-popup-type=\"pretty-photo\" data-popup-image-text=\"data-description\" data-popup-widthsize=\"auto\" data-popup-heightsize=\"auto\" data-popup-i18n-words=\"{&quot;close&quot;:&quot;close&quot;,&quot;next&quot;:&quot;next&quot;,&quot;previous&quot;:&quot;previous&quot;,&quot;start_slideshow&quot;:&quot;start slideshow&quot;,&quot;stop_slideshow&quot;:&quot;stop slideshow&quot;,&quot;image&quot;:&quot;image&quot;,&quot;of&quot;:&quot;of&quot;,&quot;prev&quot;:&quot;prev&quot;,&quot;cExpand&quot;:&quot;Expand&quot;,&quot;cPrevious&quot;:&quot;Previous&quot;,&quot;cNext&quot;:&quot;Next&quot;,&quot;cExpandStr&quot;:&quot;Expand the image&quot;,&quot;cRotate&quot;:&quot;Rotate&quot;,&quot;cDetails&quot;:&quot;Details&quot;}\" data-popup-slideshow=\"false\" data-popup-slideshow-speed=\"2500\" data-popup-hoverstop=\"true\" data-popup-slideshow-auto=\"false\" data-popup-background=\"\" data-popup-transparency=\"30\" data-popup-disable-history=\"\" data-popup-disable-changed-url=\"\" data-popup-border-type=\"solid\" data-popup-border-color=\"\" data-popup-border-width=\"\" data-popup-border-enable=\"\" data-fullscreen=\"false\" data-hide-tooltip=\"false\" data-caption-font-family=\"Default\" data-caption-text-size=\"140\" data-is-mobile=\"0\" data-caption-mobile=\"false\" data-hide-long-tltp-title=\"0\" data-caption-disabled-on-mobile=\"false\" data-lazyload-enable='1' data-lazyload-effect=\"show\" data-lazyload-effect-duration=\"400\" data-popup-placement-type=\"0\" data-social-sharing=\"{&quot;enabled&quot;:&quot;&quot;,&quot;gallerySharing&quot;:{&quot;enabled&quot;:null,&quot;position&quot;:null},&quot;imageSharing&quot;:{&quot;enabled&quot;:null,&quot;wrapperClass&quot;:&quot; vertical &quot;},&quot;popupSharing&quot;:{&quot;enabled&quot;:null,&quot;wrapperClass&quot;:&quot; vertical &quot;}}\" class=\"grid-gallery grid-gallery-fixed \" style=\" width:100%; height:auto; margin-left:auto; margin-right:auto;position:relative;\" data-popup-video=\"null\" data-popup-disable-source-image-for-linked-img=\"0\" data-popup-enable-download-photos-button=\"0\" data-thumbnail-size=\"150x150\"> <div class=\"gallery-loading\"> <div class=\"la-\" style=\"color:#0073AA\"> <div><\/div> <div><\/div> <\/div> <\/div> <div class=\"gallery-sharing-top\" style=\"display:none;\"> <\/div> <div id=\"photos-39\" class=\"grid-gallery-photos\"><a data-attachment-id=\"1081\" id=\"gg-39-201\" class=\"gg-link \" data-attachment-id=\"1081\" href=\"https:\/\/em-tek.hu\/wp-content\/uploads\/2020\/11\/M\u00fchlen-Sohn-2.png?gid=39\" target=\"_self\" title=\"_M\u00fchlen Sohn\" data-rel=\"prettyPhoto[pp_gal]\" style=\"border-radius:100%;\" ><FIGURE data-tags=\"\" data-id=\"201\" class=\"grid-gallery-caption\" data-grid-gallery-type=\"quarter-slide-up\" data-index=\"0\" style=\"display:none;border:5px solid #fefefe; border-radius:100%; box-shadow:0px 0px 10px #000000;; margin:7px; width:1000;\" ><div class=\"crop\" style=\" width:1000; height:1000; overflow:hidden;\"><img decoding=\"async\" data-gg-real-image-href=\"https:\/\/em-tek.hu\/wp-content\/uploads\/2020\/11\/M\u00fchlen-Sohn-2-100x100.png\" src=\"https:\/\/em-tek.hu\/wp-content\/plugins\/gallery-by-supsystic\/src\/GridGallery\/Galleries\/assets\/img\/loading.gif\" class=\"ggImg ggLazyImg\" alt=\"_M\u00fchlen Sohn\" title=\"_M\u00fchlen Sohn\" data-description=\"_M\u00fchlen Sohn\" data-caption=\"_M\u00fchlen Sohn\" data-title=\"_M\u00fchlen Sohn\" style=\" width:100px; height:100px;\" \/><\/div><FIGCAPTION class=\"\" data-alpha=\"5\" style=\"color:#ffffff; background-color:#6f0000; font-size:140; text-align:left; font-family:Default;\" ><div class=\"grid-gallery-figcaption-wrap\" style=\" vertical-align:top;\"><\/div><\/FIGCAPTION><\/FIGURE><\/a><a data-attachment-id=\"1084\" id=\"gg-39-202\" class=\"gg-link \" data-attachment-id=\"1084\" href=\"https:\/\/em-tek.hu\/wp-content\/uploads\/2020\/11\/panze-de-aerare1.jpg?gid=39\" target=\"_self\" title=\"panze de aerare1\" data-rel=\"prettyPhoto[pp_gal]\" style=\"border-radius:100%;\" ><FIGURE data-tags=\"\" data-id=\"202\" class=\"grid-gallery-caption\" data-grid-gallery-type=\"quarter-slide-up\" data-index=\"1\" style=\"display:none;border:5px solid #fefefe; border-radius:100%; box-shadow:0px 0px 10px #000000;; margin:7px; width:1000;\" ><div class=\"crop\" style=\" width:1000; height:1000; overflow:hidden;\"><img decoding=\"async\" data-gg-real-image-href=\"https:\/\/em-tek.hu\/wp-content\/uploads\/2020\/11\/panze-de-aerare1-100x100.jpg\" src=\"https:\/\/em-tek.hu\/wp-content\/plugins\/gallery-by-supsystic\/src\/GridGallery\/Galleries\/assets\/img\/loading.gif\" class=\"ggImg ggLazyImg\" alt=\"panze de aerare1\" title=\"panze de aerare1\" data-description=\"panze de aerare1\" data-caption=\"panze de aerare1\" data-title=\"panze de aerare1\" style=\" width:100px; height:100px;\" \/><\/div><FIGCAPTION class=\"\" data-alpha=\"5\" style=\"color:#ffffff; background-color:#6f0000; font-size:140; text-align:left; font-family:Default;\" ><div class=\"grid-gallery-figcaption-wrap\" style=\" vertical-align:top;\"><\/div><\/FIGCAPTION><\/FIGURE><\/a><a data-attachment-id=\"1078\" id=\"gg-39-203\" class=\"gg-link \" data-attachment-id=\"1078\" href=\"https:\/\/em-tek.hu\/wp-content\/uploads\/2020\/11\/panze-de-aerare2.jpg?gid=39\" target=\"_self\" title=\"panze de aerare2\" data-rel=\"prettyPhoto[pp_gal]\" style=\"border-radius:100%;\" ><FIGURE data-tags=\"\" data-id=\"203\" class=\"grid-gallery-caption\" data-grid-gallery-type=\"quarter-slide-up\" data-index=\"2\" style=\"display:none;border:5px solid #fefefe; border-radius:100%; box-shadow:0px 0px 10px #000000;; margin:7px; width:1000;\" ><div class=\"crop\" style=\" width:1000; height:1000; overflow:hidden;\"><img decoding=\"async\" data-gg-real-image-href=\"https:\/\/em-tek.hu\/wp-content\/uploads\/2020\/11\/panze-de-aerare2-100x100.jpg\" src=\"https:\/\/em-tek.hu\/wp-content\/plugins\/gallery-by-supsystic\/src\/GridGallery\/Galleries\/assets\/img\/loading.gif\" class=\"ggImg ggLazyImg\" alt=\"panze de aerare2\" title=\"panze de aerare2\" data-description=\"panze de aerare2\" data-caption=\"panze de aerare2\" data-title=\"panze de aerare2\" style=\" width:100px; height:100px;\" \/><\/div><FIGCAPTION class=\"\" data-alpha=\"5\" style=\"color:#ffffff; background-color:#6f0000; font-size:140; text-align:left; font-family:Default;\" ><div class=\"grid-gallery-figcaption-wrap\" style=\" vertical-align:top;\"><\/div><\/FIGCAPTION><\/FIGURE><\/a><a data-attachment-id=\"1750\" id=\"gg-39-291\" class=\"gg-link \" data-attachment-id=\"1750\" href=\"https:\/\/em-tek.hu\/wp-content\/uploads\/2020\/11\/Con-de-fluidizare.png?gid=39\" target=\"_self\" title=\"Con de fluidizare\" data-rel=\"prettyPhoto[pp_gal]\" style=\"border-radius:100%;\" ><FIGURE data-tags=\"\" data-id=\"291\" class=\"grid-gallery-caption\" data-grid-gallery-type=\"quarter-slide-up\" data-index=\"3\" style=\"display:none;border:5px solid #fefefe; border-radius:100%; box-shadow:0px 0px 10px #000000;; margin:7px; width:1000;\" ><div class=\"crop\" style=\" width:1000; height:1000; overflow:hidden;\"><img decoding=\"async\" data-gg-real-image-href=\"https:\/\/em-tek.hu\/wp-content\/uploads\/2020\/11\/Con-de-fluidizare-100x100.png\" src=\"https:\/\/em-tek.hu\/wp-content\/plugins\/gallery-by-supsystic\/src\/GridGallery\/Galleries\/assets\/img\/loading.gif\" class=\"ggImg ggLazyImg\" alt=\"Con de fluidizare\" title=\"Con de fluidizare\" data-description=\"Con de fluidizare\" data-caption=\"Con de fluidizare\" data-title=\"Con de fluidizare\" style=\" width:100px; height:100px;\" \/><\/div><FIGCAPTION class=\"\" data-alpha=\"5\" style=\"color:#ffffff; background-color:#6f0000; font-size:140; text-align:left; font-family:Default;\" ><div class=\"grid-gallery-figcaption-wrap\" style=\" vertical-align:top;\"><\/div><\/FIGCAPTION><\/FIGURE><\/a><a data-attachment-id=\"1753\" id=\"gg-39-292\" class=\"gg-link \" data-attachment-id=\"1753\" href=\"https:\/\/em-tek.hu\/wp-content\/uploads\/2020\/11\/Con-de-fluidizare2.png?gid=39\" target=\"_self\" title=\"Con de fluidizare2\" data-rel=\"prettyPhoto[pp_gal]\" style=\"border-radius:100%;\" ><FIGURE data-tags=\"\" data-id=\"292\" class=\"grid-gallery-caption\" data-grid-gallery-type=\"quarter-slide-up\" data-index=\"4\" style=\"display:none;border:5px solid #fefefe; border-radius:100%; box-shadow:0px 0px 10px #000000;; margin:7px; width:1000;\" ><div class=\"crop\" style=\" width:1000; height:1000; overflow:hidden;\"><img decoding=\"async\" data-gg-real-image-href=\"https:\/\/em-tek.hu\/wp-content\/uploads\/2020\/11\/Con-de-fluidizare2-100x100.png\" src=\"https:\/\/em-tek.hu\/wp-content\/plugins\/gallery-by-supsystic\/src\/GridGallery\/Galleries\/assets\/img\/loading.gif\" class=\"ggImg ggLazyImg\" alt=\"Con de fluidizare2\" title=\"Con de fluidizare2\" data-description=\"Con de fluidizare2\" data-caption=\"Con de fluidizare2\" data-title=\"Con de fluidizare2\" style=\" width:100px; height:100px;\" \/><\/div><FIGCAPTION class=\"\" data-alpha=\"5\" style=\"color:#ffffff; background-color:#6f0000; font-size:140; text-align:left; font-family:Default;\" ><div class=\"grid-gallery-figcaption-wrap\" style=\" vertical-align:top;\"><\/div><\/FIGCAPTION><\/FIGURE><\/a> <div class=\"grid-gallery-clearfix\"><\/div> <\/div> <div class=\"gallery-sharing-bottom\" style=\"display:none;\"> <\/div> <div class=\"gallery-sharing-image\" style=\"display:none;\"> <\/div> <div class=\"gallery-sharing-popup\" style=\"display:none;\"> <\/div> <div class=\"grid-gallery-clearfix\"><\/div> <\/div> <!-- Gallery by Supsystic plugin1.15.31 \/2.9.16 --> <style> <\/style><a title=\"\" style=\"display:none;\" href=\"https:\/\/supsystic.com\/plugins\/photo-gallery\/?utm_medium=love_link\" target=\"_blank\"><\/a>[\/vc_column_text][\/vc_column][\/vc_row]<\/p>\n","protected":false},"excerpt":{"rendered":"<p>[vc_row][vc_column][vc_column_text] M\u00fchlen Sohn [\/vc_column_text][vc_column_text]Compania noastr\u0103 este reprezentantul exclusiv al firmei germane M\u00fchlen &amp; Sohn \u00een Ungaria si Romania. Panzele de aerare sunt utilizate la nivel mondial pentru transportul unor cantit\u0103\u021bi mari de pulberi \u0219i granule. Domeniul s\u0103u de aplicare este aproape nelimitat. \u021aes\u0103turile noastre asigur\u0103 transportul rapid \u0219i ne\u00eentrerupt \u00een conductele de aer, depozitarea complet\u0103 [&hellip;]<\/p>\n","protected":false},"author":1,"featured_media":0,"parent":1457,"menu_order":0,"comment_status":"closed","ping_status":"closed","template":"","meta":{"_acf_changed":false,"footnotes":""},"class_list":["post-1574","page","type-page","status-publish","hentry"],"acf":[],"_links":{"self":[{"href":"https:\/\/em-tek.hu\/ro\/wp-json\/wp\/v2\/pages\/1574","targetHints":{"allow":["GET"]}}],"collection":[{"href":"https:\/\/em-tek.hu\/ro\/wp-json\/wp\/v2\/pages"}],"about":[{"href":"https:\/\/em-tek.hu\/ro\/wp-json\/wp\/v2\/types\/page"}],"author":[{"embeddable":true,"href":"https:\/\/em-tek.hu\/ro\/wp-json\/wp\/v2\/users\/1"}],"replies":[{"embeddable":true,"href":"https:\/\/em-tek.hu\/ro\/wp-json\/wp\/v2\/comments?post=1574"}],"version-history":[{"count":4,"href":"https:\/\/em-tek.hu\/ro\/wp-json\/wp\/v2\/pages\/1574\/revisions"}],"predecessor-version":[{"id":1713,"href":"https:\/\/em-tek.hu\/ro\/wp-json\/wp\/v2\/pages\/1574\/revisions\/1713"}],"up":[{"embeddable":true,"href":"https:\/\/em-tek.hu\/ro\/wp-json\/wp\/v2\/pages\/1457"}],"wp:attachment":[{"href":"https:\/\/em-tek.hu\/ro\/wp-json\/wp\/v2\/media?parent=1574"}],"curies":[{"name":"wp","href":"https:\/\/api.w.org\/{rel}","templated":true}]}}