{"id":1580,"date":"2020-11-21T20:00:35","date_gmt":"2020-11-21T20:00:35","guid":{"rendered":"https:\/\/em-tek.hu\/?page_id=1580"},"modified":"2021-05-13T15:34:12","modified_gmt":"2021-05-13T15:34:12","slug":"elemente-de-filtrare-compacta-si-ceramice","status":"publish","type":"page","link":"https:\/\/em-tek.hu\/ro\/produse-2\/tehnica-friltrarii-industriale-a-aerului-si-prafului\/elemente-de-filtrare-compacta-si-ceramice\/","title":{"rendered":"Filtre cu cartus compacte industriale , filtre ceramice"},"content":{"rendered":"<p>[vc_row][vc_column][vc_column_text]<\/p>\n<h1>Filtre cu cartus compacte industriale , filtre ceramice<\/h1>\n<p>[\/vc_column_text][vc_row_inner][vc_column_inner width=&#8221;1\/2&#8243;][vc_column_text]Gama noastr\u0103 de produse este extins\u0103 de elementele de filtrare compactetot mai des implementate. Elementele noastre filtrante cu suprafete marite, realizate pe principiul plierii, \u00eendeplinesc perfect cele mai stricte cerin\u021be. Datorit\u0103 furnizorilor no\u0219tri exclusivi, am reu\u0219it s\u0103 livram elemente de filtrare pentru aproape toate echipamentele aflate \u00een circula\u021bie. Diferite domenii de aplicare au parametri tehnici diferi\u021bi, deci cerin\u021bele pentru materialul elementului filtrant pot fi, de asemenea, diferite. Practic, elementele de filtrare compacte sunt fabricate dintr-o p\u00e2sl\u0103 special\u0103 din poliester, care poate fi ac\u021bionat\u0103 la o presiune diferen\u021bial\u0103 semnificativ mai mic\u0103 cu aceea\u0219i performan\u021b\u0103 de \u00eendep\u0103rtare a prafului comparativ cu p\u00e2sla obi\u0219nuit\u0103 de ac \u0219i materialele ne\u021besute. Angaja\u021bii no\u0219tri cu zeci de ani de experien\u021b\u0103 profesional\u0103 ajut\u0103 munca clien\u021bilor no\u0219tri prin selectarea elementelor de filtrare realizate din cel mai ideal material , \u021bin\u00e2nd cont de sarcina de filtrare dat\u0103. Datorit\u0103 gamei largi de materii prime ale furnizorilor no\u0219tri , putem g\u0103si materialul filtrant potrivit pentru toate sarcinile de filtrare, deci dac\u0103 domeniul de aplicare o impune, livr\u0103m filtrele noastre cu diverse tratamente de suprafa\u021b\u0103. Tratamentul de suprafa\u021b\u0103 hidrofug, oleofob \u0219i antistatic utilizat \u00een majoritatea cazurilor sunt perfect potrivite pentru separarea uleiului \u0219i a ce\u021bii de ulei.<br \/>\nCa parte a gamei noastre complete de servicii, speciali\u0219tii no\u0219tri contribuie la o func\u021bionare profesional\u0103 \u0219i economic\u0103 prin sondaje la fa\u021ba locului, sfaturi de specialitate \u0219i \u00eenlocuirea complet\u0103 a elementelor de filtrare la cerere.[\/vc_column_text][vc_column_text]Caracteristicile filtrelor ceramice:<\/p>\n<p style=\"padding-left: 40px;\">\u2713 Rezisten\u021b\u0103 maxim\u0103 la temperatur\u0103 de p\u00e2n\u0103 la 1000 \u00b0 C<\/p>\n<p>Rezisten\u021b\u0103 la temperatur\u0103 constant\u0103 p\u00e2n\u0103 la 850 \u00b0 C<\/p>\n<p style=\"padding-left: 40px;\">\u2713 Extrem de u\u0219oar\u0103<br \/>\n\u2713 Neinflamabil<br \/>\n\u2713 100% rezistent la sc\u00e2ntei<br \/>\n\u2713 permeabilitatea aerului ridicat\u0103<br \/>\n\u2713 Rezisten\u021b\u0103 chimic\u0103 remarcabil\u0103<br \/>\n\u2713 Operare u\u0219oar\u0103, instalare u\u0219oar\u0103<br \/>\n\u2713 Costuri reduse ale energiei, comportament p delta mai mic<br \/>\n\u2713 Versiune cu guler \u00een form\u0103 de T sau conic<br \/>\n\u2713 Biodegradabil<\/p>\n<p>[\/vc_column_text][\/vc_column_inner][vc_column_inner width=&#8221;1\/2&#8243;][vc_column_text]<\/p>\n<p style=\"text-align: center;\"><span style=\"font-size: 14pt;\"><strong>Bagiu Melinda<\/strong><\/span><br \/>\n<span style=\"font-size: 14pt;\">Telefon:\u00a0<a href=\"tel:0040730085520\">+407300\/85520<\/a><\/span><br \/>\n<span style=\"font-size: 14pt;\">Fax:\u00a0<a href=\"tel:0040356107787\">+403561\/07787<\/a><br \/>\n<b><a href=\"mailto:melinda.bagiu@ecofilt.eu\" target=\"_blank\" rel=\"noopener\">melinda.bagiu@ecofilt.eu<\/a><\/b><br \/>\n<a href=\"mailto:office@ecofilt.eu\">office@ecofilt.eu<\/a><\/span><\/p>\n<p>[\/vc_column_text][vc_column_text]<img loading=\"lazy\" decoding=\"async\" class=\"size-medium wp-image-248 aligncenter\" src=\"https:\/\/em-tek.hu\/wp-content\/uploads\/2020\/11\/Filtru-patron4.jpg\" alt=\"\" width=\"300\" height=\"200\" \/>[\/vc_column_text][vc_separator style=&#8221;shadow&#8221;][vc_column_text]<style> #grid-gallery-40-62925 .grid-gallery-caption[data-grid-gallery-type=\"show-on-hover\"]:hover figcaption, #grid-gallery-40-62925 .grid-gallery-caption[data-grid-gallery-type=\"show-on-hover\"].hovered figcaption, #grid-gallery-40-62925 .grid-gallery-caption[data-grid-gallery-type=\"show-on-hover\"]:active figcaption { background-color:rgba(111,0,0,0.5) !important; } <\/style> <div id=\"grid-gallery-40-62925\" data-gg-id=\"40\" data-title=\"2.1.4 RO\" data-grid-type=\"0\" data-offset=\"7\" data-area-position=\"center\" data-icons=\"false\" data-preloader=\"true\" data-width=\"100\" data-height=\"100\" data-padding=\"0\" data-quicksand=\"disabled\" data-quicksand-duration=\"none\" data-popup-theme=\"theme_6\" data-popup-type=\"pretty-photo\" data-popup-image-text=\"data-description\" data-popup-widthsize=\"auto\" data-popup-heightsize=\"auto\" data-popup-i18n-words=\"{&quot;close&quot;:&quot;close&quot;,&quot;next&quot;:&quot;next&quot;,&quot;previous&quot;:&quot;previous&quot;,&quot;start_slideshow&quot;:&quot;start slideshow&quot;,&quot;stop_slideshow&quot;:&quot;stop slideshow&quot;,&quot;image&quot;:&quot;image&quot;,&quot;of&quot;:&quot;of&quot;,&quot;prev&quot;:&quot;prev&quot;,&quot;cExpand&quot;:&quot;Expand&quot;,&quot;cPrevious&quot;:&quot;Previous&quot;,&quot;cNext&quot;:&quot;Next&quot;,&quot;cExpandStr&quot;:&quot;Expand the image&quot;,&quot;cRotate&quot;:&quot;Rotate&quot;,&quot;cDetails&quot;:&quot;Details&quot;}\" data-popup-slideshow=\"false\" data-popup-slideshow-speed=\"2500\" data-popup-hoverstop=\"true\" data-popup-slideshow-auto=\"false\" data-popup-background=\"\" data-popup-transparency=\"30\" data-popup-disable-history=\"\" data-popup-disable-changed-url=\"\" data-popup-border-type=\"solid\" data-popup-border-color=\"\" data-popup-border-width=\"\" data-popup-border-enable=\"\" data-fullscreen=\"false\" data-hide-tooltip=\"false\" data-caption-font-family=\"Default\" data-caption-text-size=\"140\" data-is-mobile=\"0\" data-caption-mobile=\"false\" data-hide-long-tltp-title=\"0\" data-caption-disabled-on-mobile=\"false\" data-lazyload-enable='1' data-lazyload-effect=\"show\" data-lazyload-effect-duration=\"400\" data-popup-placement-type=\"0\" data-social-sharing=\"{&quot;enabled&quot;:&quot;&quot;,&quot;gallerySharing&quot;:{&quot;enabled&quot;:null,&quot;position&quot;:null},&quot;imageSharing&quot;:{&quot;enabled&quot;:null,&quot;wrapperClass&quot;:&quot; vertical &quot;},&quot;popupSharing&quot;:{&quot;enabled&quot;:null,&quot;wrapperClass&quot;:&quot; vertical &quot;}}\" class=\"grid-gallery grid-gallery-fixed \" style=\" width:100%; height:auto; margin-left:auto; margin-right:auto;position:relative;\" data-popup-video=\"null\" data-popup-disable-source-image-for-linked-img=\"0\" data-popup-enable-download-photos-button=\"0\" data-thumbnail-size=\"150x150\"> <div class=\"gallery-loading\"> <div class=\"la-\" style=\"color:#0073AA\"> <div><\/div> <div><\/div> <\/div> <\/div> <div class=\"gallery-sharing-top\" style=\"display:none;\"> <\/div> <div id=\"photos-40\" class=\"grid-gallery-photos\"><a data-attachment-id=\"1096\" id=\"gg-40-204\" class=\"gg-link \" data-attachment-id=\"1096\" href=\"https:\/\/em-tek.hu\/wp-content\/uploads\/2020\/11\/Filtru-patron4.jpg?gid=40\" target=\"_self\" title=\"_Filtru patron4\" data-rel=\"prettyPhoto[pp_gal]\" style=\"border-radius:100%;\" ><FIGURE data-tags=\"\" data-id=\"204\" class=\"grid-gallery-caption\" data-grid-gallery-type=\"quarter-slide-up\" data-index=\"0\" style=\"display:none;border:5px solid #fefefe; border-radius:100%; box-shadow:0px 0px 10px #000000;; margin:7px; width:1000;\" ><div class=\"crop\" style=\" width:1000; height:1000; overflow:hidden;\"><img decoding=\"async\" data-gg-real-image-href=\"https:\/\/em-tek.hu\/wp-content\/uploads\/2020\/11\/Filtru-patron4-100x100.jpg\" src=\"https:\/\/em-tek.hu\/wp-content\/plugins\/gallery-by-supsystic\/src\/GridGallery\/Galleries\/assets\/img\/loading.gif\" class=\"ggImg ggLazyImg\" alt=\"_Filtru patron4\" title=\"_Filtru patron4\" data-description=\"_Filtru patron4\" data-caption=\"_Filtru patron4\" data-title=\"_Filtru patron4\" style=\" width:100px; height:100px;\" \/><\/div><FIGCAPTION class=\"\" data-alpha=\"5\" style=\"color:#ffffff; background-color:#6f0000; font-size:140; text-align:left; font-family:Default;\" ><div class=\"grid-gallery-figcaption-wrap\" style=\" vertical-align:top;\"><\/div><\/FIGCAPTION><\/FIGURE><\/a><a data-attachment-id=\"1099\" id=\"gg-40-205\" class=\"gg-link \" data-attachment-id=\"1099\" href=\"https:\/\/em-tek.hu\/wp-content\/uploads\/2020\/11\/Filtru-panel.jpg?gid=40\" target=\"_self\" title=\"Filtru panel\" data-rel=\"prettyPhoto[pp_gal]\" style=\"border-radius:100%;\" ><FIGURE data-tags=\"\" data-id=\"205\" class=\"grid-gallery-caption\" data-grid-gallery-type=\"quarter-slide-up\" data-index=\"1\" style=\"display:none;border:5px solid #fefefe; border-radius:100%; box-shadow:0px 0px 10px #000000;; margin:7px; width:1000;\" ><div class=\"crop\" style=\" width:1000; height:1000; overflow:hidden;\"><img decoding=\"async\" data-gg-real-image-href=\"https:\/\/em-tek.hu\/wp-content\/uploads\/2020\/11\/Filtru-panel-100x100.jpg\" src=\"https:\/\/em-tek.hu\/wp-content\/plugins\/gallery-by-supsystic\/src\/GridGallery\/Galleries\/assets\/img\/loading.gif\" class=\"ggImg ggLazyImg\" alt=\"Filtru panel\" title=\"Filtru panel\" data-description=\"Filtru panel\" data-caption=\"Filtru panel\" data-title=\"Filtru panel\" style=\" width:100px; height:100px;\" \/><\/div><FIGCAPTION class=\"\" data-alpha=\"5\" style=\"color:#ffffff; background-color:#6f0000; font-size:140; text-align:left; font-family:Default;\" ><div class=\"grid-gallery-figcaption-wrap\" style=\" vertical-align:top;\"><\/div><\/FIGCAPTION><\/FIGURE><\/a><a data-attachment-id=\"1093\" id=\"gg-40-206\" class=\"gg-link \" data-attachment-id=\"1093\" href=\"https:\/\/em-tek.hu\/wp-content\/uploads\/2020\/11\/Filtru-patron3.jpg?gid=40\" target=\"_self\" title=\"Filtru patron3\" data-rel=\"prettyPhoto[pp_gal]\" style=\"border-radius:100%;\" ><FIGURE data-tags=\"\" data-id=\"206\" class=\"grid-gallery-caption\" data-grid-gallery-type=\"quarter-slide-up\" data-index=\"2\" style=\"display:none;border:5px solid #fefefe; border-radius:100%; box-shadow:0px 0px 10px #000000;; margin:7px; width:1000;\" ><div class=\"crop\" style=\" width:1000; height:1000; overflow:hidden;\"><img decoding=\"async\" data-gg-real-image-href=\"https:\/\/em-tek.hu\/wp-content\/uploads\/2020\/11\/Filtru-patron3-100x100.jpg\" src=\"https:\/\/em-tek.hu\/wp-content\/plugins\/gallery-by-supsystic\/src\/GridGallery\/Galleries\/assets\/img\/loading.gif\" class=\"ggImg ggLazyImg\" alt=\"Filtru patron3\" title=\"Filtru patron3\" data-description=\"Filtru patron3\" data-caption=\"Filtru patron3\" data-title=\"Filtru patron3\" style=\" width:100px; height:100px;\" \/><\/div><FIGCAPTION class=\"\" data-alpha=\"5\" style=\"color:#ffffff; background-color:#6f0000; font-size:140; text-align:left; font-family:Default;\" ><div class=\"grid-gallery-figcaption-wrap\" style=\" vertical-align:top;\"><\/div><\/FIGCAPTION><\/FIGURE><\/a><a data-attachment-id=\"1090\" id=\"gg-40-207\" class=\"gg-link \" data-attachment-id=\"1090\" href=\"https:\/\/em-tek.hu\/wp-content\/uploads\/2020\/11\/Filtru-patron2.jpg?gid=40\" target=\"_self\" title=\"Filtru patron2\" data-rel=\"prettyPhoto[pp_gal]\" style=\"border-radius:100%;\" ><FIGURE data-tags=\"\" data-id=\"207\" class=\"grid-gallery-caption\" data-grid-gallery-type=\"quarter-slide-up\" data-index=\"3\" style=\"display:none;border:5px solid #fefefe; border-radius:100%; box-shadow:0px 0px 10px #000000;; margin:7px; width:1000;\" ><div class=\"crop\" style=\" width:1000; height:1000; overflow:hidden;\"><img decoding=\"async\" data-gg-real-image-href=\"https:\/\/em-tek.hu\/wp-content\/uploads\/2020\/11\/Filtru-patron2-100x100.jpg\" src=\"https:\/\/em-tek.hu\/wp-content\/plugins\/gallery-by-supsystic\/src\/GridGallery\/Galleries\/assets\/img\/loading.gif\" class=\"ggImg ggLazyImg\" alt=\"Filtru patron2\" title=\"Filtru patron2\" data-description=\"Filtru patron2\" data-caption=\"Filtru patron2\" data-title=\"Filtru patron2\" style=\" width:100px; height:100px;\" \/><\/div><FIGCAPTION class=\"\" data-alpha=\"5\" style=\"color:#ffffff; background-color:#6f0000; font-size:140; text-align:left; font-family:Default;\" ><div class=\"grid-gallery-figcaption-wrap\" style=\" vertical-align:top;\"><\/div><\/FIGCAPTION><\/FIGURE><\/a><a data-attachment-id=\"1087\" id=\"gg-40-208\" class=\"gg-link \" data-attachment-id=\"1087\" href=\"https:\/\/em-tek.hu\/wp-content\/uploads\/2020\/11\/Filtru-patron1.jpg?gid=40\" target=\"_self\" title=\"Filtru patron1\" data-rel=\"prettyPhoto[pp_gal]\" style=\"border-radius:100%;\" ><FIGURE data-tags=\"\" data-id=\"208\" class=\"grid-gallery-caption\" data-grid-gallery-type=\"quarter-slide-up\" data-index=\"4\" style=\"display:none;border:5px solid #fefefe; border-radius:100%; box-shadow:0px 0px 10px #000000;; margin:7px; width:1000;\" ><div class=\"crop\" style=\" width:1000; height:1000; overflow:hidden;\"><img decoding=\"async\" data-gg-real-image-href=\"https:\/\/em-tek.hu\/wp-content\/uploads\/2020\/11\/Filtru-patron1-100x100.jpg\" src=\"https:\/\/em-tek.hu\/wp-content\/plugins\/gallery-by-supsystic\/src\/GridGallery\/Galleries\/assets\/img\/loading.gif\" class=\"ggImg ggLazyImg\" alt=\"Filtru patron1\" title=\"Filtru patron1\" data-description=\"Filtru patron1\" data-caption=\"Filtru patron1\" data-title=\"Filtru patron1\" style=\" width:100px; height:100px;\" \/><\/div><FIGCAPTION class=\"\" data-alpha=\"5\" style=\"color:#ffffff; background-color:#6f0000; font-size:140; text-align:left; font-family:Default;\" ><div class=\"grid-gallery-figcaption-wrap\" style=\" vertical-align:top;\"><\/div><\/FIGCAPTION><\/FIGURE><\/a><a data-attachment-id=\"1175\" id=\"gg-40-274\" class=\"gg-link \" data-attachment-id=\"1175\" href=\"https:\/\/em-tek.hu\/wp-content\/uploads\/2020\/11\/Filtru-panel-1.jpg?gid=40\" target=\"_self\" title=\"Filtru panel\" data-rel=\"prettyPhoto[pp_gal]\" style=\"border-radius:100%;\" ><FIGURE data-tags=\"\" data-id=\"274\" class=\"grid-gallery-caption\" data-grid-gallery-type=\"quarter-slide-up\" data-index=\"5\" style=\"display:none;border:5px solid #fefefe; border-radius:100%; box-shadow:0px 0px 10px #000000;; margin:7px; width:1000;\" ><div class=\"crop\" style=\" width:1000; height:1000; overflow:hidden;\"><img decoding=\"async\" data-gg-real-image-href=\"https:\/\/em-tek.hu\/wp-content\/uploads\/2020\/11\/Filtru-panel-1-100x100.jpg\" src=\"https:\/\/em-tek.hu\/wp-content\/plugins\/gallery-by-supsystic\/src\/GridGallery\/Galleries\/assets\/img\/loading.gif\" class=\"ggImg ggLazyImg\" alt=\"Filtru panel\" title=\"Filtru panel\" data-description=\"Filtru panel\" data-caption=\"Filtru panel\" data-title=\"Filtru panel\" style=\" width:100px; height:100px;\" \/><\/div><FIGCAPTION class=\"\" data-alpha=\"5\" style=\"color:#ffffff; background-color:#6f0000; font-size:140; text-align:left; font-family:Default;\" ><div class=\"grid-gallery-figcaption-wrap\" style=\" vertical-align:top;\"><\/div><\/FIGCAPTION><\/FIGURE><\/a><a data-attachment-id=\"1178\" id=\"gg-40-275\" class=\"gg-link \" data-attachment-id=\"1178\" href=\"https:\/\/em-tek.hu\/wp-content\/uploads\/2020\/11\/Filtru-panel3.jpg?gid=40\" target=\"_self\" title=\"Filtru panel3\" data-rel=\"prettyPhoto[pp_gal]\" style=\"border-radius:100%;\" ><FIGURE data-tags=\"\" data-id=\"275\" class=\"grid-gallery-caption\" data-grid-gallery-type=\"quarter-slide-up\" data-index=\"6\" style=\"display:none;border:5px solid #fefefe; border-radius:100%; box-shadow:0px 0px 10px #000000;; margin:7px; width:1000;\" ><div class=\"crop\" style=\" width:1000; height:1000; overflow:hidden;\"><img decoding=\"async\" data-gg-real-image-href=\"https:\/\/em-tek.hu\/wp-content\/uploads\/2020\/11\/Filtru-panel3-100x100.jpg\" src=\"https:\/\/em-tek.hu\/wp-content\/plugins\/gallery-by-supsystic\/src\/GridGallery\/Galleries\/assets\/img\/loading.gif\" class=\"ggImg ggLazyImg\" alt=\"Filtru panel3\" title=\"Filtru panel3\" data-description=\"Filtru panel3\" data-caption=\"Filtru panel3\" data-title=\"Filtru panel3\" style=\" width:100px; height:100px;\" \/><\/div><FIGCAPTION class=\"\" data-alpha=\"5\" style=\"color:#ffffff; background-color:#6f0000; font-size:140; text-align:left; font-family:Default;\" ><div class=\"grid-gallery-figcaption-wrap\" style=\" vertical-align:top;\"><\/div><\/FIGCAPTION><\/FIGURE><\/a><a data-attachment-id=\"1144\" id=\"gg-40-276\" class=\"gg-link \" data-attachment-id=\"1144\" href=\"https:\/\/em-tek.hu\/wp-content\/uploads\/2020\/11\/Filtru-panel2.jpg?gid=40\" target=\"_self\" title=\"_Filtru panel2\" data-rel=\"prettyPhoto[pp_gal]\" style=\"border-radius:100%;\" ><FIGURE data-tags=\"\" data-id=\"276\" class=\"grid-gallery-caption\" data-grid-gallery-type=\"quarter-slide-up\" data-index=\"7\" style=\"display:none;border:5px solid #fefefe; border-radius:100%; box-shadow:0px 0px 10px #000000;; margin:7px; width:1000;\" ><div class=\"crop\" style=\" width:1000; height:1000; overflow:hidden;\"><img decoding=\"async\" data-gg-real-image-href=\"https:\/\/em-tek.hu\/wp-content\/uploads\/2020\/11\/Filtru-panel2-100x100.jpg\" src=\"https:\/\/em-tek.hu\/wp-content\/plugins\/gallery-by-supsystic\/src\/GridGallery\/Galleries\/assets\/img\/loading.gif\" class=\"ggImg ggLazyImg\" alt=\"_Filtru panel2\" title=\"_Filtru panel2\" data-description=\"_Filtru panel2\" data-caption=\"_Filtru panel2\" data-title=\"_Filtru panel2\" style=\" width:100px; height:100px;\" \/><\/div><FIGCAPTION class=\"\" data-alpha=\"5\" style=\"color:#ffffff; background-color:#6f0000; font-size:140; text-align:left; font-family:Default;\" ><div class=\"grid-gallery-figcaption-wrap\" style=\" vertical-align:top;\"><\/div><\/FIGCAPTION><\/FIGURE><\/a> <div class=\"grid-gallery-clearfix\"><\/div> <\/div> <div class=\"gallery-sharing-bottom\" style=\"display:none;\"> <\/div> <div class=\"gallery-sharing-image\" style=\"display:none;\"> <\/div> <div class=\"gallery-sharing-popup\" style=\"display:none;\"> <\/div> <div class=\"grid-gallery-clearfix\"><\/div> <\/div> <!-- Gallery by Supsystic plugin1.15.31 \/2.9.16 --> <style> <\/style><a title=\"\" style=\"display:none;\" href=\"https:\/\/supsystic.com\/plugins\/photo-gallery\/?utm_medium=love_link\" target=\"_blank\"><\/a>[\/vc_column_text][\/vc_column_inner][\/vc_row_inner][\/vc_column][\/vc_row]<\/p>\n","protected":false},"excerpt":{"rendered":"<p>[vc_row][vc_column][vc_column_text] Filtre cu cartus compacte industriale , filtre ceramice [\/vc_column_text][vc_row_inner][vc_column_inner width=&#8221;1\/2&#8243;][vc_column_text]Gama noastr\u0103 de produse este extins\u0103 de elementele de filtrare compactetot mai des implementate. Elementele noastre filtrante cu suprafete marite, realizate pe principiul plierii, \u00eendeplinesc perfect cele mai stricte cerin\u021be. Datorit\u0103 furnizorilor no\u0219tri exclusivi, am reu\u0219it s\u0103 livram elemente de filtrare pentru aproape toate echipamentele [&hellip;]<\/p>\n","protected":false},"author":1,"featured_media":0,"parent":1464,"menu_order":0,"comment_status":"closed","ping_status":"closed","template":"","meta":{"_acf_changed":false,"footnotes":""},"class_list":["post-1580","page","type-page","status-publish","hentry"],"acf":[],"_links":{"self":[{"href":"https:\/\/em-tek.hu\/ro\/wp-json\/wp\/v2\/pages\/1580","targetHints":{"allow":["GET"]}}],"collection":[{"href":"https:\/\/em-tek.hu\/ro\/wp-json\/wp\/v2\/pages"}],"about":[{"href":"https:\/\/em-tek.hu\/ro\/wp-json\/wp\/v2\/types\/page"}],"author":[{"embeddable":true,"href":"https:\/\/em-tek.hu\/ro\/wp-json\/wp\/v2\/users\/1"}],"replies":[{"embeddable":true,"href":"https:\/\/em-tek.hu\/ro\/wp-json\/wp\/v2\/comments?post=1580"}],"version-history":[{"count":7,"href":"https:\/\/em-tek.hu\/ro\/wp-json\/wp\/v2\/pages\/1580\/revisions"}],"predecessor-version":[{"id":2126,"href":"https:\/\/em-tek.hu\/ro\/wp-json\/wp\/v2\/pages\/1580\/revisions\/2126"}],"up":[{"embeddable":true,"href":"https:\/\/em-tek.hu\/ro\/wp-json\/wp\/v2\/pages\/1464"}],"wp:attachment":[{"href":"https:\/\/em-tek.hu\/ro\/wp-json\/wp\/v2\/media?parent=1580"}],"curies":[{"name":"wp","href":"https:\/\/api.w.org\/{rel}","templated":true}]}}