{"id":1592,"date":"2020-11-21T20:03:09","date_gmt":"2020-11-21T20:03:09","guid":{"rendered":"https:\/\/em-tek.hu\/?page_id=1592"},"modified":"2021-05-13T15:48:21","modified_gmt":"2021-05-13T15:48:21","slug":"compensatoare","status":"publish","type":"page","link":"https:\/\/em-tek.hu\/ro\/produse-2\/compensatoare\/","title":{"rendered":"Compensatoare"},"content":{"rendered":"<p>[vc_row][vc_column][vc_row_inner][vc_column_inner width=&#8221;1\/2&#8243;][vc_column_text]<\/p>\n<h1>Compensatoare industriale<\/h1>\n<p>[\/vc_column_text][vc_column_text]Rosturile de dilatare sunt utilizate pentru a compensa mi\u0219c\u0103rile dintre punctul de conectare \u0219i conductele de gaz. Mi\u0219c\u0103rile pot fi cauzate de expansiunea termic\u0103 a conductelor sau vibra\u021bia echipamentului. Pentru a rezolva aceste probleme, compania noastr\u0103 ofer\u0103 compensatoare de \u021bes\u0103turi \u0219i metale \u00een toate dimensiunile \u0219i formele. Compensatoarele noastre de \u021bes\u0103turi rezistente la c\u0103ldur\u0103 \u00een aproape toate industriile pot fi utilizate \u2013pana la temperatura maxima de 1000 C -. Un aspect important \u00een selectarea compensatoarelor este spa\u021biul disponibil, metoda de montare \u0219i instalare, temperatura gazului \u0219i parametrii mediului de transportat. Speciali\u0219tii no\u0219tri ajut\u0103 activitatea clien\u021bilor no\u0219tri actuali \u0219i viitori cu un sondaj \u0219i consultare la fa\u021ba locului.<br \/>\nPentru a ne deservi pe deplin clien\u021bii, echipa noastr\u0103 de service se angajeaz\u0103, de asemenea, s\u0103 implementeze echipamentul complet \u0219i s\u0103 o pun\u0103 \u00een func\u021biune.<br \/>\nPrincipalele aplica\u021bii industriale:<br \/>\ncentrale electrice, centrale termice, centrale de desulfurare a gazelor arse, turbine cu gaz, centrale nucleare, incineratoare de de\u0219euri, centrale de ciment etc.[\/vc_column_text][\/vc_column_inner][vc_column_inner width=&#8221;1\/2&#8243;][vc_column_text]<\/p>\n<p style=\"text-align: center;\"><span style=\"font-size: 14pt;\"><strong>Bagiu Melinda<\/strong><\/span><br \/>\n<span style=\"font-size: 14pt;\">Telefon:\u00a0<a href=\"tel:0040730085520\">+407300\/85520<\/a><\/span><br \/>\n<span style=\"font-size: 14pt;\">Fax:\u00a0<a href=\"tel:0040356107787\">+403561\/07787<\/a><br \/>\n<b><a href=\"mailto:melinda.bagiu@ecofilt.eu\" target=\"_blank\" rel=\"noopener\">melinda.bagiu@ecofilt.eu<\/a><\/b><br \/>\n<a href=\"mailto:office@ecofilt.eu\">office@ecofilt.eu<\/a><\/span><\/p>\n<p>[\/vc_column_text][vc_column_text]<img loading=\"lazy\" decoding=\"async\" class=\"size-medium wp-image-248 aligncenter\" src=\"https:\/\/em-tek.hu\/wp-content\/uploads\/2020\/11\/Compensatoare-de-metal1.jpg\" alt=\"\" width=\"300\" height=\"200\" \/>[\/vc_column_text][\/vc_column_inner][\/vc_row_inner][vc_separator style=&#8221;shadow&#8221;][vc_column_text]<style> #grid-gallery-42-61982 .grid-gallery-caption[data-grid-gallery-type=\"show-on-hover\"]:hover figcaption, #grid-gallery-42-61982 .grid-gallery-caption[data-grid-gallery-type=\"show-on-hover\"].hovered figcaption, #grid-gallery-42-61982 .grid-gallery-caption[data-grid-gallery-type=\"show-on-hover\"]:active figcaption { background-color:rgba(111,0,0,0.5) !important; } <\/style> <div id=\"grid-gallery-42-61982\" data-gg-id=\"42\" data-title=\"2.1.6 RO\" data-grid-type=\"0\" data-offset=\"7\" data-area-position=\"center\" data-icons=\"false\" data-preloader=\"true\" data-width=\"100\" data-height=\"100\" data-padding=\"0\" data-quicksand=\"disabled\" data-quicksand-duration=\"none\" data-popup-theme=\"theme_6\" data-popup-type=\"pretty-photo\" data-popup-image-text=\"data-description\" data-popup-widthsize=\"auto\" data-popup-heightsize=\"auto\" data-popup-i18n-words=\"{&quot;close&quot;:&quot;close&quot;,&quot;next&quot;:&quot;next&quot;,&quot;previous&quot;:&quot;previous&quot;,&quot;start_slideshow&quot;:&quot;start slideshow&quot;,&quot;stop_slideshow&quot;:&quot;stop slideshow&quot;,&quot;image&quot;:&quot;image&quot;,&quot;of&quot;:&quot;of&quot;,&quot;prev&quot;:&quot;prev&quot;,&quot;cExpand&quot;:&quot;Expand&quot;,&quot;cPrevious&quot;:&quot;Previous&quot;,&quot;cNext&quot;:&quot;Next&quot;,&quot;cExpandStr&quot;:&quot;Expand the image&quot;,&quot;cRotate&quot;:&quot;Rotate&quot;,&quot;cDetails&quot;:&quot;Details&quot;}\" data-popup-slideshow=\"false\" data-popup-slideshow-speed=\"2500\" data-popup-hoverstop=\"true\" data-popup-slideshow-auto=\"false\" data-popup-background=\"\" data-popup-transparency=\"30\" data-popup-disable-history=\"\" data-popup-disable-changed-url=\"\" data-popup-border-type=\"solid\" data-popup-border-color=\"\" data-popup-border-width=\"\" data-popup-border-enable=\"\" data-fullscreen=\"false\" data-hide-tooltip=\"false\" data-caption-font-family=\"Default\" data-caption-text-size=\"140\" data-is-mobile=\"0\" data-caption-mobile=\"false\" data-hide-long-tltp-title=\"0\" data-caption-disabled-on-mobile=\"false\" data-lazyload-enable='1' data-lazyload-effect=\"show\" data-lazyload-effect-duration=\"400\" data-popup-placement-type=\"0\" data-social-sharing=\"{&quot;enabled&quot;:&quot;&quot;,&quot;gallerySharing&quot;:{&quot;enabled&quot;:null,&quot;position&quot;:null},&quot;imageSharing&quot;:{&quot;enabled&quot;:null,&quot;wrapperClass&quot;:&quot; vertical &quot;},&quot;popupSharing&quot;:{&quot;enabled&quot;:null,&quot;wrapperClass&quot;:&quot; vertical &quot;}}\" class=\"grid-gallery grid-gallery-fixed \" style=\" width:100%; height:auto; margin-left:auto; margin-right:auto;position:relative;\" data-popup-video=\"null\" data-popup-disable-source-image-for-linked-img=\"0\" data-popup-enable-download-photos-button=\"0\" data-thumbnail-size=\"150x150\"> <div class=\"gallery-loading\"> <div class=\"la-\" style=\"color:#0073AA\"> <div><\/div> <div><\/div> <\/div> <\/div> <div class=\"gallery-sharing-top\" style=\"display:none;\"> <\/div> <div id=\"photos-42\" class=\"grid-gallery-photos\"><a data-attachment-id=\"1127\" id=\"gg-42-216\" class=\"gg-link \" data-attachment-id=\"1127\" href=\"https:\/\/em-tek.hu\/wp-content\/uploads\/2020\/11\/Compensatoare-de-metal1.jpg?gid=42\" target=\"_self\" title=\"_Compensatoare de metal1\" data-rel=\"prettyPhoto[pp_gal]\" style=\"border-radius:100%;\" ><FIGURE data-tags=\"\" data-id=\"216\" class=\"grid-gallery-caption\" data-grid-gallery-type=\"quarter-slide-up\" data-index=\"0\" style=\"display:none;border:5px solid #fefefe; border-radius:100%; box-shadow:0px 0px 10px #000000;; margin:7px; width:1000;\" ><div class=\"crop\" style=\" width:1000; height:1000; overflow:hidden;\"><img decoding=\"async\" data-gg-real-image-href=\"https:\/\/em-tek.hu\/wp-content\/uploads\/2020\/11\/Compensatoare-de-metal1-100x100.jpg\" src=\"https:\/\/em-tek.hu\/wp-content\/plugins\/gallery-by-supsystic\/src\/GridGallery\/Galleries\/assets\/img\/loading.gif\" class=\"ggImg ggLazyImg\" alt=\"_Compensatoare de metal1\" title=\"_Compensatoare de metal1\" data-description=\"_Compensatoare de metal1\" data-caption=\"_Compensatoare de metal1\" data-title=\"_Compensatoare de metal1\" style=\" width:100px; height:100px;\" \/><\/div><FIGCAPTION class=\"\" data-alpha=\"5\" style=\"color:#ffffff; background-color:#6f0000; font-size:140; text-align:left; font-family:Default;\" ><div class=\"grid-gallery-figcaption-wrap\" style=\" vertical-align:top;\"><\/div><\/FIGCAPTION><\/FIGURE><\/a><a data-attachment-id=\"1136\" id=\"gg-42-217\" class=\"gg-link \" data-attachment-id=\"1136\" href=\"https:\/\/em-tek.hu\/wp-content\/uploads\/2020\/11\/Compensatoare-din-materiale-moi2.jpg?gid=42\" target=\"_self\" title=\"Compensatoare din materiale moi2\" data-rel=\"prettyPhoto[pp_gal]\" style=\"border-radius:100%;\" ><FIGURE data-tags=\"\" data-id=\"217\" class=\"grid-gallery-caption\" data-grid-gallery-type=\"quarter-slide-up\" data-index=\"1\" style=\"display:none;border:5px solid #fefefe; border-radius:100%; box-shadow:0px 0px 10px #000000;; margin:7px; width:1000;\" ><div class=\"crop\" style=\" width:1000; height:1000; overflow:hidden;\"><img decoding=\"async\" data-gg-real-image-href=\"https:\/\/em-tek.hu\/wp-content\/uploads\/2020\/11\/Compensatoare-din-materiale-moi2-100x100.jpg\" src=\"https:\/\/em-tek.hu\/wp-content\/plugins\/gallery-by-supsystic\/src\/GridGallery\/Galleries\/assets\/img\/loading.gif\" class=\"ggImg ggLazyImg\" alt=\"Compensatoare din materiale moi2\" title=\"Compensatoare din materiale moi2\" data-description=\"Compensatoare din materiale moi2\" data-caption=\"Compensatoare din materiale moi2\" data-title=\"Compensatoare din materiale moi2\" style=\" width:100px; height:100px;\" \/><\/div><FIGCAPTION class=\"\" data-alpha=\"5\" style=\"color:#ffffff; background-color:#6f0000; font-size:140; text-align:left; font-family:Default;\" ><div class=\"grid-gallery-figcaption-wrap\" style=\" vertical-align:top;\"><\/div><\/FIGCAPTION><\/FIGURE><\/a><a data-attachment-id=\"1133\" id=\"gg-42-218\" class=\"gg-link \" data-attachment-id=\"1133\" href=\"https:\/\/em-tek.hu\/wp-content\/uploads\/2020\/11\/Compensatoare-din-materiale-moi1.jpg?gid=42\" target=\"_self\" title=\"Compensatoare din materiale moi1\" data-rel=\"prettyPhoto[pp_gal]\" style=\"border-radius:100%;\" ><FIGURE data-tags=\"\" data-id=\"218\" class=\"grid-gallery-caption\" data-grid-gallery-type=\"quarter-slide-up\" data-index=\"2\" style=\"display:none;border:5px solid #fefefe; border-radius:100%; box-shadow:0px 0px 10px #000000;; margin:7px; width:1000;\" ><div class=\"crop\" style=\" width:1000; height:1000; overflow:hidden;\"><img decoding=\"async\" data-gg-real-image-href=\"https:\/\/em-tek.hu\/wp-content\/uploads\/2020\/11\/Compensatoare-din-materiale-moi1-100x100.jpg\" src=\"https:\/\/em-tek.hu\/wp-content\/plugins\/gallery-by-supsystic\/src\/GridGallery\/Galleries\/assets\/img\/loading.gif\" class=\"ggImg ggLazyImg\" alt=\"Compensatoare din materiale moi1\" title=\"Compensatoare din materiale moi1\" data-description=\"Compensatoare din materiale moi1\" data-caption=\"Compensatoare din materiale moi1\" data-title=\"Compensatoare din materiale moi1\" style=\" width:100px; height:100px;\" \/><\/div><FIGCAPTION class=\"\" data-alpha=\"5\" style=\"color:#ffffff; background-color:#6f0000; font-size:140; text-align:left; font-family:Default;\" ><div class=\"grid-gallery-figcaption-wrap\" style=\" vertical-align:top;\"><\/div><\/FIGCAPTION><\/FIGURE><\/a><a data-attachment-id=\"1130\" id=\"gg-42-219\" class=\"gg-link \" data-attachment-id=\"1130\" href=\"https:\/\/em-tek.hu\/wp-content\/uploads\/2020\/11\/Compensatoare-de-metal2.jpg?gid=42\" target=\"_self\" title=\"Compensatoare de metal2\" data-rel=\"prettyPhoto[pp_gal]\" style=\"border-radius:100%;\" ><FIGURE data-tags=\"\" data-id=\"219\" class=\"grid-gallery-caption\" data-grid-gallery-type=\"quarter-slide-up\" data-index=\"3\" style=\"display:none;border:5px solid #fefefe; border-radius:100%; box-shadow:0px 0px 10px #000000;; margin:7px; width:1000;\" ><div class=\"crop\" style=\" width:1000; height:1000; overflow:hidden;\"><img decoding=\"async\" data-gg-real-image-href=\"https:\/\/em-tek.hu\/wp-content\/uploads\/2020\/11\/Compensatoare-de-metal2-100x100.jpg\" src=\"https:\/\/em-tek.hu\/wp-content\/plugins\/gallery-by-supsystic\/src\/GridGallery\/Galleries\/assets\/img\/loading.gif\" class=\"ggImg ggLazyImg\" alt=\"Compensatoare de metal2\" title=\"Compensatoare de metal2\" data-description=\"Compensatoare de metal2\" data-caption=\"Compensatoare de metal2\" data-title=\"Compensatoare de metal2\" style=\" width:100px; height:100px;\" \/><\/div><FIGCAPTION class=\"\" data-alpha=\"5\" style=\"color:#ffffff; background-color:#6f0000; font-size:140; text-align:left; font-family:Default;\" ><div class=\"grid-gallery-figcaption-wrap\" style=\" vertical-align:top;\"><\/div><\/FIGCAPTION><\/FIGURE><\/a><a data-attachment-id=\"1124\" id=\"gg-42-220\" class=\"gg-link \" data-attachment-id=\"1124\" href=\"https:\/\/em-tek.hu\/wp-content\/uploads\/2020\/11\/Compensatoare-din-materiale-moi3.jpg?gid=42\" target=\"_self\" title=\"Compensatoare din materiale moi3\" data-rel=\"prettyPhoto[pp_gal]\" style=\"border-radius:100%;\" ><FIGURE data-tags=\"\" data-id=\"220\" class=\"grid-gallery-caption\" data-grid-gallery-type=\"quarter-slide-up\" data-index=\"4\" style=\"display:none;border:5px solid #fefefe; border-radius:100%; box-shadow:0px 0px 10px #000000;; margin:7px; width:1000;\" ><div class=\"crop\" style=\" width:1000; height:1000; overflow:hidden;\"><img decoding=\"async\" data-gg-real-image-href=\"https:\/\/em-tek.hu\/wp-content\/uploads\/2020\/11\/Compensatoare-din-materiale-moi3-100x100.jpg\" src=\"https:\/\/em-tek.hu\/wp-content\/plugins\/gallery-by-supsystic\/src\/GridGallery\/Galleries\/assets\/img\/loading.gif\" class=\"ggImg ggLazyImg\" alt=\"Compensatoare din materiale moi3\" title=\"Compensatoare din materiale moi3\" data-description=\"Compensatoare din materiale moi3\" data-caption=\"Compensatoare din materiale moi3\" data-title=\"Compensatoare din materiale moi3\" style=\" width:100px; height:100px;\" \/><\/div><FIGCAPTION class=\"\" data-alpha=\"5\" style=\"color:#ffffff; background-color:#6f0000; font-size:140; text-align:left; font-family:Default;\" ><div class=\"grid-gallery-figcaption-wrap\" style=\" vertical-align:top;\"><\/div><\/FIGCAPTION><\/FIGURE><\/a><a data-attachment-id=\"1756\" id=\"gg-42-293\" class=\"gg-link \" data-attachment-id=\"1756\" href=\"https:\/\/em-tek.hu\/wp-content\/uploads\/2020\/11\/Compensatoare-din-materiale-moi.jpg?gid=42\" target=\"_self\" title=\"Compensatoare din materiale moi\" data-rel=\"prettyPhoto[pp_gal]\" style=\"border-radius:100%;\" ><FIGURE data-tags=\"\" data-id=\"293\" class=\"grid-gallery-caption\" data-grid-gallery-type=\"quarter-slide-up\" data-index=\"5\" style=\"display:none;border:5px solid #fefefe; border-radius:100%; box-shadow:0px 0px 10px #000000;; margin:7px; width:1000;\" ><div class=\"crop\" style=\" width:1000; height:1000; overflow:hidden;\"><img decoding=\"async\" data-gg-real-image-href=\"https:\/\/em-tek.hu\/wp-content\/uploads\/2020\/11\/Compensatoare-din-materiale-moi-100x100.jpg\" src=\"https:\/\/em-tek.hu\/wp-content\/plugins\/gallery-by-supsystic\/src\/GridGallery\/Galleries\/assets\/img\/loading.gif\" class=\"ggImg ggLazyImg\" alt=\"Compensatoare din materiale moi\" title=\"Compensatoare din materiale moi\" data-description=\"Compensatoare din materiale moi\" data-caption=\"Compensatoare din materiale moi\" data-title=\"Compensatoare din materiale moi\" style=\" width:100px; height:100px;\" \/><\/div><FIGCAPTION class=\"\" data-alpha=\"5\" style=\"color:#ffffff; background-color:#6f0000; font-size:140; text-align:left; font-family:Default;\" ><div class=\"grid-gallery-figcaption-wrap\" style=\" vertical-align:top;\"><\/div><\/FIGCAPTION><\/FIGURE><\/a><a data-attachment-id=\"1759\" id=\"gg-42-294\" class=\"gg-link \" data-attachment-id=\"1759\" href=\"https:\/\/em-tek.hu\/wp-content\/uploads\/2020\/11\/Compensatoare-din-materiale-moi2-1.jpg?gid=42\" target=\"_self\" title=\"Compensatoare din materiale moi2\" data-rel=\"prettyPhoto[pp_gal]\" style=\"border-radius:100%;\" ><FIGURE data-tags=\"\" data-id=\"294\" class=\"grid-gallery-caption\" data-grid-gallery-type=\"quarter-slide-up\" data-index=\"6\" style=\"display:none;border:5px solid #fefefe; border-radius:100%; box-shadow:0px 0px 10px #000000;; margin:7px; width:1000;\" ><div class=\"crop\" style=\" width:1000; height:1000; overflow:hidden;\"><img decoding=\"async\" data-gg-real-image-href=\"https:\/\/em-tek.hu\/wp-content\/uploads\/2020\/11\/Compensatoare-din-materiale-moi2-1-100x100.jpg\" src=\"https:\/\/em-tek.hu\/wp-content\/plugins\/gallery-by-supsystic\/src\/GridGallery\/Galleries\/assets\/img\/loading.gif\" class=\"ggImg ggLazyImg\" alt=\"Compensatoare din materiale moi2\" title=\"Compensatoare din materiale moi2\" data-description=\"Compensatoare din materiale moi2\" data-caption=\"Compensatoare din materiale moi2\" data-title=\"Compensatoare din materiale moi2\" style=\" width:100px; height:100px;\" \/><\/div><FIGCAPTION class=\"\" data-alpha=\"5\" style=\"color:#ffffff; background-color:#6f0000; font-size:140; text-align:left; font-family:Default;\" ><div class=\"grid-gallery-figcaption-wrap\" style=\" vertical-align:top;\"><\/div><\/FIGCAPTION><\/FIGURE><\/a><a data-attachment-id=\"1957\" id=\"gg-42-322\" class=\"gg-link \" data-attachment-id=\"1957\" href=\"https:\/\/em-tek.hu\/wp-content\/uploads\/2021\/01\/compensatoare2_0130.jpg?gid=42\" target=\"_self\" title=\"compensatoare2_0130\" data-rel=\"prettyPhoto[pp_gal]\" style=\"border-radius:100%;\" ><FIGURE data-tags=\"\" data-id=\"322\" class=\"grid-gallery-caption\" data-grid-gallery-type=\"quarter-slide-up\" data-index=\"7\" style=\"display:none;border:5px solid #fefefe; border-radius:100%; box-shadow:0px 0px 10px #000000;; margin:7px; width:1000;\" ><div class=\"crop\" style=\" width:1000; height:1000; overflow:hidden;\"><img decoding=\"async\" data-gg-real-image-href=\"https:\/\/em-tek.hu\/wp-content\/uploads\/2021\/01\/compensatoare2_0130-100x100.jpg\" src=\"https:\/\/em-tek.hu\/wp-content\/plugins\/gallery-by-supsystic\/src\/GridGallery\/Galleries\/assets\/img\/loading.gif\" class=\"ggImg ggLazyImg\" alt=\"compensatoare2_0130\" title=\"compensatoare2_0130\" data-description=\"compensatoare2_0130\" data-caption=\"compensatoare2_0130\" data-title=\"compensatoare2_0130\" style=\" width:100px; height:100px;\" \/><\/div><FIGCAPTION class=\"\" data-alpha=\"5\" style=\"color:#ffffff; background-color:#6f0000; font-size:140; text-align:left; font-family:Default;\" ><div class=\"grid-gallery-figcaption-wrap\" style=\" vertical-align:top;\"><\/div><\/FIGCAPTION><\/FIGURE><\/a><a data-attachment-id=\"1960\" id=\"gg-42-323\" class=\"gg-link \" data-attachment-id=\"1960\" href=\"https:\/\/em-tek.hu\/wp-content\/uploads\/2021\/01\/compensatoare3_0130.jpg?gid=42\" target=\"_self\" title=\"compensatoare3_0130\" data-rel=\"prettyPhoto[pp_gal]\" style=\"border-radius:100%;\" ><FIGURE data-tags=\"\" data-id=\"323\" class=\"grid-gallery-caption\" data-grid-gallery-type=\"quarter-slide-up\" data-index=\"8\" style=\"display:none;border:5px solid #fefefe; border-radius:100%; box-shadow:0px 0px 10px #000000;; margin:7px; width:1000;\" ><div class=\"crop\" style=\" width:1000; height:1000; overflow:hidden;\"><img decoding=\"async\" data-gg-real-image-href=\"https:\/\/em-tek.hu\/wp-content\/uploads\/2021\/01\/compensatoare3_0130-100x100.jpg\" src=\"https:\/\/em-tek.hu\/wp-content\/plugins\/gallery-by-supsystic\/src\/GridGallery\/Galleries\/assets\/img\/loading.gif\" class=\"ggImg ggLazyImg\" alt=\"compensatoare3_0130\" title=\"compensatoare3_0130\" data-description=\"compensatoare3_0130\" data-caption=\"compensatoare3_0130\" data-title=\"compensatoare3_0130\" style=\" width:100px; height:100px;\" \/><\/div><FIGCAPTION class=\"\" data-alpha=\"5\" style=\"color:#ffffff; background-color:#6f0000; font-size:140; text-align:left; font-family:Default;\" ><div class=\"grid-gallery-figcaption-wrap\" style=\" vertical-align:top;\"><\/div><\/FIGCAPTION><\/FIGURE><\/a><a data-attachment-id=\"1963\" id=\"gg-42-324\" class=\"gg-link \" data-attachment-id=\"1963\" href=\"https:\/\/em-tek.hu\/wp-content\/uploads\/2021\/01\/compensatoare5_0130.jpg?gid=42\" target=\"_self\" title=\"compensatoare5_0130\" data-rel=\"prettyPhoto[pp_gal]\" style=\"border-radius:100%;\" ><FIGURE data-tags=\"\" data-id=\"324\" class=\"grid-gallery-caption\" data-grid-gallery-type=\"quarter-slide-up\" data-index=\"9\" style=\"display:none;border:5px solid #fefefe; border-radius:100%; box-shadow:0px 0px 10px #000000;; margin:7px; width:1000;\" ><div class=\"crop\" style=\" width:1000; height:1000; overflow:hidden;\"><img decoding=\"async\" data-gg-real-image-href=\"https:\/\/em-tek.hu\/wp-content\/uploads\/2021\/01\/compensatoare5_0130-100x100.jpg\" src=\"https:\/\/em-tek.hu\/wp-content\/plugins\/gallery-by-supsystic\/src\/GridGallery\/Galleries\/assets\/img\/loading.gif\" class=\"ggImg ggLazyImg\" alt=\"compensatoare5_0130\" title=\"compensatoare5_0130\" data-description=\"compensatoare5_0130\" data-caption=\"compensatoare5_0130\" data-title=\"compensatoare5_0130\" style=\" width:100px; height:100px;\" \/><\/div><FIGCAPTION class=\"\" data-alpha=\"5\" style=\"color:#ffffff; background-color:#6f0000; font-size:140; text-align:left; font-family:Default;\" ><div class=\"grid-gallery-figcaption-wrap\" style=\" vertical-align:top;\"><\/div><\/FIGCAPTION><\/FIGURE><\/a><a data-attachment-id=\"1966\" id=\"gg-42-325\" class=\"gg-link \" data-attachment-id=\"1966\" href=\"https:\/\/em-tek.hu\/wp-content\/uploads\/2021\/01\/compensatoare_0130-.jpg?gid=42\" target=\"_self\" title=\"compensatoare_0130\" data-rel=\"prettyPhoto[pp_gal]\" style=\"border-radius:100%;\" ><FIGURE data-tags=\"\" data-id=\"325\" class=\"grid-gallery-caption\" data-grid-gallery-type=\"quarter-slide-up\" data-index=\"10\" style=\"display:none;border:5px solid #fefefe; border-radius:100%; box-shadow:0px 0px 10px #000000;; margin:7px; width:1000;\" ><div class=\"crop\" style=\" width:1000; height:1000; overflow:hidden;\"><img decoding=\"async\" data-gg-real-image-href=\"https:\/\/em-tek.hu\/wp-content\/uploads\/2021\/01\/compensatoare_0130--100x100.jpg\" src=\"https:\/\/em-tek.hu\/wp-content\/plugins\/gallery-by-supsystic\/src\/GridGallery\/Galleries\/assets\/img\/loading.gif\" class=\"ggImg ggLazyImg\" alt=\"compensatoare_0130\" title=\"compensatoare_0130\" data-description=\"compensatoare_0130\" data-caption=\"compensatoare_0130\" data-title=\"compensatoare_0130\" style=\" width:100px; height:100px;\" \/><\/div><FIGCAPTION class=\"\" data-alpha=\"5\" style=\"color:#ffffff; background-color:#6f0000; font-size:140; text-align:left; font-family:Default;\" ><div class=\"grid-gallery-figcaption-wrap\" style=\" vertical-align:top;\"><\/div><\/FIGCAPTION><\/FIGURE><\/a> <div class=\"grid-gallery-clearfix\"><\/div> <\/div> <div class=\"gallery-sharing-bottom\" style=\"display:none;\"> <\/div> <div class=\"gallery-sharing-image\" style=\"display:none;\"> <\/div> <div class=\"gallery-sharing-popup\" style=\"display:none;\"> <\/div> <div class=\"grid-gallery-clearfix\"><\/div> <\/div> <!-- Gallery by Supsystic plugin1.15.31 \/2.9.16 --> <style> <\/style><a title=\"\" style=\"display:none;\" href=\"https:\/\/supsystic.com\/plugins\/photo-gallery\/?utm_medium=love_link\" target=\"_blank\"><\/a>[\/vc_column_text][\/vc_column][\/vc_row]<\/p>\n","protected":false},"excerpt":{"rendered":"<p>[vc_row][vc_column][vc_row_inner][vc_column_inner width=&#8221;1\/2&#8243;][vc_column_text] Compensatoare industriale [\/vc_column_text][vc_column_text]Rosturile de dilatare sunt utilizate pentru a compensa mi\u0219c\u0103rile dintre punctul de conectare \u0219i conductele de gaz. Mi\u0219c\u0103rile pot fi cauzate de expansiunea termic\u0103 a conductelor sau vibra\u021bia echipamentului. Pentru a rezolva aceste probleme, compania noastr\u0103 ofer\u0103 compensatoare de \u021bes\u0103turi \u0219i metale \u00een toate dimensiunile \u0219i formele. Compensatoarele noastre de \u021bes\u0103turi [&hellip;]<\/p>\n","protected":false},"author":1,"featured_media":0,"parent":1457,"menu_order":0,"comment_status":"closed","ping_status":"closed","template":"","meta":{"_acf_changed":false,"footnotes":""},"class_list":["post-1592","page","type-page","status-publish","hentry"],"acf":[],"_links":{"self":[{"href":"https:\/\/em-tek.hu\/ro\/wp-json\/wp\/v2\/pages\/1592","targetHints":{"allow":["GET"]}}],"collection":[{"href":"https:\/\/em-tek.hu\/ro\/wp-json\/wp\/v2\/pages"}],"about":[{"href":"https:\/\/em-tek.hu\/ro\/wp-json\/wp\/v2\/types\/page"}],"author":[{"embeddable":true,"href":"https:\/\/em-tek.hu\/ro\/wp-json\/wp\/v2\/users\/1"}],"replies":[{"embeddable":true,"href":"https:\/\/em-tek.hu\/ro\/wp-json\/wp\/v2\/comments?post=1592"}],"version-history":[{"count":7,"href":"https:\/\/em-tek.hu\/ro\/wp-json\/wp\/v2\/pages\/1592\/revisions"}],"predecessor-version":[{"id":2129,"href":"https:\/\/em-tek.hu\/ro\/wp-json\/wp\/v2\/pages\/1592\/revisions\/2129"}],"up":[{"embeddable":true,"href":"https:\/\/em-tek.hu\/ro\/wp-json\/wp\/v2\/pages\/1457"}],"wp:attachment":[{"href":"https:\/\/em-tek.hu\/ro\/wp-json\/wp\/v2\/media?parent=1592"}],"curies":[{"name":"wp","href":"https:\/\/api.w.org\/{rel}","templated":true}]}}