{"id":1598,"date":"2020-11-21T20:05:13","date_gmt":"2020-11-21T20:05:13","guid":{"rendered":"https:\/\/em-tek.hu\/?page_id=1598"},"modified":"2020-11-23T10:18:11","modified_gmt":"2020-11-23T10:18:11","slug":"filrarea-aerului","status":"publish","type":"page","link":"https:\/\/em-tek.hu\/ro\/produse-2\/tehnica-friltrarii-industriale-a-aerului-si-prafului\/filrarea-aerului\/","title":{"rendered":"Filrarea aerului"},"content":{"rendered":"<p>[vc_row][vc_column][vc_column_text]<\/p>\n<h1>Filrarea aerului<\/h1>\n<p>[\/vc_column_text][vc_column_text]<img loading=\"lazy\" decoding=\"async\" class=\"size-medium wp-image-1151 alignright\" src=\"https:\/\/em-tek.hu\/wp-content\/uploads\/2020\/11\/Filtru-compact2-300x200.jpg\" alt=\"\" width=\"300\" height=\"200\" srcset=\"https:\/\/em-tek.hu\/wp-content\/uploads\/2020\/11\/Filtru-compact2-300x200.jpg 300w, https:\/\/em-tek.hu\/wp-content\/uploads\/2020\/11\/Filtru-compact2.jpg 689w\" sizes=\"auto, (max-width: 300px) 100vw, 300px\" \/>Cu vanzarea filtrelor pentru aer condi\u021bionat \u0219i ventila\u021bie, certificate ISO, compania noastr\u0103 este prezent\u0103 \u00een toat\u0103 Ungaria de mult timp.<\/p>\n<h3>1. Plapuma filtrant\u0103<\/h3>\n<p>Plapuma filtrant\u0103 (\u00een func\u021bie de tip) poate fi utilizat\u0103 \u00een unit\u0103\u021bile de tratare a aerului \u0219i cabine de vopsire pentru filtrarea aerului fin \u0219i grosier. La dispozitia clientilor ,compania noastr\u0103 dispune de diferite tipuri de plapumi filtrante (G1, G2, G4, F5, R, &#8220;G\u00dc&#8221;, F500 &#8220;S&#8221;), t\u0103iate la imensiune.<\/p>\n<h3>2. Filtru buzunar<\/h3>\n<p>Poate fi utilizat \u00een orice tip de echipament de ventila\u021bie pentru filtrarea fin\u0103 a aerului; de exemplu. hale de produc\u021bie, laboratoare, s\u0103li de conferin\u021be, hoteluri, birouri, aer conditionat, etc. Este disponibil \u00een diferite tipuri (EU-3 &#8211; EU-8) \u0219i dimensiuni.<\/p>\n<h3>3. Filtru panou<\/h3>\n<p>A Filtrele de panou pot fi \u00eemp\u0103r\u021bite \u00een dou\u0103 grupuri. Putem vorbi despre filtrele cu suprafa\u021b\u0103 \u0219i cu ecran plat, care pot fi utilizate \u00een orice tip de echipament de ventila\u021bie. Filtrul panou de suprafa\u021b\u0103 (EU-3 &#8211; EU-5) este disponibil \u00eentr-o gam\u0103 larg\u0103 de dimensiuni \u0219i modele. Designul pliat are ca rezultat o suprafa\u021b\u0103 mare a filtrului, rezult\u00e2nd o eficien\u021b\u0103 ridicat\u0103 \u0219i o durat\u0103 lung\u0103 de via\u021b\u0103. Filtrele sunt realizate cu rame de h\u00e2rtie \u0219i metal. Cadrul de h\u00e2rtie este de o singur\u0103 utilizare, \u00een timp ce cadrul metalic permite \u00eenlocuiri multiple.<br \/>\n\u00cen cazul filtrului cu ecran plat (EU-2, EU-3), materialul filtrant este infinit (filament), realizat din fibre de sticl\u0103 sau fibre sintetice. Partea de intrare este format\u0103 din fibre grosiere cu o structur\u0103 deschis\u0103, pe partea de aer curat structura este mai \u00eenchis\u0103, fibrele sunt mai fine.<\/p>\n<h3>4. Filtru compact<\/h3>\n<p>Filtrele compacte (EU-6, EU-7, EU-9) sunt utilizate \u00een principal atunci c\u00e2nd cerin\u021bele de transport a aerului sunt foarte mari sau filtrul trebuie s\u0103 aib\u0103 o durat\u0103 de via\u021b\u0103 extrem de lung\u0103. Exemple sunt: \u200b\u200bcentrale electrice, turbine cu gaz, spitale, laboratoare etc.<\/p>\n<h3>5. Filtru panou celular<\/h3>\n<p>Filtrele pentru panouri celulare sunt construite din polipropilen\u0103 100% pliat\u0103 dens. Suprafa\u021ba mare a filtrului are ca rezultat o rezisten\u021b\u0103 redus\u0103 a aerului \u0219i o vitez\u0103 redus\u0103 a aerului, rezult\u00e2nd o filtrare cu eficien\u021b\u0103 ridicat\u0103. Filtrele cu panou celular sunt ideale dac\u0103 spa\u021biul disponibil este prea mic pentru a fi utilizate filtre de sac sau compacte. Domenii principale de aplicare: sisteme de climatizare, industrii farmaceutice \u0219i chimice, spitale, laboratoare.[\/vc_column_text][vc_separator style=&#8221;shadow&#8221;][vc_column_text]<style> #grid-gallery-43-22455 .grid-gallery-caption[data-grid-gallery-type=\"show-on-hover\"]:hover figcaption, #grid-gallery-43-22455 .grid-gallery-caption[data-grid-gallery-type=\"show-on-hover\"].hovered figcaption, #grid-gallery-43-22455 .grid-gallery-caption[data-grid-gallery-type=\"show-on-hover\"]:active figcaption { background-color:rgba(111,0,0,0.5) !important; } <\/style> <div id=\"grid-gallery-43-22455\" data-gg-id=\"43\" data-title=\"2.1.7 RO\" data-grid-type=\"0\" data-offset=\"7\" data-area-position=\"center\" data-icons=\"false\" data-preloader=\"true\" data-width=\"100\" data-height=\"100\" data-padding=\"0\" data-quicksand=\"disabled\" data-quicksand-duration=\"none\" data-popup-theme=\"theme_6\" data-popup-type=\"pretty-photo\" data-popup-image-text=\"data-description\" data-popup-widthsize=\"auto\" data-popup-heightsize=\"auto\" data-popup-i18n-words=\"{&quot;close&quot;:&quot;close&quot;,&quot;next&quot;:&quot;next&quot;,&quot;previous&quot;:&quot;previous&quot;,&quot;start_slideshow&quot;:&quot;start slideshow&quot;,&quot;stop_slideshow&quot;:&quot;stop slideshow&quot;,&quot;image&quot;:&quot;image&quot;,&quot;of&quot;:&quot;of&quot;,&quot;prev&quot;:&quot;prev&quot;,&quot;cExpand&quot;:&quot;Expand&quot;,&quot;cPrevious&quot;:&quot;Previous&quot;,&quot;cNext&quot;:&quot;Next&quot;,&quot;cExpandStr&quot;:&quot;Expand the image&quot;,&quot;cRotate&quot;:&quot;Rotate&quot;,&quot;cDetails&quot;:&quot;Details&quot;}\" data-popup-slideshow=\"false\" data-popup-slideshow-speed=\"2500\" data-popup-hoverstop=\"true\" data-popup-slideshow-auto=\"false\" data-popup-background=\"\" data-popup-transparency=\"30\" data-popup-disable-history=\"\" data-popup-disable-changed-url=\"\" data-popup-border-type=\"solid\" data-popup-border-color=\"\" data-popup-border-width=\"\" data-popup-border-enable=\"\" data-fullscreen=\"false\" data-hide-tooltip=\"false\" data-caption-font-family=\"Default\" data-caption-text-size=\"140\" data-is-mobile=\"0\" data-caption-mobile=\"false\" data-hide-long-tltp-title=\"0\" data-caption-disabled-on-mobile=\"false\" data-lazyload-enable='1' data-lazyload-effect=\"show\" data-lazyload-effect-duration=\"400\" data-popup-placement-type=\"0\" data-social-sharing=\"{&quot;enabled&quot;:&quot;&quot;,&quot;gallerySharing&quot;:{&quot;enabled&quot;:null,&quot;position&quot;:null},&quot;imageSharing&quot;:{&quot;enabled&quot;:null,&quot;wrapperClass&quot;:&quot; vertical &quot;},&quot;popupSharing&quot;:{&quot;enabled&quot;:null,&quot;wrapperClass&quot;:&quot; vertical &quot;}}\" class=\"grid-gallery grid-gallery-fixed \" style=\" width:100%; height:auto; margin-left:auto; margin-right:auto;position:relative;\" data-popup-video=\"null\" data-popup-disable-source-image-for-linked-img=\"0\" data-popup-enable-download-photos-button=\"0\" data-thumbnail-size=\"150x150\"> <div class=\"gallery-loading\"> <div class=\"la-\" style=\"color:#0073AA\"> <div><\/div> <div><\/div> <\/div> <\/div> <div class=\"gallery-sharing-top\" style=\"display:none;\"> <\/div> <div id=\"photos-43\" class=\"grid-gallery-photos\"><a data-attachment-id=\"1182\" id=\"gg-43-222\" class=\"gg-link \" data-attachment-id=\"1182\" href=\"https:\/\/em-tek.hu\/wp-content\/uploads\/2020\/11\/Plamuma-de-filtrare2.jpg?gid=43\" target=\"_self\" title=\"Plamuma de filtrare2\" data-rel=\"prettyPhoto[pp_gal]\" style=\"border-radius:100%;\" ><FIGURE data-tags=\"\" data-id=\"222\" class=\"grid-gallery-caption\" data-grid-gallery-type=\"quarter-slide-up\" data-index=\"0\" style=\"display:none;border:5px solid #fefefe; border-radius:100%; box-shadow:0px 0px 10px #000000;; margin:7px; width:1000;\" ><div class=\"crop\" style=\" width:1000; height:1000; overflow:hidden;\"><img decoding=\"async\" data-gg-real-image-href=\"https:\/\/em-tek.hu\/wp-content\/uploads\/2020\/11\/Plamuma-de-filtrare2-100x100.jpg\" src=\"https:\/\/em-tek.hu\/wp-content\/plugins\/gallery-by-supsystic\/src\/GridGallery\/Galleries\/assets\/img\/loading.gif\" class=\"ggImg ggLazyImg\" alt=\"Plamuma de filtrare2\" title=\"Plamuma de filtrare2\" data-description=\"Plamuma de filtrare2\" data-caption=\"Plamuma de filtrare2\" data-title=\"Plamuma de filtrare2\" style=\" width:100px; height:100px;\" \/><\/div><FIGCAPTION class=\"\" data-alpha=\"5\" style=\"color:#ffffff; background-color:#6f0000; font-size:140; text-align:left; font-family:Default;\" ><div class=\"grid-gallery-figcaption-wrap\" style=\" vertical-align:top;\"><\/div><\/FIGCAPTION><\/FIGURE><\/a><a data-attachment-id=\"1179\" id=\"gg-43-223\" class=\"gg-link \" data-attachment-id=\"1179\" href=\"https:\/\/em-tek.hu\/wp-content\/uploads\/2020\/11\/Plamuma-de-filtrare1.jpg?gid=43\" target=\"_self\" title=\"Plamuma de filtrare1\" data-rel=\"prettyPhoto[pp_gal]\" style=\"border-radius:100%;\" ><FIGURE data-tags=\"\" data-id=\"223\" class=\"grid-gallery-caption\" data-grid-gallery-type=\"quarter-slide-up\" data-index=\"1\" style=\"display:none;border:5px solid #fefefe; border-radius:100%; box-shadow:0px 0px 10px #000000;; margin:7px; width:1000;\" ><div class=\"crop\" style=\" width:1000; height:1000; overflow:hidden;\"><img decoding=\"async\" data-gg-real-image-href=\"https:\/\/em-tek.hu\/wp-content\/uploads\/2020\/11\/Plamuma-de-filtrare1-100x100.jpg\" src=\"https:\/\/em-tek.hu\/wp-content\/plugins\/gallery-by-supsystic\/src\/GridGallery\/Galleries\/assets\/img\/loading.gif\" class=\"ggImg ggLazyImg\" alt=\"Plamuma de filtrare1\" title=\"Plamuma de filtrare1\" data-description=\"Plamuma de filtrare1\" data-caption=\"Plamuma de filtrare1\" data-title=\"Plamuma de filtrare1\" style=\" width:100px; height:100px;\" \/><\/div><FIGCAPTION class=\"\" data-alpha=\"5\" style=\"color:#ffffff; background-color:#6f0000; font-size:140; text-align:left; font-family:Default;\" ><div class=\"grid-gallery-figcaption-wrap\" style=\" vertical-align:top;\"><\/div><\/FIGCAPTION><\/FIGURE><\/a><a data-attachment-id=\"1170\" id=\"gg-43-226\" class=\"gg-link \" data-attachment-id=\"1170\" href=\"https:\/\/em-tek.hu\/wp-content\/uploads\/2020\/11\/Filtru-panel-celular2.jpg?gid=43\" target=\"_self\" title=\"Filtru panel celular2\" data-rel=\"prettyPhoto[pp_gal]\" style=\"border-radius:100%;\" ><FIGURE data-tags=\"\" data-id=\"226\" class=\"grid-gallery-caption\" data-grid-gallery-type=\"quarter-slide-up\" data-index=\"2\" style=\"display:none;border:5px solid #fefefe; border-radius:100%; box-shadow:0px 0px 10px #000000;; margin:7px; width:1000;\" ><div class=\"crop\" style=\" width:1000; height:1000; overflow:hidden;\"><img decoding=\"async\" data-gg-real-image-href=\"https:\/\/em-tek.hu\/wp-content\/uploads\/2020\/11\/Filtru-panel-celular2-100x100.jpg\" src=\"https:\/\/em-tek.hu\/wp-content\/plugins\/gallery-by-supsystic\/src\/GridGallery\/Galleries\/assets\/img\/loading.gif\" class=\"ggImg ggLazyImg\" alt=\"Filtru panel celular2\" title=\"Filtru panel celular2\" data-description=\"Filtru panel celular2\" data-caption=\"Filtru panel celular2\" data-title=\"Filtru panel celular2\" style=\" width:100px; height:100px;\" \/><\/div><FIGCAPTION class=\"\" data-alpha=\"5\" style=\"color:#ffffff; background-color:#6f0000; font-size:140; text-align:left; font-family:Default;\" ><div class=\"grid-gallery-figcaption-wrap\" style=\" vertical-align:top;\"><\/div><\/FIGCAPTION><\/FIGURE><\/a><a data-attachment-id=\"1167\" id=\"gg-43-227\" class=\"gg-link \" data-attachment-id=\"1167\" href=\"https:\/\/em-tek.hu\/wp-content\/uploads\/2020\/11\/Filtru-panel-celular1.jpg?gid=43\" target=\"_self\" title=\"Filtru panel celular1\" data-rel=\"prettyPhoto[pp_gal]\" style=\"border-radius:100%;\" ><FIGURE data-tags=\"\" data-id=\"227\" class=\"grid-gallery-caption\" data-grid-gallery-type=\"quarter-slide-up\" data-index=\"3\" style=\"display:none;border:5px solid #fefefe; border-radius:100%; box-shadow:0px 0px 10px #000000;; margin:7px; width:1000;\" ><div class=\"crop\" style=\" width:1000; height:1000; overflow:hidden;\"><img decoding=\"async\" data-gg-real-image-href=\"https:\/\/em-tek.hu\/wp-content\/uploads\/2020\/11\/Filtru-panel-celular1-100x100.jpg\" src=\"https:\/\/em-tek.hu\/wp-content\/plugins\/gallery-by-supsystic\/src\/GridGallery\/Galleries\/assets\/img\/loading.gif\" class=\"ggImg ggLazyImg\" alt=\"Filtru panel celular1\" title=\"Filtru panel celular1\" data-description=\"Filtru panel celular1\" data-caption=\"Filtru panel celular1\" data-title=\"Filtru panel celular1\" style=\" width:100px; height:100px;\" \/><\/div><FIGCAPTION class=\"\" data-alpha=\"5\" style=\"color:#ffffff; background-color:#6f0000; font-size:140; text-align:left; font-family:Default;\" ><div class=\"grid-gallery-figcaption-wrap\" style=\" vertical-align:top;\"><\/div><\/FIGCAPTION><\/FIGURE><\/a><a data-attachment-id=\"1158\" id=\"gg-43-230\" class=\"gg-link \" data-attachment-id=\"1158\" href=\"https:\/\/em-tek.hu\/wp-content\/uploads\/2020\/11\/Filtru-cu-buzunar3.jpg?gid=43\" target=\"_self\" title=\"Filtru cu buzunar3\" data-rel=\"prettyPhoto[pp_gal]\" style=\"border-radius:100%;\" ><FIGURE data-tags=\"\" data-id=\"230\" class=\"grid-gallery-caption\" data-grid-gallery-type=\"quarter-slide-up\" data-index=\"4\" style=\"display:none;border:5px solid #fefefe; border-radius:100%; box-shadow:0px 0px 10px #000000;; margin:7px; width:1000;\" ><div class=\"crop\" style=\" width:1000; height:1000; overflow:hidden;\"><img decoding=\"async\" data-gg-real-image-href=\"https:\/\/em-tek.hu\/wp-content\/uploads\/2020\/11\/Filtru-cu-buzunar3-100x100.jpg\" src=\"https:\/\/em-tek.hu\/wp-content\/plugins\/gallery-by-supsystic\/src\/GridGallery\/Galleries\/assets\/img\/loading.gif\" class=\"ggImg ggLazyImg\" alt=\"Filtru cu buzunar3\" title=\"Filtru cu buzunar3\" data-description=\"Filtru cu buzunar3\" data-caption=\"Filtru cu buzunar3\" data-title=\"Filtru cu buzunar3\" style=\" width:100px; height:100px;\" \/><\/div><FIGCAPTION class=\"\" data-alpha=\"5\" style=\"color:#ffffff; background-color:#6f0000; font-size:140; text-align:left; font-family:Default;\" ><div class=\"grid-gallery-figcaption-wrap\" style=\" vertical-align:top;\"><\/div><\/FIGCAPTION><\/FIGURE><\/a><a data-attachment-id=\"1155\" id=\"gg-43-231\" class=\"gg-link \" data-attachment-id=\"1155\" href=\"https:\/\/em-tek.hu\/wp-content\/uploads\/2020\/11\/Filtru-cu-buzunar2.jpg?gid=43\" target=\"_self\" title=\"Filtru cu buzunar2\" data-rel=\"prettyPhoto[pp_gal]\" style=\"border-radius:100%;\" ><FIGURE data-tags=\"\" data-id=\"231\" class=\"grid-gallery-caption\" data-grid-gallery-type=\"quarter-slide-up\" data-index=\"5\" style=\"display:none;border:5px solid #fefefe; border-radius:100%; box-shadow:0px 0px 10px #000000;; margin:7px; width:1000;\" ><div class=\"crop\" style=\" width:1000; height:1000; overflow:hidden;\"><img decoding=\"async\" data-gg-real-image-href=\"https:\/\/em-tek.hu\/wp-content\/uploads\/2020\/11\/Filtru-cu-buzunar2-100x100.jpg\" src=\"https:\/\/em-tek.hu\/wp-content\/plugins\/gallery-by-supsystic\/src\/GridGallery\/Galleries\/assets\/img\/loading.gif\" class=\"ggImg ggLazyImg\" alt=\"Filtru cu buzunar2\" title=\"Filtru cu buzunar2\" data-description=\"Filtru cu buzunar2\" data-caption=\"Filtru cu buzunar2\" data-title=\"Filtru cu buzunar2\" style=\" width:100px; height:100px;\" \/><\/div><FIGCAPTION class=\"\" data-alpha=\"5\" style=\"color:#ffffff; background-color:#6f0000; font-size:140; text-align:left; font-family:Default;\" ><div class=\"grid-gallery-figcaption-wrap\" style=\" vertical-align:top;\"><\/div><\/FIGCAPTION><\/FIGURE><\/a><a data-attachment-id=\"1152\" id=\"gg-43-232\" class=\"gg-link \" data-attachment-id=\"1152\" href=\"https:\/\/em-tek.hu\/wp-content\/uploads\/2020\/11\/Filtru-cu-buzunar1.jpg?gid=43\" target=\"_self\" title=\"Filtru cu buzunar1\" data-rel=\"prettyPhoto[pp_gal]\" style=\"border-radius:100%;\" ><FIGURE data-tags=\"\" data-id=\"232\" class=\"grid-gallery-caption\" data-grid-gallery-type=\"quarter-slide-up\" data-index=\"6\" style=\"display:none;border:5px solid #fefefe; border-radius:100%; box-shadow:0px 0px 10px #000000;; margin:7px; width:1000;\" ><div class=\"crop\" style=\" width:1000; height:1000; overflow:hidden;\"><img decoding=\"async\" data-gg-real-image-href=\"https:\/\/em-tek.hu\/wp-content\/uploads\/2020\/11\/Filtru-cu-buzunar1-100x100.jpg\" src=\"https:\/\/em-tek.hu\/wp-content\/plugins\/gallery-by-supsystic\/src\/GridGallery\/Galleries\/assets\/img\/loading.gif\" class=\"ggImg ggLazyImg\" alt=\"Filtru cu buzunar1\" title=\"Filtru cu buzunar1\" data-description=\"Filtru cu buzunar1\" data-caption=\"Filtru cu buzunar1\" data-title=\"Filtru cu buzunar1\" style=\" width:100px; height:100px;\" \/><\/div><FIGCAPTION class=\"\" data-alpha=\"5\" style=\"color:#ffffff; background-color:#6f0000; font-size:140; text-align:left; font-family:Default;\" ><div class=\"grid-gallery-figcaption-wrap\" style=\" vertical-align:top;\"><\/div><\/FIGCAPTION><\/FIGURE><\/a><a data-attachment-id=\"1149\" id=\"gg-43-233\" class=\"gg-link \" data-attachment-id=\"1149\" href=\"https:\/\/em-tek.hu\/wp-content\/uploads\/2020\/11\/Filtru-compact2.jpg?gid=43\" target=\"_self\" title=\"Filtru compact2\" data-rel=\"prettyPhoto[pp_gal]\" style=\"border-radius:100%;\" ><FIGURE data-tags=\"\" data-id=\"233\" class=\"grid-gallery-caption\" data-grid-gallery-type=\"quarter-slide-up\" data-index=\"7\" style=\"display:none;border:5px solid #fefefe; border-radius:100%; box-shadow:0px 0px 10px #000000;; margin:7px; width:1000;\" ><div class=\"crop\" style=\" width:1000; height:1000; overflow:hidden;\"><img decoding=\"async\" data-gg-real-image-href=\"https:\/\/em-tek.hu\/wp-content\/uploads\/2020\/11\/Filtru-compact2-100x100.jpg\" src=\"https:\/\/em-tek.hu\/wp-content\/plugins\/gallery-by-supsystic\/src\/GridGallery\/Galleries\/assets\/img\/loading.gif\" class=\"ggImg ggLazyImg\" alt=\"Filtru compact2\" title=\"Filtru compact2\" data-description=\"Filtru compact2\" data-caption=\"Filtru compact2\" data-title=\"Filtru compact2\" style=\" width:100px; height:100px;\" \/><\/div><FIGCAPTION class=\"\" data-alpha=\"5\" style=\"color:#ffffff; background-color:#6f0000; font-size:140; text-align:left; font-family:Default;\" ><div class=\"grid-gallery-figcaption-wrap\" style=\" vertical-align:top;\"><\/div><\/FIGCAPTION><\/FIGURE><\/a><a data-attachment-id=\"1145\" id=\"gg-43-234\" class=\"gg-link \" data-attachment-id=\"1145\" href=\"https:\/\/em-tek.hu\/wp-content\/uploads\/2020\/11\/Filtru-compact1.jpg?gid=43\" target=\"_self\" title=\"Filtru compact1\" data-rel=\"prettyPhoto[pp_gal]\" style=\"border-radius:100%;\" ><FIGURE data-tags=\"\" data-id=\"234\" class=\"grid-gallery-caption\" data-grid-gallery-type=\"quarter-slide-up\" data-index=\"8\" style=\"display:none;border:5px solid #fefefe; border-radius:100%; box-shadow:0px 0px 10px #000000;; margin:7px; width:1000;\" ><div class=\"crop\" style=\" width:1000; height:1000; overflow:hidden;\"><img decoding=\"async\" data-gg-real-image-href=\"https:\/\/em-tek.hu\/wp-content\/uploads\/2020\/11\/Filtru-compact1-100x100.jpg\" src=\"https:\/\/em-tek.hu\/wp-content\/plugins\/gallery-by-supsystic\/src\/GridGallery\/Galleries\/assets\/img\/loading.gif\" class=\"ggImg ggLazyImg\" alt=\"Filtru compact1\" title=\"Filtru compact1\" data-description=\"Filtru compact1\" data-caption=\"Filtru compact1\" data-title=\"Filtru compact1\" style=\" width:100px; height:100px;\" \/><\/div><FIGCAPTION class=\"\" data-alpha=\"5\" style=\"color:#ffffff; background-color:#6f0000; font-size:140; text-align:left; font-family:Default;\" ><div class=\"grid-gallery-figcaption-wrap\" style=\" vertical-align:top;\"><\/div><\/FIGCAPTION><\/FIGURE><\/a> <div class=\"grid-gallery-clearfix\"><\/div> <\/div> <div class=\"gallery-sharing-bottom\" style=\"display:none;\"> <\/div> <div class=\"gallery-sharing-image\" style=\"display:none;\"> <\/div> <div class=\"gallery-sharing-popup\" style=\"display:none;\"> <\/div> <div class=\"grid-gallery-clearfix\"><\/div> <\/div> <!-- Gallery by Supsystic plugin1.15.31 \/2.9.16 --> <style> <\/style><a title=\"\" style=\"display:none;\" href=\"https:\/\/supsystic.com\/plugins\/photo-gallery\/?utm_medium=love_link\" target=\"_blank\"><\/a>[\/vc_column_text][\/vc_column][\/vc_row]<\/p>\n","protected":false},"excerpt":{"rendered":"<p>[vc_row][vc_column][vc_column_text] Filrarea aerului [\/vc_column_text][vc_column_text]Cu vanzarea filtrelor pentru aer condi\u021bionat \u0219i ventila\u021bie, certificate ISO, compania noastr\u0103 este prezent\u0103 \u00een toat\u0103 Ungaria de mult timp. 1. Plapuma filtrant\u0103 Plapuma filtrant\u0103 (\u00een func\u021bie de tip) poate fi utilizat\u0103 \u00een unit\u0103\u021bile de tratare a aerului \u0219i cabine de vopsire pentru filtrarea aerului fin \u0219i grosier. La dispozitia clientilor ,compania [&hellip;]<\/p>\n","protected":false},"author":1,"featured_media":0,"parent":1464,"menu_order":0,"comment_status":"closed","ping_status":"closed","template":"","meta":{"_acf_changed":false,"footnotes":""},"class_list":["post-1598","page","type-page","status-publish","hentry"],"acf":[],"_links":{"self":[{"href":"https:\/\/em-tek.hu\/ro\/wp-json\/wp\/v2\/pages\/1598","targetHints":{"allow":["GET"]}}],"collection":[{"href":"https:\/\/em-tek.hu\/ro\/wp-json\/wp\/v2\/pages"}],"about":[{"href":"https:\/\/em-tek.hu\/ro\/wp-json\/wp\/v2\/types\/page"}],"author":[{"embeddable":true,"href":"https:\/\/em-tek.hu\/ro\/wp-json\/wp\/v2\/users\/1"}],"replies":[{"embeddable":true,"href":"https:\/\/em-tek.hu\/ro\/wp-json\/wp\/v2\/comments?post=1598"}],"version-history":[{"count":2,"href":"https:\/\/em-tek.hu\/ro\/wp-json\/wp\/v2\/pages\/1598\/revisions"}],"predecessor-version":[{"id":1649,"href":"https:\/\/em-tek.hu\/ro\/wp-json\/wp\/v2\/pages\/1598\/revisions\/1649"}],"up":[{"embeddable":true,"href":"https:\/\/em-tek.hu\/ro\/wp-json\/wp\/v2\/pages\/1464"}],"wp:attachment":[{"href":"https:\/\/em-tek.hu\/ro\/wp-json\/wp\/v2\/media?parent=1598"}],"curies":[{"name":"wp","href":"https:\/\/api.w.org\/{rel}","templated":true}]}}