{"id":1791,"date":"2020-12-05T17:21:11","date_gmt":"2020-12-05T17:21:11","guid":{"rendered":"https:\/\/em-tek.hu\/?page_id=1791"},"modified":"2024-04-26T19:16:25","modified_gmt":"2024-04-26T19:16:25","slug":"despre-noi","status":"publish","type":"page","link":"https:\/\/em-tek.hu\/ro\/despre-noi\/","title":{"rendered":"Despre noi"},"content":{"rendered":"<p>[vc_row][vc_column][vc_column_text]<\/p>\n<h1 style=\"text-align: center;\"><span style=\"font-family: 'Arial Black', 'Avant Garde';\">EM-TEK Kft. &#8211; din 1993 pentru un mediu curat<\/span><\/h1>\n<p style=\"text-align: center;\"><span style=\"font-size: 14pt; font-family: Helvetica;\"> De la \u00eenfiin\u021barea sa \u00een 1993, Em-tek Kft a ob\u021binut succese semnificative \u00een domeniul ventila\u021biei, filtr\u0103rii lichidelor, produc\u021biei \u0219i distribu\u021biei de materiale de cernere \u0219i m\u0103cinare, precum \u0219i a textilelor pentru spalatorii de haine. A c\u00e2\u0219tigat o pozi\u021bie de lider pe pia\u021b\u0103 \u00een unele sub-zone, lucru confirmat de referin\u021bele sale.<\/span><\/p>\n<p>[\/vc_column_text][vc_empty_space][\/vc_column][\/vc_row][vc_row full_width=&#8221;stretch_row&#8221; css=&#8221;.vc_custom_1605883408099{background-color: #a3a3a3 !important;}&#8221;][vc_column][vc_row_inner][vc_column_inner width=&#8221;1\/2&#8243;][vc_column_text]<\/p>\n<p style=\"text-align: justify;\"><span style=\"font-weight: 400; font-size: 14pt;\">SC ECO FILTRATION Srl, de la \u00eenfiin\u0163area sa din 2009, \u015fi-a majorat semnificativ cota de pia\u0163\u0103, \u00een primul r\u00e2nd \u00een domeniul separ\u0103rii prafului \u00een procesele de produc\u0163ie industriale, fapt dovedit de referin\u0163ele noastre.<\/span><\/p>\n<p style=\"text-align: justify;\"><span style=\"font-weight: 400; font-size: 14pt;\">Predecesorul firmei s-a \u00eenfiin\u0163at ca o reprezentan\u0163\u0103 a Em-Tek Kft. din Ungaria, sub numele de SC Eco Filt SRL, dup\u0103 care, datorit\u0103 cre\u015fterii alerte a pie\u0163ei, \u00een anul 2009, \u00een urma lichid\u0103rii reprezentan\u0163ei s-a \u00eenfiin\u0163at SC Eco Filtration Srl, \u00een calitate de filial\u0103 a Em-Tek Kft. \u00een proprietatea acesteia \u00een procent de 100%.<\/span><\/p>\n<p style=\"text-align: justify;\"><span style=\"font-weight: 400; font-size: 14pt;\">Firma noastr\u0103 activeaz\u0103 \u00een domeniul comercializ\u0103rii produselor fabricate \u015fi comercializate de societatea-mam\u0103 din Ungaria, precum saci de filtrare necesari pentru sistemele de filtrare industriale, ventilatoare industriale, cartu\u015fe de filtrare pentru lichide, p\u00e2nze de site \u015fi materiale auxiliare pentru industria mor\u0103ritului, respectiv materiale textile pentru sp\u0103l\u0103torii.<\/span><\/p>\n<p>[\/vc_column_text][\/vc_column_inner][vc_column_inner width=&#8221;1\/2&#8243;][vc_column_text]<iframe loading=\"lazy\" title=\"YouTube video player\" src=\"https:\/\/www.youtube.com\/embed\/k6scdhvPUH4?si=ShwPj6XUVaO9T4vt&amp;controls=0\" width=\"560\" height=\"315\" frameborder=\"0\" allowfullscreen=\"allowfullscreen\"><\/iframe>[\/vc_column_text][\/vc_column_inner][\/vc_row_inner][vc_column_text]<\/p>\n<p style=\"text-align: justify;\"><span style=\"font-weight: 400; font-size: 14pt;\">Pentru compania noastr\u0103 un rol extrem de important \u00eel reprezint\u0103 protec\u0163ia mediului, \u00een special protec\u0163ia purit\u0103\u0163ii aerului, respectiv epurarea apei uzate industriale, dat fiind faptul, c\u0103 o parte semnificativ\u0103 dintre produsele comercializate de noi se leag\u0103 de aceste domenii.<\/span><\/p>\n<p style=\"text-align: justify;\"><span style=\"font-weight: 400; font-size: 14pt;\">\u00cen domeniul comercializ\u0103rii produselor men\u0163ionate mai sus, firma noastr\u0103 de\u0163ine o experien\u0163\u0103 profesional\u0103 de peste 20 de ani, dob\u00e2ndind \u00een Ungaria pozi\u0163ia de lider pe pia\u0163a anumitor divizii.<\/span><\/p>\n<p style=\"text-align: justify;\"><span style=\"font-weight: 400; font-size: 14pt;\">Firma noastr\u0103 ofer\u0103 profesionalism, respect\u00e2nd toate cerin\u0163ele, pentru stima\u0163ii no\u015ftri clien\u0163i actuali \u015fi viitori!<\/span><\/p>\n<p>[\/vc_column_text][\/vc_column][\/vc_row][vc_row][vc_column][vc_separator style=&#8221;shadow&#8221;][vc_column_text]<\/p>\n<h1 style=\"text-align: center;\">Partenerii no\u0219tri<\/h1>\n<p>[\/vc_column_text][vc_separator style=&#8221;shadow&#8221;][vc_row_inner][vc_column_inner width=&#8221;1\/3&#8243;][vc_column_text]<\/p>\n<p><img loading=\"lazy\" decoding=\"async\" class=\"size-full wp-image-152 aligncenter\" src=\"https:\/\/em-tek.hu\/wp-content\/uploads\/2020\/10\/Clear-edge_100.jpg\" alt=\"\" width=\"282\" height=\"100\" \/><\/p>\n<p>[\/vc_column_text][\/vc_column_inner][vc_column_inner width=&#8221;1\/3&#8243;][vc_column_text]<\/p>\n<p><img loading=\"lazy\" decoding=\"async\" class=\"size-medium wp-image-154 aligncenter\" src=\"https:\/\/em-tek.hu\/wp-content\/uploads\/2020\/10\/muhlen-logo_100-300x78.png\" alt=\"\" width=\"300\" height=\"78\" srcset=\"https:\/\/em-tek.hu\/wp-content\/uploads\/2020\/10\/muhlen-logo_100-300x78.png 300w, https:\/\/em-tek.hu\/wp-content\/uploads\/2020\/10\/muhlen-logo_100.png 383w\" sizes=\"auto, (max-width: 300px) 100vw, 300px\" \/><\/p>\n<p>[\/vc_column_text][vc_column_text]<img loading=\"lazy\" decoding=\"async\" class=\"aligncenter wp-image-2374 size-full\" src=\"https:\/\/em-tek.hu\/wp-content\/uploads\/2024\/04\/envi-filter-logo-2.png\" alt=\"\" width=\"605\" height=\"180\" srcset=\"https:\/\/em-tek.hu\/wp-content\/uploads\/2024\/04\/envi-filter-logo-2.png 605w, https:\/\/em-tek.hu\/wp-content\/uploads\/2024\/04\/envi-filter-logo-2-300x89.png 300w\" sizes=\"auto, (max-width: 605px) 100vw, 605px\" \/>[\/vc_column_text][\/vc_column_inner][vc_column_inner width=&#8221;1\/3&#8243;][vc_column_text]<\/p>\n<p><img loading=\"lazy\" decoding=\"async\" class=\"size-medium wp-image-153 aligncenter\" src=\"https:\/\/em-tek.hu\/wp-content\/uploads\/2020\/10\/logo-reitz-vollton-100-300x98.png\" alt=\"\" width=\"300\" height=\"98\" srcset=\"https:\/\/em-tek.hu\/wp-content\/uploads\/2020\/10\/logo-reitz-vollton-100-300x98.png 300w, https:\/\/em-tek.hu\/wp-content\/uploads\/2020\/10\/logo-reitz-vollton-100.png 305w\" sizes=\"auto, (max-width: 300px) 100vw, 300px\" \/><\/p>\n<p>[\/vc_column_text][\/vc_column_inner][\/vc_row_inner][\/vc_column][\/vc_row]<\/p>\n","protected":false},"excerpt":{"rendered":"<p>[vc_row][vc_column][vc_column_text] EM-TEK Kft. &#8211; din 1993 pentru un mediu curat De la \u00eenfiin\u021barea sa \u00een 1993, Em-tek Kft a ob\u021binut succese semnificative \u00een domeniul ventila\u021biei, filtr\u0103rii lichidelor, produc\u021biei \u0219i distribu\u021biei de materiale de cernere \u0219i m\u0103cinare, precum \u0219i a textilelor pentru spalatorii de haine. A c\u00e2\u0219tigat o pozi\u021bie de lider pe pia\u021b\u0103 \u00een unele sub-zone, [&hellip;]<\/p>\n","protected":false},"author":1,"featured_media":0,"parent":0,"menu_order":0,"comment_status":"closed","ping_status":"closed","template":"","meta":{"_acf_changed":false,"footnotes":""},"class_list":["post-1791","page","type-page","status-publish","hentry"],"acf":[],"_links":{"self":[{"href":"https:\/\/em-tek.hu\/ro\/wp-json\/wp\/v2\/pages\/1791","targetHints":{"allow":["GET"]}}],"collection":[{"href":"https:\/\/em-tek.hu\/ro\/wp-json\/wp\/v2\/pages"}],"about":[{"href":"https:\/\/em-tek.hu\/ro\/wp-json\/wp\/v2\/types\/page"}],"author":[{"embeddable":true,"href":"https:\/\/em-tek.hu\/ro\/wp-json\/wp\/v2\/users\/1"}],"replies":[{"embeddable":true,"href":"https:\/\/em-tek.hu\/ro\/wp-json\/wp\/v2\/comments?post=1791"}],"version-history":[{"count":4,"href":"https:\/\/em-tek.hu\/ro\/wp-json\/wp\/v2\/pages\/1791\/revisions"}],"predecessor-version":[{"id":2433,"href":"https:\/\/em-tek.hu\/ro\/wp-json\/wp\/v2\/pages\/1791\/revisions\/2433"}],"wp:attachment":[{"href":"https:\/\/em-tek.hu\/ro\/wp-json\/wp\/v2\/media?parent=1791"}],"curies":[{"name":"wp","href":"https:\/\/api.w.org\/{rel}","templated":true}]}}