{"id":2100,"date":"2021-05-11T14:54:01","date_gmt":"2021-05-11T14:54:01","guid":{"rendered":"https:\/\/em-tek.hu\/?page_id=2100"},"modified":"2025-11-17T11:55:36","modified_gmt":"2025-11-17T09:55:36","slug":"contakte","status":"publish","type":"page","link":"https:\/\/em-tek.hu\/ro\/contakte\/","title":{"rendered":"Contakte"},"content":{"rendered":"<p>[vc_row][vc_column width=&#8221;1\/2&#8243;][vc_column_text]<\/p>\n<h2 style=\"text-align: center;\"><span style=\"font-weight: 400;\">Romania<\/span><\/h2>\n<p><span style=\"font-size: 16pt;\"><strong>SC. Eco Filtration SRL.<\/strong><\/span><\/p>\n<p><span style=\"font-family: Helvetica;\">VAT No.:11125365-2-08<\/span><br \/>\n<span style=\"font-family: Helvetica;\">Company register No.:08 09 003189<\/span><\/p>\n<p><span style=\"font-family: Helvetica;\"><strong>Adres\u0103:<\/strong> 9027 Gy\u0151r, strada K\u0151risfa 14.<\/span><\/p>\n<p><span style=\"font-weight: 400;\"><strong><span style=\"font-size: 18pt;\">Lavinia Gergely<\/span><\/strong><br \/>\n<\/span><span style=\"font-weight: 400;\">Telefon:<br \/>\n<a href=\"tel:+36306615227\">+36 30 661 5227<\/a><\/span><\/p>\n<p><span style=\"font-weight: 400;\">E-mail:<br \/>\n<\/span><span style=\"font-family: Helvetica;\"><a href=\"mailto:lavinia.gergely@em-tek.hu\">lavinia.gergely@em-tek.hu<\/a><\/span><br \/>\n<a href=\"mailto:lavinia.gergely@ecofilt.eu\"><span style=\"font-weight: 400;\">lavinia.gergely@ecofilt.eu<\/span><\/a>[\/vc_column_text][vc_separator][vc_column_text]<img loading=\"lazy\" decoding=\"async\" class=\"aligncenter wp-image-2268 size-large\" src=\"https:\/\/em-tek.hu\/wp-content\/uploads\/2023\/04\/1680183062866-1-1024x768.jpg\" alt=\"\" width=\"1024\" height=\"768\" srcset=\"https:\/\/em-tek.hu\/wp-content\/uploads\/2023\/04\/1680183062866-1-1024x768.jpg 1024w, https:\/\/em-tek.hu\/wp-content\/uploads\/2023\/04\/1680183062866-1-300x225.jpg 300w, https:\/\/em-tek.hu\/wp-content\/uploads\/2023\/04\/1680183062866-1-768x576.jpg 768w, https:\/\/em-tek.hu\/wp-content\/uploads\/2023\/04\/1680183062866-1-1536x1152.jpg 1536w, https:\/\/em-tek.hu\/wp-content\/uploads\/2023\/04\/1680183062866-1-2048x1536.jpg 2048w\" sizes=\"auto, (max-width: 1024px) 100vw, 1024px\" \/>[\/vc_column_text][\/vc_column][vc_column width=&#8221;1\/2&#8243;][vc_column_text]<iframe loading=\"lazy\" style=\"border: 0;\" src=\"https:\/\/www.google.com\/maps\/embed?pb=!1m18!1m12!1m3!1d2686.3837183803753!2d17.70148965096856!3d47.67696749100577!2m3!1f0!2f0!3f0!3m2!1i1024!2i768!4f13.1!3m3!1m2!1s0x476bc0516c6cfa6f%3A0xe3b62cba354048a9!2sEM-TEK%20Kft.!5e0!3m2!1shu!2shu!4v1680344696098!5m2!1shu!2shu\" width=\"600\" height=\"450\" allowfullscreen=\"allowfullscreen\"><\/iframe>[\/vc_column_text][\/vc_column][\/vc_row]<\/p>\n","protected":false},"excerpt":{"rendered":"<p>[vc_row][vc_column width=&#8221;1\/2&#8243;][vc_column_text] Romania SC. Eco Filtration SRL. VAT No.:11125365-2-08 Company register No.:08 09 003189 Adres\u0103: 9027 Gy\u0151r, strada K\u0151risfa 14. Lavinia Gergely Telefon: +36 30 661 5227 E-mail: lavinia.gergely@em-tek.hu lavinia.gergely@ecofilt.eu[\/vc_column_text][vc_separator][vc_column_text][\/vc_column_text][\/vc_column][vc_column width=&#8221;1\/2&#8243;][vc_column_text][\/vc_column_text][\/vc_column][\/vc_row]<\/p>\n","protected":false},"author":1,"featured_media":0,"parent":0,"menu_order":0,"comment_status":"closed","ping_status":"closed","template":"","meta":{"_acf_changed":false,"footnotes":""},"class_list":["post-2100","page","type-page","status-publish","hentry"],"acf":[],"_links":{"self":[{"href":"https:\/\/em-tek.hu\/ro\/wp-json\/wp\/v2\/pages\/2100","targetHints":{"allow":["GET"]}}],"collection":[{"href":"https:\/\/em-tek.hu\/ro\/wp-json\/wp\/v2\/pages"}],"about":[{"href":"https:\/\/em-tek.hu\/ro\/wp-json\/wp\/v2\/types\/page"}],"author":[{"embeddable":true,"href":"https:\/\/em-tek.hu\/ro\/wp-json\/wp\/v2\/users\/1"}],"replies":[{"embeddable":true,"href":"https:\/\/em-tek.hu\/ro\/wp-json\/wp\/v2\/comments?post=2100"}],"version-history":[{"count":10,"href":"https:\/\/em-tek.hu\/ro\/wp-json\/wp\/v2\/pages\/2100\/revisions"}],"predecessor-version":[{"id":2856,"href":"https:\/\/em-tek.hu\/ro\/wp-json\/wp\/v2\/pages\/2100\/revisions\/2856"}],"wp:attachment":[{"href":"https:\/\/em-tek.hu\/ro\/wp-json\/wp\/v2\/media?parent=2100"}],"curies":[{"name":"wp","href":"https:\/\/api.w.org\/{rel}","templated":true}]}}