{"id":703,"date":"2020-11-20T13:37:39","date_gmt":"2020-11-20T13:37:39","guid":{"rendered":"https:\/\/em-tek.hu\/?page_id=703"},"modified":"2024-04-26T18:55:54","modified_gmt":"2024-04-26T18:55:54","slug":"servicii","status":"publish","type":"page","link":"https:\/\/em-tek.hu\/ro\/servicii\/","title":{"rendered":"Servicii"},"content":{"rendered":"<p>[vc_row][vc_column][vc_column_text]<\/p>\n<h2>Analiza de laborator<\/h2>\n<p>Sacii filtranti uzati sunt analizate, examinare, evaluarea st\u0103rii generale, preg\u0103tirea raportului de laborator cu fotografii microscopice. Explorarea cauzelor posibile ale problemei indicate de client, o propunere de rezolvare a problemei se realizeaza \u00een propriul nostru laborator .<\/p>\n<style> #grid-gallery-53-17506 .grid-gallery-caption[data-grid-gallery-type=\"show-on-hover\"]:hover figcaption, #grid-gallery-53-17506 .grid-gallery-caption[data-grid-gallery-type=\"show-on-hover\"].hovered figcaption, #grid-gallery-53-17506 .grid-gallery-caption[data-grid-gallery-type=\"show-on-hover\"]:active figcaption { background-color:rgba(111,0,0,0.5) !important; } <\/style> <div id=\"grid-gallery-53-17506\" data-gg-id=\"53\" data-title=\"Sac de filtru uzat\" data-grid-type=\"0\" data-offset=\"7\" data-area-position=\"center\" data-icons=\"false\" data-preloader=\"true\" data-width=\"100\" data-height=\"100\" data-padding=\"0\" data-quicksand=\"disabled\" data-quicksand-duration=\"none\" data-popup-theme=\"theme_6\" data-popup-type=\"pretty-photo\" data-popup-image-text=\"data-description\" data-popup-widthsize=\"auto\" data-popup-heightsize=\"auto\" data-popup-i18n-words=\"{&quot;close&quot;:&quot;close&quot;,&quot;next&quot;:&quot;next&quot;,&quot;previous&quot;:&quot;previous&quot;,&quot;start_slideshow&quot;:&quot;start slideshow&quot;,&quot;stop_slideshow&quot;:&quot;stop slideshow&quot;,&quot;image&quot;:&quot;image&quot;,&quot;of&quot;:&quot;of&quot;,&quot;prev&quot;:&quot;prev&quot;,&quot;cExpand&quot;:&quot;Expand&quot;,&quot;cPrevious&quot;:&quot;Previous&quot;,&quot;cNext&quot;:&quot;Next&quot;,&quot;cExpandStr&quot;:&quot;Expand the image&quot;,&quot;cRotate&quot;:&quot;Rotate&quot;,&quot;cDetails&quot;:&quot;Details&quot;}\" data-popup-slideshow=\"false\" data-popup-slideshow-speed=\"2500\" data-popup-hoverstop=\"true\" data-popup-slideshow-auto=\"false\" data-popup-background=\"\" data-popup-transparency=\"30\" data-popup-disable-history=\"\" data-popup-disable-changed-url=\"\" data-popup-border-type=\"solid\" data-popup-border-color=\"\" data-popup-border-width=\"\" data-popup-border-enable=\"\" data-fullscreen=\"false\" data-hide-tooltip=\"false\" data-caption-font-family=\"Default\" data-caption-text-size=\"140\" data-is-mobile=\"0\" data-caption-mobile=\"false\" data-hide-long-tltp-title=\"0\" data-caption-disabled-on-mobile=\"false\" data-lazyload-enable='1' data-lazyload-effect=\"show\" data-lazyload-effect-duration=\"400\" data-popup-placement-type=\"0\" data-social-sharing=\"{&quot;enabled&quot;:&quot;&quot;,&quot;gallerySharing&quot;:{&quot;enabled&quot;:null,&quot;position&quot;:null},&quot;imageSharing&quot;:{&quot;enabled&quot;:null,&quot;wrapperClass&quot;:&quot; vertical &quot;},&quot;popupSharing&quot;:{&quot;enabled&quot;:null,&quot;wrapperClass&quot;:&quot; vertical &quot;}}\" class=\"grid-gallery grid-gallery-fixed \" style=\" width:100%; height:auto; margin-left:auto; margin-right:auto;position:relative;\" data-popup-video=\"null\" data-popup-disable-source-image-for-linked-img=\"0\" data-popup-enable-download-photos-button=\"0\" data-thumbnail-size=\"150x150\"> <div class=\"gallery-loading\"> <div class=\"la-\" style=\"color:#0073AA\"> <div><\/div> <div><\/div> <\/div> <\/div> <div class=\"gallery-sharing-top\" style=\"display:none;\"> <\/div> <div id=\"photos-53\" class=\"grid-gallery-photos\"><a data-attachment-id=\"1266\" id=\"gg-53-261\" class=\"gg-link \" data-attachment-id=\"1266\" href=\"https:\/\/em-tek.hu\/wp-content\/uploads\/2020\/11\/Sac-de-filtru-uzat-vedere-in-sectiune.jpg?gid=53\" target=\"_self\" title=\"_Sac de filtru uzat - vedere in sectiune\" data-rel=\"prettyPhoto[pp_gal]\" style=\"border-radius:100%;\" ><FIGURE data-tags=\"\" data-id=\"261\" class=\"grid-gallery-caption\" data-grid-gallery-type=\"quarter-slide-up\" data-index=\"0\" style=\"display:none;border:5px solid #fefefe; border-radius:100%; box-shadow:0px 0px 10px #000000;; margin:7px; width:1000;\" ><div class=\"crop\" style=\" width:1000; height:1000; overflow:hidden;\"><img decoding=\"async\" data-gg-real-image-href=\"https:\/\/em-tek.hu\/wp-content\/uploads\/2020\/11\/Sac-de-filtru-uzat-vedere-in-sectiune-100x100.jpg\" src=\"https:\/\/em-tek.hu\/wp-content\/plugins\/gallery-by-supsystic\/src\/GridGallery\/Galleries\/assets\/img\/loading.gif\" class=\"ggImg ggLazyImg\" alt=\"_Sac de filtru uzat - vedere in sectiune\" title=\"_Sac de filtru uzat - vedere in sectiune\" data-description=\"_Sac de filtru uzat - vedere in sectiune\" data-caption=\"_Sac de filtru uzat - vedere in sectiune\" data-title=\"_Sac de filtru uzat - vedere in sectiune\" style=\" width:100px; height:100px;\" \/><\/div><FIGCAPTION class=\"\" data-alpha=\"5\" style=\"color:#ffffff; background-color:#6f0000; font-size:140; text-align:left; font-family:Default;\" ><div class=\"grid-gallery-figcaption-wrap\" style=\" vertical-align:top;\"><\/div><\/FIGCAPTION><\/FIGURE><\/a><a data-attachment-id=\"1272\" id=\"gg-53-262\" class=\"gg-link \" data-attachment-id=\"1272\" href=\"https:\/\/em-tek.hu\/wp-content\/uploads\/2020\/11\/Sac-de-filtru-uzat-pe-interior.jpg?gid=53\" target=\"_self\" title=\"Sac de filtru uzat pe interior\" data-rel=\"prettyPhoto[pp_gal]\" style=\"border-radius:100%;\" ><FIGURE data-tags=\"\" data-id=\"262\" class=\"grid-gallery-caption\" data-grid-gallery-type=\"quarter-slide-up\" data-index=\"1\" style=\"display:none;border:5px solid #fefefe; border-radius:100%; box-shadow:0px 0px 10px #000000;; margin:7px; width:1000;\" ><div class=\"crop\" style=\" width:1000; height:1000; overflow:hidden;\"><img decoding=\"async\" data-gg-real-image-href=\"https:\/\/em-tek.hu\/wp-content\/uploads\/2020\/11\/Sac-de-filtru-uzat-pe-interior-100x100.jpg\" src=\"https:\/\/em-tek.hu\/wp-content\/plugins\/gallery-by-supsystic\/src\/GridGallery\/Galleries\/assets\/img\/loading.gif\" class=\"ggImg ggLazyImg\" alt=\"Sac de filtru uzat pe interior\" title=\"Sac de filtru uzat pe interior\" data-description=\"Sac de filtru uzat pe interior\" data-caption=\"Sac de filtru uzat pe interior\" data-title=\"Sac de filtru uzat pe interior\" style=\" width:100px; height:100px;\" \/><\/div><FIGCAPTION class=\"\" data-alpha=\"5\" style=\"color:#ffffff; background-color:#6f0000; font-size:140; text-align:left; font-family:Default;\" ><div class=\"grid-gallery-figcaption-wrap\" style=\" vertical-align:top;\"><\/div><\/FIGCAPTION><\/FIGURE><\/a><a data-attachment-id=\"1269\" id=\"gg-53-263\" class=\"gg-link \" data-attachment-id=\"1269\" href=\"https:\/\/em-tek.hu\/wp-content\/uploads\/2020\/11\/Sac-de-filtrare-uzat-suprafata-ei.jpg?gid=53\" target=\"_self\" title=\"Sac de filtrare uzat - suprafata ei\" data-rel=\"prettyPhoto[pp_gal]\" style=\"border-radius:100%;\" ><FIGURE data-tags=\"\" data-id=\"263\" class=\"grid-gallery-caption\" data-grid-gallery-type=\"quarter-slide-up\" data-index=\"2\" style=\"display:none;border:5px solid #fefefe; border-radius:100%; box-shadow:0px 0px 10px #000000;; margin:7px; width:1000;\" ><div class=\"crop\" style=\" width:1000; height:1000; overflow:hidden;\"><img decoding=\"async\" data-gg-real-image-href=\"https:\/\/em-tek.hu\/wp-content\/uploads\/2020\/11\/Sac-de-filtrare-uzat-suprafata-ei-100x100.jpg\" src=\"https:\/\/em-tek.hu\/wp-content\/plugins\/gallery-by-supsystic\/src\/GridGallery\/Galleries\/assets\/img\/loading.gif\" class=\"ggImg ggLazyImg\" alt=\"Sac de filtrare uzat - suprafata ei\" title=\"Sac de filtrare uzat - suprafata ei\" data-description=\"Sac de filtrare uzat - suprafata ei\" data-caption=\"Sac de filtrare uzat - suprafata ei\" data-title=\"Sac de filtrare uzat - suprafata ei\" style=\" width:100px; height:100px;\" \/><\/div><FIGCAPTION class=\"\" data-alpha=\"5\" style=\"color:#ffffff; background-color:#6f0000; font-size:140; text-align:left; font-family:Default;\" ><div class=\"grid-gallery-figcaption-wrap\" style=\" vertical-align:top;\"><\/div><\/FIGCAPTION><\/FIGURE><\/a><a data-attachment-id=\"1263\" id=\"gg-53-264\" class=\"gg-link \" data-attachment-id=\"1263\" href=\"https:\/\/em-tek.hu\/wp-content\/uploads\/2020\/11\/Sac-de-filtru-uzatpe-exterior.jpg?gid=53\" target=\"_self\" title=\"Sac de filtru uzatpe exterior\" data-rel=\"prettyPhoto[pp_gal]\" style=\"border-radius:100%;\" ><FIGURE data-tags=\"\" data-id=\"264\" class=\"grid-gallery-caption\" data-grid-gallery-type=\"quarter-slide-up\" data-index=\"3\" style=\"display:none;border:5px solid #fefefe; border-radius:100%; box-shadow:0px 0px 10px #000000;; margin:7px; width:1000;\" ><div class=\"crop\" style=\" width:1000; height:1000; overflow:hidden;\"><img decoding=\"async\" data-gg-real-image-href=\"https:\/\/em-tek.hu\/wp-content\/uploads\/2020\/11\/Sac-de-filtru-uzatpe-exterior-100x100.jpg\" src=\"https:\/\/em-tek.hu\/wp-content\/plugins\/gallery-by-supsystic\/src\/GridGallery\/Galleries\/assets\/img\/loading.gif\" class=\"ggImg ggLazyImg\" alt=\"Sac de filtru uzatpe exterior\" title=\"Sac de filtru uzatpe exterior\" data-description=\"Sac de filtru uzatpe exterior\" data-caption=\"Sac de filtru uzatpe exterior\" data-title=\"Sac de filtru uzatpe exterior\" style=\" width:100px; height:100px;\" \/><\/div><FIGCAPTION class=\"\" data-alpha=\"5\" style=\"color:#ffffff; background-color:#6f0000; font-size:140; text-align:left; font-family:Default;\" ><div class=\"grid-gallery-figcaption-wrap\" style=\" vertical-align:top;\"><\/div><\/FIGCAPTION><\/FIGURE><\/a> <div class=\"grid-gallery-clearfix\"><\/div> <\/div> <div class=\"gallery-sharing-bottom\" style=\"display:none;\"> <\/div> <div class=\"gallery-sharing-image\" style=\"display:none;\"> <\/div> <div class=\"gallery-sharing-popup\" style=\"display:none;\"> <\/div> <div class=\"grid-gallery-clearfix\"><\/div> <\/div> <!-- Gallery by Supsystic plugin1.15.31 \/2.9.16 --> <style> <\/style><a title=\"\" style=\"display:none;\" href=\"https:\/\/supsystic.com\/plugins\/photo-gallery\/?utm_medium=love_link\" target=\"_blank\"><\/a>\n<h2>Consultanta<\/h2>\n<p>Colegii no\u0219tri, cu mul\u021bi ani de experien\u021b\u0103 profesional\u0103, sunt la dispozi\u021bia clien\u021bilor no\u0219tri \u00een cazul oric\u0103ror \u00eentreb\u0103ri privind filtrarea industrial\u0103 a prafului \u0219i lichidului. Dac\u0103 este necesar, \u00eei ajut\u0103m pe clien\u021bii no\u0219tri cu evaluarea nevoilor \u0219i sfaturi tehnice cu vizita la fa\u021ba locului sau la sediul partenerilor.<\/p>\n<h2>Test cu praf de indicare<\/h2>\n<p>Cauza scurgerii echipamentului poate fi determinat\u0103 de un test de praf indicare efectuat de echipa noastr\u0103 profesional\u0103 . \u00cen timpul testului, cantitatea necesar\u0103 de pulbere este ad\u0103ugat\u0103 in dispozitiv, cantitate determinata de dimensiunea suprafe\u021bei filtrului, iar apoi cauza scurgerii este determinat\u0103 pe partea curat\u0103 cu ajutorul unei l\u0103mpi UV.<\/p>\n<style> #grid-gallery-52-81060 .grid-gallery-caption[data-grid-gallery-type=\"show-on-hover\"]:hover figcaption, #grid-gallery-52-81060 .grid-gallery-caption[data-grid-gallery-type=\"show-on-hover\"].hovered figcaption, #grid-gallery-52-81060 .grid-gallery-caption[data-grid-gallery-type=\"show-on-hover\"]:active figcaption { background-color:rgba(111,0,0,0.5) !important; } <\/style> <div id=\"grid-gallery-52-81060\" data-gg-id=\"52\" data-title=\"Testare cu praf de indicare\" data-grid-type=\"0\" data-offset=\"7\" data-area-position=\"center\" data-icons=\"false\" data-preloader=\"true\" data-width=\"100\" data-height=\"100\" data-padding=\"0\" data-quicksand=\"disabled\" data-quicksand-duration=\"none\" data-popup-theme=\"theme_6\" data-popup-type=\"pretty-photo\" data-popup-image-text=\"data-description\" data-popup-widthsize=\"auto\" data-popup-heightsize=\"auto\" data-popup-i18n-words=\"{&quot;close&quot;:&quot;close&quot;,&quot;next&quot;:&quot;next&quot;,&quot;previous&quot;:&quot;previous&quot;,&quot;start_slideshow&quot;:&quot;start slideshow&quot;,&quot;stop_slideshow&quot;:&quot;stop slideshow&quot;,&quot;image&quot;:&quot;image&quot;,&quot;of&quot;:&quot;of&quot;,&quot;prev&quot;:&quot;prev&quot;,&quot;cExpand&quot;:&quot;Expand&quot;,&quot;cPrevious&quot;:&quot;Previous&quot;,&quot;cNext&quot;:&quot;Next&quot;,&quot;cExpandStr&quot;:&quot;Expand the image&quot;,&quot;cRotate&quot;:&quot;Rotate&quot;,&quot;cDetails&quot;:&quot;Details&quot;}\" data-popup-slideshow=\"false\" data-popup-slideshow-speed=\"2500\" data-popup-hoverstop=\"true\" data-popup-slideshow-auto=\"false\" data-popup-background=\"\" data-popup-transparency=\"30\" data-popup-disable-history=\"\" data-popup-disable-changed-url=\"\" data-popup-border-type=\"solid\" data-popup-border-color=\"\" data-popup-border-width=\"\" data-popup-border-enable=\"\" data-fullscreen=\"false\" data-hide-tooltip=\"false\" data-caption-font-family=\"Default\" data-caption-text-size=\"140\" data-is-mobile=\"0\" data-caption-mobile=\"false\" data-hide-long-tltp-title=\"0\" data-caption-disabled-on-mobile=\"false\" data-lazyload-enable='1' data-lazyload-effect=\"show\" data-lazyload-effect-duration=\"400\" data-popup-placement-type=\"0\" data-social-sharing=\"{&quot;enabled&quot;:&quot;&quot;,&quot;gallerySharing&quot;:{&quot;enabled&quot;:null,&quot;position&quot;:null},&quot;imageSharing&quot;:{&quot;enabled&quot;:null,&quot;wrapperClass&quot;:&quot; vertical &quot;},&quot;popupSharing&quot;:{&quot;enabled&quot;:null,&quot;wrapperClass&quot;:&quot; vertical &quot;}}\" class=\"grid-gallery grid-gallery-fixed \" style=\" width:100%; height:auto; margin-left:auto; margin-right:auto;position:relative;\" data-popup-video=\"null\" data-popup-disable-source-image-for-linked-img=\"0\" data-popup-enable-download-photos-button=\"0\" data-thumbnail-size=\"150x150\"> <div class=\"gallery-loading\"> <div class=\"la-\" style=\"color:#0073AA\"> <div><\/div> <div><\/div> <\/div> <\/div> <div class=\"gallery-sharing-top\" style=\"display:none;\"> <\/div> <div id=\"photos-52\" class=\"grid-gallery-photos\"><a data-attachment-id=\"1260\" id=\"gg-52-258\" class=\"gg-link \" data-attachment-id=\"1260\" href=\"https:\/\/em-tek.hu\/wp-content\/uploads\/2020\/11\/Testare-cu-praf-de-indicare-defecte.jpg?gid=52\" target=\"_self\" title=\"_Testare cu praf de indicare- defecte\" data-rel=\"prettyPhoto[pp_gal]\" style=\"border-radius:100%;\" ><FIGURE data-tags=\"\" data-id=\"258\" class=\"grid-gallery-caption\" data-grid-gallery-type=\"quarter-slide-up\" data-index=\"0\" style=\"display:none;border:5px solid #fefefe; border-radius:100%; box-shadow:0px 0px 10px #000000;; margin:7px; width:1000;\" ><div class=\"crop\" style=\" width:1000; height:1000; overflow:hidden;\"><img decoding=\"async\" data-gg-real-image-href=\"https:\/\/em-tek.hu\/wp-content\/uploads\/2020\/11\/Testare-cu-praf-de-indicare-defecte-100x100.jpg\" src=\"https:\/\/em-tek.hu\/wp-content\/plugins\/gallery-by-supsystic\/src\/GridGallery\/Galleries\/assets\/img\/loading.gif\" class=\"ggImg ggLazyImg\" alt=\"_Testare cu praf de indicare- defecte\" title=\"_Testare cu praf de indicare- defecte\" data-description=\"_Testare cu praf de indicare- defecte\" data-caption=\"_Testare cu praf de indicare- defecte\" data-title=\"_Testare cu praf de indicare- defecte\" style=\" width:100px; height:100px;\" \/><\/div><FIGCAPTION class=\"\" data-alpha=\"5\" style=\"color:#ffffff; background-color:#6f0000; font-size:140; text-align:left; font-family:Default;\" ><div class=\"grid-gallery-figcaption-wrap\" style=\" vertical-align:top;\"><\/div><\/FIGCAPTION><\/FIGURE><\/a><a data-attachment-id=\"1257\" id=\"gg-52-259\" class=\"gg-link \" data-attachment-id=\"1257\" href=\"https:\/\/em-tek.hu\/wp-content\/uploads\/2020\/11\/Testare-cu-praf-de-indicare-inainte.jpg?gid=52\" target=\"_self\" title=\"Testare cu praf de indicare- inainte\" data-rel=\"prettyPhoto[pp_gal]\" style=\"border-radius:100%;\" ><FIGURE data-tags=\"\" data-id=\"259\" class=\"grid-gallery-caption\" data-grid-gallery-type=\"quarter-slide-up\" data-index=\"1\" style=\"display:none;border:5px solid #fefefe; border-radius:100%; box-shadow:0px 0px 10px #000000;; margin:7px; width:1000;\" ><div class=\"crop\" style=\" width:1000; height:1000; overflow:hidden;\"><img decoding=\"async\" data-gg-real-image-href=\"https:\/\/em-tek.hu\/wp-content\/uploads\/2020\/11\/Testare-cu-praf-de-indicare-inainte-100x100.jpg\" src=\"https:\/\/em-tek.hu\/wp-content\/plugins\/gallery-by-supsystic\/src\/GridGallery\/Galleries\/assets\/img\/loading.gif\" class=\"ggImg ggLazyImg\" alt=\"Testare cu praf de indicare- inainte\" title=\"Testare cu praf de indicare- inainte\" data-description=\"Testare cu praf de indicare- inainte\" data-caption=\"Testare cu praf de indicare- inainte\" data-title=\"Testare cu praf de indicare- inainte\" style=\" width:100px; height:100px;\" \/><\/div><FIGCAPTION class=\"\" data-alpha=\"5\" style=\"color:#ffffff; background-color:#6f0000; font-size:140; text-align:left; font-family:Default;\" ><div class=\"grid-gallery-figcaption-wrap\" style=\" vertical-align:top;\"><\/div><\/FIGCAPTION><\/FIGURE><\/a><a data-attachment-id=\"1254\" id=\"gg-52-260\" class=\"gg-link \" data-attachment-id=\"1254\" href=\"https:\/\/em-tek.hu\/wp-content\/uploads\/2020\/11\/Testare-cu-praf-de-indicare-dupa.jpg?gid=52\" target=\"_self\" title=\"Testare cu praf de indicare- dupa\" data-rel=\"prettyPhoto[pp_gal]\" style=\"border-radius:100%;\" ><FIGURE data-tags=\"\" data-id=\"260\" class=\"grid-gallery-caption\" data-grid-gallery-type=\"quarter-slide-up\" data-index=\"2\" style=\"display:none;border:5px solid #fefefe; border-radius:100%; box-shadow:0px 0px 10px #000000;; margin:7px; width:1000;\" ><div class=\"crop\" style=\" width:1000; height:1000; overflow:hidden;\"><img decoding=\"async\" data-gg-real-image-href=\"https:\/\/em-tek.hu\/wp-content\/uploads\/2020\/11\/Testare-cu-praf-de-indicare-dupa-100x100.jpg\" src=\"https:\/\/em-tek.hu\/wp-content\/plugins\/gallery-by-supsystic\/src\/GridGallery\/Galleries\/assets\/img\/loading.gif\" class=\"ggImg ggLazyImg\" alt=\"Testare cu praf de indicare- dupa\" title=\"Testare cu praf de indicare- dupa\" data-description=\"Testare cu praf de indicare- dupa\" data-caption=\"Testare cu praf de indicare- dupa\" data-title=\"Testare cu praf de indicare- dupa\" style=\" width:100px; height:100px;\" \/><\/div><FIGCAPTION class=\"\" data-alpha=\"5\" style=\"color:#ffffff; background-color:#6f0000; font-size:140; text-align:left; font-family:Default;\" ><div class=\"grid-gallery-figcaption-wrap\" style=\" vertical-align:top;\"><\/div><\/FIGCAPTION><\/FIGURE><\/a> <div class=\"grid-gallery-clearfix\"><\/div> <\/div> <div class=\"gallery-sharing-bottom\" style=\"display:none;\"> <\/div> <div class=\"gallery-sharing-image\" style=\"display:none;\"> <\/div> <div class=\"gallery-sharing-popup\" style=\"display:none;\"> <\/div> <div class=\"grid-gallery-clearfix\"><\/div> <\/div> <!-- Gallery by Supsystic plugin1.15.31 \/2.9.16 --> <style> <\/style><a title=\"\" style=\"display:none;\" href=\"https:\/\/supsystic.com\/plugins\/photo-gallery\/?utm_medium=love_link\" target=\"_blank\"><\/a>\n<h2>Intretinere, Montaj si montare<\/h2>\n<p>Pute\u021bi g\u0103si detalii legate de \u00eentre\u021binere \u0219i instalare pe site-ul companiei noastre partenere, <a href=\"https:\/\/filtrade.hu\/\">filtrade.hu<\/a>.<\/p>\n<h2><span style=\"font-weight: 400;\">Inspec\u021bia \u0219i repararea ventilatoarelor Reitz<\/span><\/h2>\n<p>[\/vc_column_text][\/vc_column][\/vc_row]<\/p>\n","protected":false},"excerpt":{"rendered":"<p>[vc_row][vc_column][vc_column_text] Analiza de laborator Sacii filtranti uzati sunt analizate, examinare, evaluarea st\u0103rii generale, preg\u0103tirea raportului de laborator cu fotografii microscopice. Explorarea cauzelor posibile ale problemei indicate de client, o propunere de rezolvare a problemei se realizeaza \u00een propriul nostru laborator . Consultanta Colegii no\u0219tri, cu mul\u021bi ani de experien\u021b\u0103 profesional\u0103, sunt la dispozi\u021bia clien\u021bilor no\u0219tri [&hellip;]<\/p>\n","protected":false},"author":1,"featured_media":0,"parent":0,"menu_order":0,"comment_status":"closed","ping_status":"closed","template":"","meta":{"_acf_changed":false,"footnotes":""},"class_list":["post-703","page","type-page","status-publish","hentry"],"acf":[],"_links":{"self":[{"href":"https:\/\/em-tek.hu\/ro\/wp-json\/wp\/v2\/pages\/703","targetHints":{"allow":["GET"]}}],"collection":[{"href":"https:\/\/em-tek.hu\/ro\/wp-json\/wp\/v2\/pages"}],"about":[{"href":"https:\/\/em-tek.hu\/ro\/wp-json\/wp\/v2\/types\/page"}],"author":[{"embeddable":true,"href":"https:\/\/em-tek.hu\/ro\/wp-json\/wp\/v2\/users\/1"}],"replies":[{"embeddable":true,"href":"https:\/\/em-tek.hu\/ro\/wp-json\/wp\/v2\/comments?post=703"}],"version-history":[{"count":6,"href":"https:\/\/em-tek.hu\/ro\/wp-json\/wp\/v2\/pages\/703\/revisions"}],"predecessor-version":[{"id":2422,"href":"https:\/\/em-tek.hu\/ro\/wp-json\/wp\/v2\/pages\/703\/revisions\/2422"}],"wp:attachment":[{"href":"https:\/\/em-tek.hu\/ro\/wp-json\/wp\/v2\/media?parent=703"}],"curies":[{"name":"wp","href":"https:\/\/api.w.org\/{rel}","templated":true}]}}