{"id":712,"date":"2020-11-20T13:41:45","date_gmt":"2020-11-20T13:41:45","guid":{"rendered":"https:\/\/em-tek.hu\/?page_id=712"},"modified":"2024-04-26T09:03:02","modified_gmt":"2024-04-26T09:03:02","slug":"reprezentante","status":"publish","type":"page","link":"https:\/\/em-tek.hu\/ro\/reprezentante\/","title":{"rendered":"Reprezentante"},"content":{"rendered":"<p>[vc_row][vc_column width=&#8221;1\/4&#8243;][\/vc_column][vc_column width=&#8221;1\/2&#8243;][vc_column_text]<\/p>\n<h2 style=\"text-align: center;\"><span style=\"font-weight: 400;\">Ungaria<\/span><\/h2>\n<p><span style=\"font-weight: 400;\"><strong><span style=\"font-size: 16pt;\">EM-TEK Ipari \u00e9s Kereskedelmi Kft.<\/span><br \/>\n<\/strong><\/span><span style=\"font-weight: 400;\">Adresa: <\/span>9027 Gy\u0151r K\u0151risfa utca 14.<br \/>\n<strong>Telefon:\u00a0<\/strong><a href=\"tel:003696543794\">+36-96\/543-794<\/a><br \/>\n<strong>E-mail:<\/strong>\u00a0<a href=\"mailto:info@em-tek.hu\">info@em-tek.hu<\/a>[\/vc_column_text][vc_column_text]<iframe loading=\"lazy\" style=\"border: 0;\" src=\"https:\/\/www.google.com\/maps\/embed?pb=!1m18!1m12!1m3!1d2686.375533167855!2d17.701363212186397!3d47.67712647107623!2m3!1f0!2f0!3f0!3m2!1i1024!2i768!4f13.1!3m3!1m2!1s0x476bbf419167dfab%3A0xcf101a869fe8625d!2zR3nFkXIsIEvFkXJpc2ZhIHUuIDE0LCA5MDI3!5e0!3m2!1shu!2shu!4v1714121315439!5m2!1shu!2shu\" width=\"400\" height=\"300\" allowfullscreen=\"allowfullscreen\"><\/iframe>[\/vc_column_text][\/vc_column][vc_column width=&#8221;1\/4&#8243;][\/vc_column][\/vc_row]<\/p>\n","protected":false},"excerpt":{"rendered":"<p>[vc_row][vc_column width=&#8221;1\/4&#8243;][\/vc_column][vc_column width=&#8221;1\/2&#8243;][vc_column_text] Ungaria EM-TEK Ipari \u00e9s Kereskedelmi Kft. Adresa: 9027 Gy\u0151r K\u0151risfa utca 14. Telefon:\u00a0+36-96\/543-794 E-mail:\u00a0info@em-tek.hu[\/vc_column_text][vc_column_text][\/vc_column_text][\/vc_column][vc_column width=&#8221;1\/4&#8243;][\/vc_column][\/vc_row]<\/p>\n","protected":false},"author":1,"featured_media":0,"parent":0,"menu_order":0,"comment_status":"closed","ping_status":"closed","template":"","meta":{"_acf_changed":false,"footnotes":""},"class_list":["post-712","page","type-page","status-publish","hentry"],"acf":[],"_links":{"self":[{"href":"https:\/\/em-tek.hu\/ro\/wp-json\/wp\/v2\/pages\/712","targetHints":{"allow":["GET"]}}],"collection":[{"href":"https:\/\/em-tek.hu\/ro\/wp-json\/wp\/v2\/pages"}],"about":[{"href":"https:\/\/em-tek.hu\/ro\/wp-json\/wp\/v2\/types\/page"}],"author":[{"embeddable":true,"href":"https:\/\/em-tek.hu\/ro\/wp-json\/wp\/v2\/users\/1"}],"replies":[{"embeddable":true,"href":"https:\/\/em-tek.hu\/ro\/wp-json\/wp\/v2\/comments?post=712"}],"version-history":[{"count":5,"href":"https:\/\/em-tek.hu\/ro\/wp-json\/wp\/v2\/pages\/712\/revisions"}],"predecessor-version":[{"id":2336,"href":"https:\/\/em-tek.hu\/ro\/wp-json\/wp\/v2\/pages\/712\/revisions\/2336"}],"wp:attachment":[{"href":"https:\/\/em-tek.hu\/ro\/wp-json\/wp\/v2\/media?parent=712"}],"curies":[{"name":"wp","href":"https:\/\/api.w.org\/{rel}","templated":true}]}}