{"id":746,"date":"2020-10-12T10:28:27","date_gmt":"2020-10-12T10:28:27","guid":{"rendered":"https:\/\/em-tek.hu\/?page_id=746"},"modified":"2024-08-11T10:19:17","modified_gmt":"2024-08-11T08:19:17","slug":"impresszum","status":"publish","type":"page","link":"https:\/\/em-tek.hu\/ro\/impresszum\/","title":{"rendered":"Impresszum"},"content":{"rendered":"<p>[vc_row][vc_column][vc_column_text]<strong>1) Managerul de date responsabil pentru con\u021binutul site-ului web sau al interfe\u021bei de social media disponibil la adresa de internet pe care o vizualiza\u021bi &#8211; colectiv \u00een continuare: site &#8211; \u0219i proprietarul domeniului \u0219i al site-ului:<\/strong><\/p>\n<p><span id=\"LongName\">EM-TEK Ipari \u00e9s Kereskedelmi Kft.<\/span><\/p>\n<p>AD\u00d3SZ\u00c1M:11125365-2-08<br \/>\nC\u00c9GJEGYZ\u00c9KSZ\u00c1M:08 09 003189<br \/>\nTelephely\u00fcnk:<br \/>\n9027 Gy\u0151r K\u0151risfa utca 14.<br \/>\nA sz\u00e1ml\u00e1z\u00e1si c\u00edm\u00fcnk:<br \/>\n9081 Gy\u0151r\u00fajbar\u00e1t, K\u00e1kost\u00f3 u. 8., Pf.: 11.<\/p>\n<p>Telefon: +36-96\/543-794<br \/>\nE-mail: info@em-tek.hu<\/p>\n<p><strong>2.) Autoritatea care supravegheaz\u0103 gestionarea datelor:<\/strong><\/p>\n<p><strong>Nemzeti Adatv\u00e9delmi \u00e9s Inform\u00e1ci\u00f3szabads\u00e1g Hat\u00f3s\u00e1g<\/strong><br \/>\nSz\u00e9khely: 1125 Budapest, Falk Miksa utca 9-11.<br \/>\nPostac\u00edm: 1363 Budapest, Pf. 9.<br \/>\nTelefon: +36 30 683 5969<br \/>\nFax: +36 1 391 1410<br \/>\nE-mail: ugyfelszolgalat@naih.hu<br \/>\nWebhely: http:\/\/www.naih.hu\/<\/p>\n<p><strong>3.) Furnizor de g\u0103zduire:<\/strong><\/p>\n<p><strong>KTS Online Kft<\/strong><br \/>\nAd\u00f3sz\u00e1m: 29152106-2-08.<br \/>\nC\u00e9gjegyz\u00e9ksz\u00e1m: 08-09-032885<br \/>\nGy\u0151ri T\u00f6rv\u00e9nysz\u00e9k C\u00e9gb\u00edr\u00f3s\u00e1ga nyilv\u00e1ntart\u00e1s\u00e1ban.<br \/>\nStatisztikai sz\u00e1mjel: 29152106-6311-113-08.<br \/>\nK\u00f6z\u00f6ss\u00e9gi ad\u00f3sz\u00e1m: HU29152106.<\/p>\n<p>SZERVERTEREM:\u00a0 1132 Budapest, Victor Hug\u00f3 utca 18-22.<br \/>\nE-MAIL info@kts.hu<\/p>\n<p><strong>4.) \u00cen cazul \u00een care Utilizatorul (consumatorul) locuie\u0219te \u00een Uniunea European\u0103, acesta poate folosi urm\u0103torul instrument online de solu\u021bionare a litigiilor al Comisiei Europene cu privire la reclama\u021bia sa cu privire la serviciu.<\/strong><\/p>\n<p><strong>Platforma online de solu\u021bionare a litigiilor a Comisiei Europene<\/strong><br \/>\nWebhely:\u00a0<a href=\"https:\/\/webgate.ec.europa.eu\/odr\" target=\"_blank\" rel=\"noopener\">https:\/\/webgate.ec.europa.eu\/odr<\/a><\/p>\n<p>Aceast\u0103 platform\u0103 bazat\u0103 pe internet a fost creat\u0103 de UE pentru consumatorii care doresc s\u0103 se pl\u00e2ng\u0103 de produsele sau serviciile pe care le-au cump\u0103rat online \u0219i s\u0103 solicite unei ter\u021be p\u0103r\u021bi neutre (organism de solu\u021bionare a litigiilor) s\u0103 gestioneze reclama\u021bia.<\/p>\n<p>Pute\u021bi g\u0103si mai multe informa\u021bii despre platforma online de solu\u021bionare a litigiilor \u0219i utilizarea acesteia, precum \u0219i despre modul de solu\u021bionare a litigiilor, pe site-ul accesibil folosind link-ul de mai sus.[\/vc_column_text][\/vc_column][\/vc_row]<\/p>\n","protected":false},"excerpt":{"rendered":"<p>[vc_row][vc_column][vc_column_text]1) Managerul de date responsabil pentru con\u021binutul site-ului web sau al interfe\u021bei de social media disponibil la adresa de internet pe care o vizualiza\u021bi &#8211; colectiv \u00een continuare: site &#8211; \u0219i proprietarul domeniului \u0219i al site-ului: EM-TEK Ipari \u00e9s Kereskedelmi Kft. AD\u00d3SZ\u00c1M:11125365-2-08 C\u00c9GJEGYZ\u00c9KSZ\u00c1M:08 09 003189 Telephely\u00fcnk: 9027 Gy\u0151r K\u0151risfa utca 14. A sz\u00e1ml\u00e1z\u00e1si c\u00edm\u00fcnk: 9081 [&hellip;]<\/p>\n","protected":false},"author":1,"featured_media":0,"parent":0,"menu_order":0,"comment_status":"closed","ping_status":"closed","template":"","meta":{"_acf_changed":false,"footnotes":""},"class_list":["post-746","page","type-page","status-publish","hentry"],"acf":[],"_links":{"self":[{"href":"https:\/\/em-tek.hu\/ro\/wp-json\/wp\/v2\/pages\/746","targetHints":{"allow":["GET"]}}],"collection":[{"href":"https:\/\/em-tek.hu\/ro\/wp-json\/wp\/v2\/pages"}],"about":[{"href":"https:\/\/em-tek.hu\/ro\/wp-json\/wp\/v2\/types\/page"}],"author":[{"embeddable":true,"href":"https:\/\/em-tek.hu\/ro\/wp-json\/wp\/v2\/users\/1"}],"replies":[{"embeddable":true,"href":"https:\/\/em-tek.hu\/ro\/wp-json\/wp\/v2\/comments?post=746"}],"version-history":[{"count":5,"href":"https:\/\/em-tek.hu\/ro\/wp-json\/wp\/v2\/pages\/746\/revisions"}],"predecessor-version":[{"id":2805,"href":"https:\/\/em-tek.hu\/ro\/wp-json\/wp\/v2\/pages\/746\/revisions\/2805"}],"wp:attachment":[{"href":"https:\/\/em-tek.hu\/ro\/wp-json\/wp\/v2\/media?parent=746"}],"curies":[{"name":"wp","href":"https:\/\/api.w.org\/{rel}","templated":true}]}}